{"id":7219,"date":"2022-01-31T21:09:02","date_gmt":"2022-01-31T21:09:02","guid":{"rendered":"https:\/\/www.7seasonsapartments.com\/budapes_entdecken\/basic_facts"},"modified":"2023-08-15T12:40:38","modified_gmt":"2023-08-15T12:40:38","slug":"grundfakten","status":"publish","type":"page","link":"https:\/\/www.7seasonsapartments.com\/de\/budapest_entdecken\/grundfakten","title":{"rendered":"Grundfakten"},"content":{"rendered":"<p>Ungarn ist ein relativ kleines, mitteleurop\u00e4isches Land mit einer sehr reichen Kultur und spannenden Geschichte. Die ungarische Sprache selbst ist sehr interessant, da sie sich im Gegensatz zu anderen Sprachen in Europa von allen Sprachen der Nachbarl\u00e4nder unterscheidet, was es f\u00fcr Ausl\u00e4nder fast unm\u00f6glich macht, etwas davon zu verstehen. Geografisch gesehen ist das Land sehr einheitlich, wir haben keine Berge und kein Meer, daf\u00fcr aber jede Menge Thermalwasser im ganzen Land, in fast jeder gr\u00f6\u00dferen Stadt gibt es Thermalb\u00e4der, die bei den Einheimischen sehr beliebt sind. Der Plattensee befindet sich im westlichen Teil des Landes, er ist der gr\u00f6\u00dfte See in Mitteleuropa und mit den angrenzenden Gebieten auch bei Touristen sehr beliebt.<\/p>\n<p>&nbsp;<\/p>\n<p>Die Ungarn sind typischerweise warmherzige, gastfreundliche Menschen, die bei Tisch viel schreien, fluchen und lachen und Sie nicht gehen lassen, ohne viel mehr zu essen und zu trinken, als Sie vorhatten. Die Gastronomie ist f\u00fcr uns alle sehr wichtig, und in unseren Familien werden die Geheimrezepte der traditionellsten Gerichte weitergegeben. Paprika ist ein fester Bestandteil unserer K\u00fcche und P\u00e1linka (unser Nationalgetr\u00e4nk) dient als Zahlungsmittel.<\/p>\n<p>&nbsp;<\/p>\n<p>Budapest, unsere Hauptstadt, ist eine vertr\u00e4umte Stadt, sch\u00f6n und frisch, teilt den Raum zwischen dem Alten und dem Monumentalen, historischen Geb\u00e4uden, atemberaubenden Aussichten, unterirdischen Bars, kunstvollen Gesch\u00e4ften, High-Fashion-Boutiquen, billigen Vintage-Tr\u00f6dell\u00e4den, lauten und lebhaften Barstra\u00dfen mit jungen Universit\u00e4tsstudenten und ruhigen, geheimen G\u00e4rten, in denen die alten Leute jeden Nachmittag Schach spielen. Es ist eine Schatztruhe, in der es viele Dinge zu entdecken gibt. Wir k\u00f6nnen Sie nur ermutigen, uns zu besuchen und sich in unsere magische Heimat zu verlieben!<\/p>\n<p>&nbsp;<\/p>\n<p><strong>Reise-Informationen<\/strong><\/p>\n<p>Budapest ist die Hauptstadt Ungarns und hat fast 2.000.000 Einwohner. Sie ist nicht nur das Zentrum der Verwaltung, sondern auch von Industrie, Handel, Transport und Verkehr, Bildung, Kultur, Kunst und Sport.<\/p>\n<p>&nbsp;<\/p>\n<p>Die meisten Touristen, die Ungarn besuchen, kommen zuerst nach Budapest, aber auch der Plattensee in Westungarn ist ein sehr beliebtes Ziel.<\/p>\n<p>&nbsp;<\/p>\n<p><strong>Wetter<\/strong><\/p>\n<p>Budapest hat ein gem\u00e4\u00dfigtes kontinentales Klima. Die Jahreszeiten sind in der Regel klar definiert, wobei Juli und August die hei\u00dfesten Monate sind (28-30\u00b0 C, 82-86\u00b0 F) und Dezember und Januar die k\u00e4ltesten, in denen die Temperaturen unter -15\u00b0 C oder nur +5\u00b0 F fallen k\u00f6nnen.<\/p>\n<p>&nbsp;<\/p>\n<p><strong>Zeitzone Budapest<\/strong><\/p>\n<p>Budapest liegt in der Mitteleurop\u00e4ischen Zeitzone. In den Wintermonaten bedeutet dies, dass die Uhren auf GMT + 1 Stunde eingestellt sind, und im Sommer (von M\u00e4rz bis Ende Oktober) auf GMT + 2 Stunden.<\/p>\n<p>&nbsp;<\/p>\n<p><strong>Geographie<\/strong><\/p>\n<p>Der gr\u00f6\u00dftenteils Wohngebiete umfassende Stadtteil Buda macht ein Drittel der Gesamtfl\u00e4che der Stadt aus und erstreckt sich \u00fcber mehr als 20 H\u00fcgel am rechten Ufer der Donau.<\/p>\n<p>&nbsp;<\/p>\n<p>Pest hingegen, auf der linken Uferseite, ist fast vollst\u00e4ndig flach und beherbergt die meisten Regierungsgeb\u00e4ude sowie Handel und Industrie.<\/p>\n<p>&nbsp;<\/p>\n<p><strong>\u00d6ffentliche Feiertage<\/strong><\/p>\n<p>Die drei wichtigsten nationalen Feiertage sind:<\/p>\n<ul>\n<li>M\u00e4rz 15 (Freiheitskampf und Revolution von 1848)<\/li>\n<li>August 20 (St. Stephans Tag)<\/li>\n<li>Oktober 23 (Revolution von 1956)<\/li>\n<\/ul>\n<p>Auch die Ungarn feiern den Tag der Arbeit am 1. Mai, und die wichtigsten religi\u00f6sen Feste und Feiertage werden beobachtet (Neujahr, Ostersonntag und Ostermontag, Pfingsten und Pfingstmontag, Allerheiligen, Weihnachtstag und Zweiter Weihnachtsfeiertag).<\/p>\n<p>&nbsp;<\/p>\n<p><strong>\u00d6ffnungszeiten<\/strong><\/p>\n<p>Lebensmittelgesch\u00e4fte sind von 7 Uhr morgens bis 18 Uhr ge\u00f6ffnet.<\/p>\n<p>Kleidungsgesch\u00e4fte sind von 10 Uhr morgens bis 18 Uhr ge\u00f6ffnet, Montag bis Samstag.<\/p>\n<p>Die meisten Einkaufszentren sind von Montag bis Samstag von 10 Uhr morgens bis 21 Uhr abends ge\u00f6ffnet und sonntags von 10 Uhr morgens bis 18 Uhr.<\/p>\n<p>&nbsp;<\/p>\n<p>B\u00fcrozeiten: Generell von 8 Uhr morgens bis 16 Uhr nachmittags, Montag bis Freitag.<\/p>\n<p>Post\u00e4mter: Montag bis Freitag: 8 Uhr morgens bis 18 Uhr abends, Samstag: 8 Uhr morgens bis 13 Uhr mittags.<\/p>\n<p>Banken: Montag bis Donnerstag: 8 Uhr morgens bis 15 Uhr nachmittags, Freitag: 8 Uhr morgens bis 13 Uhr mittags.<\/p>\n<p>&nbsp;<\/p>\n<p><strong>Weitere Informationen<\/strong><\/p>\n<p>Die elektrische Spannung in Ungarn betr\u00e4gt 230 Volt, und die Stecker sind vom zweipoligen kontinentalen Typ.<\/p>\n<p>&nbsp;<\/p>\n<p>Die internationale Telefonvorwahl f\u00fcr Ungarn lautet 36, und die Vorwahl f\u00fcr Budapest ist 1. Um eine Nummer innerhalb Ungarns anzurufen, w\u00e4hlen Sie zuerst 06, gefolgt von der Vorwahl und der Telefonnummer. Budapester Telefonnummern haben sieben Ziffern, alle anderen Regionen haben sechs Ziffern (jeweils ohne die Vorwahl). Um einen internationalen Anruf aus Ungarn zu t\u00e4tigen, w\u00e4hlen Sie zuerst 00, dann die L\u00e4nderkennzahl, gefolgt von der Vorwahl und der Telefonnummer des Teilnehmers.<\/p>\n<p>&nbsp;<\/p>\n<p>\u00d6ffentliche Telefonzellen akzeptieren entweder M\u00fcnzen (20, 50 und 100 Forint) oder Telefonkarten (erh\u00e4ltlich in Tabakl\u00e4den, Kiosken, Post\u00e4mtern und Tankstellen). Der Nebentarif gilt nachts und an Feiertagen. Um ein (ungarisches) Mobiltelefon anzurufen, w\u00e4hlen Sie zuerst 06, gefolgt von der neunstelligen Nummer des Teilnehmers (beginnend mit 20-, 30- oder 70-, abh\u00e4ngig davon, welcher der drei Mobilfunkanbieter die Nummer herausgegeben hat).<\/p>\n<p>&nbsp;<\/p>\n<p>&nbsp;<\/p>\n<p>&nbsp;<\/p>\n<p>&nbsp;<\/p>\n","protected":false},"excerpt":{"rendered":"<p>Ungarn ist ein relativ kleines, mitteleurop\u00e4isches Land mit einer sehr reichen Kultur und spannenden Geschichte. Die ungarische Sprache selbst ist sehr interessant, da sie sich im Gegensatz zu anderen Sprachen in Europa von allen Sprachen der Nachbarl\u00e4nder unterscheidet, was es f\u00fcr Ausl\u00e4nder fast unm\u00f6glich macht, etwas davon zu verstehen. Geografisch gesehen ist das Land sehr [&hellip;]<\/p>\n","protected":false},"author":10,"featured_media":6247,"parent":7085,"menu_order":0,"comment_status":"closed","ping_status":"closed","template":"","meta":{"_acf_changed":false,"footnotes":""},"class_list":["post-7219","page","type-page","status-publish","has-post-thumbnail","hentry"],"acf":[],"yoast_head":"<!-- This site is optimized with the Yoast SEO plugin v27.4 - https:\/\/yoast.com\/product\/yoast-seo-wordpress\/ -->\n<title>Grundfakten - 7Seasons Apartments<\/title>\n<meta name=\"robots\" content=\"index, follow, max-snippet:-1, max-image-preview:large, max-video-preview:-1\" \/>\n<link rel=\"canonical\" href=\"https:\/\/www.7seasonsapartments.com\/de\/budapest_entdecken\/grundfakten\" \/>\n<meta property=\"og:locale\" content=\"de_DE\" \/>\n<meta property=\"og:type\" content=\"article\" \/>\n<meta property=\"og:title\" content=\"Grundfakten - 7Seasons Apartments\" \/>\n<meta property=\"og:description\" content=\"Ungarn ist ein relativ kleines, mitteleurop\u00e4isches Land mit einer sehr reichen Kultur und spannenden Geschichte. Die ungarische Sprache selbst ist sehr interessant, da sie sich im Gegensatz zu anderen Sprachen in Europa von allen Sprachen der Nachbarl\u00e4nder unterscheidet, was es f\u00fcr Ausl\u00e4nder fast unm\u00f6glich macht, etwas davon zu verstehen. Geografisch gesehen ist das Land sehr [&hellip;]\" \/>\n<meta property=\"og:url\" content=\"https:\/\/www.7seasonsapartments.com\/de\/budapest_entdecken\/grundfakten\" \/>\n<meta property=\"og:site_name\" content=\"7Seasons Apartments\" \/>\n<meta property=\"article:modified_time\" content=\"2023-08-15T12:40:38+00:00\" \/>\n<meta property=\"og:image\" content=\"https:\/\/www.7seasonsapartments.com\/wp-content\/uploads\/2023\/06\/7sa_top_1920_discover_basicfacts.jpg\" \/>\n\t<meta property=\"og:image:width\" content=\"1920\" \/>\n\t<meta property=\"og:image:height\" content=\"824\" \/>\n\t<meta property=\"og:image:type\" content=\"image\/jpeg\" \/>\n<meta name=\"twitter:card\" content=\"summary_large_image\" \/>\n<meta name=\"twitter:label1\" content=\"Est. reading time\" \/>\n\t<meta name=\"twitter:data1\" content=\"4 minutes\" \/>\n<script type=\"application\/ld+json\" class=\"yoast-schema-graph\">{\"@context\":\"https:\\\/\\\/schema.org\",\"@graph\":[{\"@type\":\"WebPage\",\"@id\":\"https:\\\/\\\/www.7seasonsapartments.com\\\/de\\\/budapest_entdecken\\\/grundfakten\",\"url\":\"https:\\\/\\\/www.7seasonsapartments.com\\\/de\\\/budapest_entdecken\\\/grundfakten\",\"name\":\"Grundfakten - 7Seasons Apartments\",\"isPartOf\":{\"@id\":\"https:\\\/\\\/www.7seasonsapartments.com\\\/de#website\"},\"primaryImageOfPage\":{\"@id\":\"https:\\\/\\\/www.7seasonsapartments.com\\\/de\\\/budapest_entdecken\\\/grundfakten#primaryimage\"},\"image\":{\"@id\":\"https:\\\/\\\/www.7seasonsapartments.com\\\/de\\\/budapest_entdecken\\\/grundfakten#primaryimage\"},\"thumbnailUrl\":\"https:\\\/\\\/www.7seasonsapartments.com\\\/wp-content\\\/uploads\\\/2023\\\/06\\\/7sa_top_1920_discover_basicfacts.jpg\",\"datePublished\":\"2022-01-31T21:09:02+00:00\",\"dateModified\":\"2023-08-15T12:40:38+00:00\",\"breadcrumb\":{\"@id\":\"https:\\\/\\\/www.7seasonsapartments.com\\\/de\\\/budapest_entdecken\\\/grundfakten#breadcrumb\"},\"inLanguage\":\"de-DE\",\"potentialAction\":[{\"@type\":\"ReadAction\",\"target\":[\"https:\\\/\\\/www.7seasonsapartments.com\\\/de\\\/budapest_entdecken\\\/grundfakten\"]}]},{\"@type\":\"ImageObject\",\"inLanguage\":\"de-DE\",\"@id\":\"https:\\\/\\\/www.7seasonsapartments.com\\\/de\\\/budapest_entdecken\\\/grundfakten#primaryimage\",\"url\":\"https:\\\/\\\/www.7seasonsapartments.com\\\/wp-content\\\/uploads\\\/2023\\\/06\\\/7sa_top_1920_discover_basicfacts.jpg\",\"contentUrl\":\"https:\\\/\\\/www.7seasonsapartments.com\\\/wp-content\\\/uploads\\\/2023\\\/06\\\/7sa_top_1920_discover_basicfacts.jpg\",\"width\":1920,\"height\":824},{\"@type\":\"BreadcrumbList\",\"@id\":\"https:\\\/\\\/www.7seasonsapartments.com\\\/de\\\/budapest_entdecken\\\/grundfakten#breadcrumb\",\"itemListElement\":[{\"@type\":\"ListItem\",\"position\":1,\"name\":\"Home\",\"item\":\"https:\\\/\\\/www.7seasonsapartments.com\\\/de\\\/startseite\"},{\"@type\":\"ListItem\",\"position\":2,\"name\":\"Budapest Entdecken\",\"item\":\"https:\\\/\\\/www.7seasonsapartments.com\\\/de\\\/budapest_entdecken\"},{\"@type\":\"ListItem\",\"position\":3,\"name\":\"Grundfakten\"}]},{\"@type\":\"WebSite\",\"@id\":\"https:\\\/\\\/www.7seasonsapartments.com\\\/de#website\",\"url\":\"https:\\\/\\\/www.7seasonsapartments.com\\\/de\",\"name\":\"7Seasons Apartments\",\"description\":\"...egy \u00fajabb WordPress honlap...\",\"potentialAction\":[{\"@type\":\"SearchAction\",\"target\":{\"@type\":\"EntryPoint\",\"urlTemplate\":\"https:\\\/\\\/www.7seasonsapartments.com\\\/de?s={search_term_string}\"},\"query-input\":{\"@type\":\"PropertyValueSpecification\",\"valueRequired\":true,\"valueName\":\"search_term_string\"}}],\"inLanguage\":\"de-DE\"}]}<\/script>\n<!-- \/ Yoast SEO plugin. -->","yoast_head_json":{"title":"Grundfakten - 7Seasons Apartments","robots":{"index":"index","follow":"follow","max-snippet":"max-snippet:-1","max-image-preview":"max-image-preview:large","max-video-preview":"max-video-preview:-1"},"canonical":"https:\/\/www.7seasonsapartments.com\/de\/budapest_entdecken\/grundfakten","og_locale":"de_DE","og_type":"article","og_title":"Grundfakten - 7Seasons Apartments","og_description":"Ungarn ist ein relativ kleines, mitteleurop\u00e4isches Land mit einer sehr reichen Kultur und spannenden Geschichte. Die ungarische Sprache selbst ist sehr interessant, da sie sich im Gegensatz zu anderen Sprachen in Europa von allen Sprachen der Nachbarl\u00e4nder unterscheidet, was es f\u00fcr Ausl\u00e4nder fast unm\u00f6glich macht, etwas davon zu verstehen. Geografisch gesehen ist das Land sehr [&hellip;]","og_url":"https:\/\/www.7seasonsapartments.com\/de\/budapest_entdecken\/grundfakten","og_site_name":"7Seasons Apartments","article_modified_time":"2023-08-15T12:40:38+00:00","og_image":[{"width":1920,"height":824,"url":"https:\/\/www.7seasonsapartments.com\/wp-content\/uploads\/2023\/06\/7sa_top_1920_discover_basicfacts.jpg","type":"image\/jpeg"}],"twitter_card":"summary_large_image","twitter_misc":{"Est. reading time":"4 minutes"},"schema":{"@context":"https:\/\/schema.org","@graph":[{"@type":"WebPage","@id":"https:\/\/www.7seasonsapartments.com\/de\/budapest_entdecken\/grundfakten","url":"https:\/\/www.7seasonsapartments.com\/de\/budapest_entdecken\/grundfakten","name":"Grundfakten - 7Seasons Apartments","isPartOf":{"@id":"https:\/\/www.7seasonsapartments.com\/de#website"},"primaryImageOfPage":{"@id":"https:\/\/www.7seasonsapartments.com\/de\/budapest_entdecken\/grundfakten#primaryimage"},"image":{"@id":"https:\/\/www.7seasonsapartments.com\/de\/budapest_entdecken\/grundfakten#primaryimage"},"thumbnailUrl":"https:\/\/www.7seasonsapartments.com\/wp-content\/uploads\/2023\/06\/7sa_top_1920_discover_basicfacts.jpg","datePublished":"2022-01-31T21:09:02+00:00","dateModified":"2023-08-15T12:40:38+00:00","breadcrumb":{"@id":"https:\/\/www.7seasonsapartments.com\/de\/budapest_entdecken\/grundfakten#breadcrumb"},"inLanguage":"de-DE","potentialAction":[{"@type":"ReadAction","target":["https:\/\/www.7seasonsapartments.com\/de\/budapest_entdecken\/grundfakten"]}]},{"@type":"ImageObject","inLanguage":"de-DE","@id":"https:\/\/www.7seasonsapartments.com\/de\/budapest_entdecken\/grundfakten#primaryimage","url":"https:\/\/www.7seasonsapartments.com\/wp-content\/uploads\/2023\/06\/7sa_top_1920_discover_basicfacts.jpg","contentUrl":"https:\/\/www.7seasonsapartments.com\/wp-content\/uploads\/2023\/06\/7sa_top_1920_discover_basicfacts.jpg","width":1920,"height":824},{"@type":"BreadcrumbList","@id":"https:\/\/www.7seasonsapartments.com\/de\/budapest_entdecken\/grundfakten#breadcrumb","itemListElement":[{"@type":"ListItem","position":1,"name":"Home","item":"https:\/\/www.7seasonsapartments.com\/de\/startseite"},{"@type":"ListItem","position":2,"name":"Budapest Entdecken","item":"https:\/\/www.7seasonsapartments.com\/de\/budapest_entdecken"},{"@type":"ListItem","position":3,"name":"Grundfakten"}]},{"@type":"WebSite","@id":"https:\/\/www.7seasonsapartments.com\/de#website","url":"https:\/\/www.7seasonsapartments.com\/de","name":"7Seasons Apartments","description":"...egy \u00fajabb WordPress honlap...","potentialAction":[{"@type":"SearchAction","target":{"@type":"EntryPoint","urlTemplate":"https:\/\/www.7seasonsapartments.com\/de?s={search_term_string}"},"query-input":{"@type":"PropertyValueSpecification","valueRequired":true,"valueName":"search_term_string"}}],"inLanguage":"de-DE"}]}},"_links":{"self":[{"href":"https:\/\/www.7seasonsapartments.com\/de\/wp-json\/wp\/v2\/pages\/7219","targetHints":{"allow":["GET"]}}],"collection":[{"href":"https:\/\/www.7seasonsapartments.com\/de\/wp-json\/wp\/v2\/pages"}],"about":[{"href":"https:\/\/www.7seasonsapartments.com\/de\/wp-json\/wp\/v2\/types\/page"}],"author":[{"embeddable":true,"href":"https:\/\/www.7seasonsapartments.com\/de\/wp-json\/wp\/v2\/users\/10"}],"replies":[{"embeddable":true,"href":"https:\/\/www.7seasonsapartments.com\/de\/wp-json\/wp\/v2\/comments?post=7219"}],"version-history":[{"count":5,"href":"https:\/\/www.7seasonsapartments.com\/de\/wp-json\/wp\/v2\/pages\/7219\/revisions"}],"predecessor-version":[{"id":7225,"href":"https:\/\/www.7seasonsapartments.com\/de\/wp-json\/wp\/v2\/pages\/7219\/revisions\/7225"}],"up":[{"embeddable":true,"href":"https:\/\/www.7seasonsapartments.com\/de\/wp-json\/wp\/v2\/pages\/7085"}],"wp:featuredmedia":[{"embeddable":true,"href":"https:\/\/www.7seasonsapartments.com\/de\/wp-json\/wp\/v2\/media\/6247"}],"wp:attachment":[{"href":"https:\/\/www.7seasonsapartments.com\/de\/wp-json\/wp\/v2\/media?parent=7219"}],"curies":[{"name":"wp","href":"https:\/\/api.w.org\/{rel}","templated":true}]}}