{"id":7226,"date":"2022-02-01T10:46:06","date_gmt":"2022-02-01T10:46:06","guid":{"rendered":"https:\/\/www.7seasonsapartments.com\/budapes_entdecken\/history-of-hungary"},"modified":"2023-08-15T13:23:53","modified_gmt":"2023-08-15T13:23:53","slug":"geschichte-ungarns","status":"publish","type":"page","link":"https:\/\/www.7seasonsapartments.com\/de\/budapest_entdecken\/geschichte-ungarns","title":{"rendered":"Geschichte Ungarns"},"content":{"rendered":"<p>Die Magyaren werden vermutet, urspr\u00fcnglich aus dem fernen Sibirien zu stammen und sind migriert, um ihre Heimat zu finden, und kamen in die Region des Karpatenbeckens. Die Geschichte Ungarns, wie wir sie kennen, begann im Jahr 1000, nachdem alle ungarischen St\u00e4mme vereint waren und der erste christliche K\u00f6nig Ungarns, Istv\u00e1n I., gekr\u00f6nt wurde. Im Verlauf der folgenden 1000 Jahre Geschichte eroberte und verlor Ungarn Gebiete \u00fcber die H\u00e4lfte Europas, bedeutende Kaiser wie K\u00e1lm\u00e1n K\u00f6nyves, B\u00e9la III., B\u00e9la IV., Nagy Lajos, M\u00e1ty\u00e1s Hunyadi, bauten das Land trotz manchmal schwieriger Zeiten aus und verbesserten es, zum Beispiel durch die Invasionen der Mongolen und Osmanen.<\/p>\n<p>&nbsp;<\/p>\n<p>Mit der Invasion der Osmanen und der Bildung des Osmanischen Reiches begann eine lange Periode der fremden und dann gemeinsamen Herrschaft \u00fcber das Land. \u00d6sterreich und Russland gewannen politische Macht \u00fcber das Land, und dann im Jahr 1867 wurde die \u00d6sterreichisch-Ungarische Monarchie gegr\u00fcndet. Das Land bl\u00fchte auf, die Nebenhauptstadt neben Wien, Budapest, wurde durch die Vereinigung der drei St\u00e4dte Buda, \u00d3buda und Pest gegr\u00fcndet. Der Bau des Parlaments begann, die Metrolinie 1, eines der weltweit ersten U-Bahnsysteme, wurde gebaut, eine \u00c4ra der Verbesserung und industriellen Bl\u00fcte war im Gange. Bis&#8230;<\/p>\n<p>&nbsp;<\/p>\n<div class=\"flex flex-grow flex-col gap-3\">\n<div class=\"min-h-[20px] flex flex-col items-start gap-3 overflow-x-auto whitespace-pre-wrap break-words\">\n<div class=\"markdown prose w-full break-words dark:prose-invert light\">\n<p>Im Jahr 1914 begann der Erste Weltkrieg, in dem sich Ungarn mit Deutschland verb\u00fcndete. Nach der Niederlage wurde die \u00f6sterreichisch-ungarische Partnerschaft aufgel\u00f6st, und Ungarn verlor \u00fcber 70% seines Territoriums im Vertrag von Trianon im Jahr 1920.<\/p>\n<\/div>\n<\/div>\n<\/div>\n<p>&nbsp;<\/p>\n<p>Im Jahr 1939 verb\u00fcndete sich Ungarn erneut mit Deutschland im Zweiten Weltkrieg und erlitt erneut eine Niederlage. Es verlor eine schreckliche Anzahl seiner j\u00fcdischen Bev\u00f6lkerung und erlitt einen gro\u00dfen wirtschaftlichen R\u00fcckschlag. Im Jahr 1949 wurde die Ungarische Volksrepublik als Teil der Sowjetunion gegr\u00fcndet, in der sie bis zum Fall des Kommunismus und der R\u00fcckkehr zur Demokratie im Jahr 1989 verblieb. Ungarn wurde eine demokratische Republik und trat sp\u00e4ter der NATO und der Europ\u00e4ischen Union bei und entwickelte sich in den letzten 20 Jahren unglaublich schnell weiter.<\/p>\n<p>&nbsp;<\/p>\n","protected":false},"excerpt":{"rendered":"<p>Die Magyaren werden vermutet, urspr\u00fcnglich aus dem fernen Sibirien zu stammen und sind migriert, um ihre Heimat zu finden, und kamen in die Region des Karpatenbeckens. Die Geschichte Ungarns, wie wir sie kennen, begann im Jahr 1000, nachdem alle ungarischen St\u00e4mme vereint waren und der erste christliche K\u00f6nig Ungarns, Istv\u00e1n I., gekr\u00f6nt wurde. Im Verlauf [&hellip;]<\/p>\n","protected":false},"author":10,"featured_media":6219,"parent":7085,"menu_order":0,"comment_status":"open","ping_status":"open","template":"","meta":{"_acf_changed":false,"footnotes":""},"class_list":["post-7226","page","type-page","status-publish","has-post-thumbnail","hentry"],"acf":[],"yoast_head":"<!-- This site is optimized with the Yoast SEO plugin v27.4 - https:\/\/yoast.com\/product\/yoast-seo-wordpress\/ -->\n<title>Geschichte Ungarns - 7Seasons Apartments<\/title>\n<meta name=\"robots\" content=\"index, follow, max-snippet:-1, max-image-preview:large, max-video-preview:-1\" \/>\n<link rel=\"canonical\" href=\"https:\/\/www.7seasonsapartments.com\/de\/budapest_entdecken\/geschichte-ungarns\" \/>\n<meta property=\"og:locale\" content=\"de_DE\" \/>\n<meta property=\"og:type\" content=\"article\" \/>\n<meta property=\"og:title\" content=\"Geschichte Ungarns - 7Seasons Apartments\" \/>\n<meta property=\"og:description\" content=\"Die Magyaren werden vermutet, urspr\u00fcnglich aus dem fernen Sibirien zu stammen und sind migriert, um ihre Heimat zu finden, und kamen in die Region des Karpatenbeckens. Die Geschichte Ungarns, wie wir sie kennen, begann im Jahr 1000, nachdem alle ungarischen St\u00e4mme vereint waren und der erste christliche K\u00f6nig Ungarns, Istv\u00e1n I., gekr\u00f6nt wurde. Im Verlauf [&hellip;]\" \/>\n<meta property=\"og:url\" content=\"https:\/\/www.7seasonsapartments.com\/de\/budapest_entdecken\/geschichte-ungarns\" \/>\n<meta property=\"og:site_name\" content=\"7Seasons Apartments\" \/>\n<meta property=\"article:modified_time\" content=\"2023-08-15T13:23:53+00:00\" \/>\n<meta property=\"og:image\" content=\"https:\/\/www.7seasonsapartments.com\/wp-content\/uploads\/2023\/06\/7sa_top_1920_discover_history.jpg\" \/>\n\t<meta property=\"og:image:width\" content=\"1920\" \/>\n\t<meta property=\"og:image:height\" content=\"824\" \/>\n\t<meta property=\"og:image:type\" content=\"image\/jpeg\" \/>\n<meta name=\"twitter:card\" content=\"summary_large_image\" \/>\n<meta name=\"twitter:label1\" content=\"Est. reading time\" \/>\n\t<meta name=\"twitter:data1\" content=\"2 minutes\" \/>\n<script type=\"application\/ld+json\" class=\"yoast-schema-graph\">{\"@context\":\"https:\\\/\\\/schema.org\",\"@graph\":[{\"@type\":\"WebPage\",\"@id\":\"https:\\\/\\\/www.7seasonsapartments.com\\\/de\\\/budapest_entdecken\\\/geschichte-ungarns\",\"url\":\"https:\\\/\\\/www.7seasonsapartments.com\\\/de\\\/budapest_entdecken\\\/geschichte-ungarns\",\"name\":\"Geschichte Ungarns - 7Seasons Apartments\",\"isPartOf\":{\"@id\":\"https:\\\/\\\/www.7seasonsapartments.com\\\/de#website\"},\"primaryImageOfPage\":{\"@id\":\"https:\\\/\\\/www.7seasonsapartments.com\\\/de\\\/budapest_entdecken\\\/geschichte-ungarns#primaryimage\"},\"image\":{\"@id\":\"https:\\\/\\\/www.7seasonsapartments.com\\\/de\\\/budapest_entdecken\\\/geschichte-ungarns#primaryimage\"},\"thumbnailUrl\":\"https:\\\/\\\/www.7seasonsapartments.com\\\/wp-content\\\/uploads\\\/2023\\\/06\\\/7sa_top_1920_discover_history.jpg\",\"datePublished\":\"2022-02-01T10:46:06+00:00\",\"dateModified\":\"2023-08-15T13:23:53+00:00\",\"breadcrumb\":{\"@id\":\"https:\\\/\\\/www.7seasonsapartments.com\\\/de\\\/budapest_entdecken\\\/geschichte-ungarns#breadcrumb\"},\"inLanguage\":\"de-DE\",\"potentialAction\":[{\"@type\":\"ReadAction\",\"target\":[\"https:\\\/\\\/www.7seasonsapartments.com\\\/de\\\/budapest_entdecken\\\/geschichte-ungarns\"]}]},{\"@type\":\"ImageObject\",\"inLanguage\":\"de-DE\",\"@id\":\"https:\\\/\\\/www.7seasonsapartments.com\\\/de\\\/budapest_entdecken\\\/geschichte-ungarns#primaryimage\",\"url\":\"https:\\\/\\\/www.7seasonsapartments.com\\\/wp-content\\\/uploads\\\/2023\\\/06\\\/7sa_top_1920_discover_history.jpg\",\"contentUrl\":\"https:\\\/\\\/www.7seasonsapartments.com\\\/wp-content\\\/uploads\\\/2023\\\/06\\\/7sa_top_1920_discover_history.jpg\",\"width\":1920,\"height\":824},{\"@type\":\"BreadcrumbList\",\"@id\":\"https:\\\/\\\/www.7seasonsapartments.com\\\/de\\\/budapest_entdecken\\\/geschichte-ungarns#breadcrumb\",\"itemListElement\":[{\"@type\":\"ListItem\",\"position\":1,\"name\":\"Home\",\"item\":\"https:\\\/\\\/www.7seasonsapartments.com\\\/de\\\/startseite\"},{\"@type\":\"ListItem\",\"position\":2,\"name\":\"Budapest Entdecken\",\"item\":\"https:\\\/\\\/www.7seasonsapartments.com\\\/de\\\/budapest_entdecken\"},{\"@type\":\"ListItem\",\"position\":3,\"name\":\"Geschichte Ungarns\"}]},{\"@type\":\"WebSite\",\"@id\":\"https:\\\/\\\/www.7seasonsapartments.com\\\/de#website\",\"url\":\"https:\\\/\\\/www.7seasonsapartments.com\\\/de\",\"name\":\"7Seasons Apartments\",\"description\":\"...egy \u00fajabb WordPress honlap...\",\"potentialAction\":[{\"@type\":\"SearchAction\",\"target\":{\"@type\":\"EntryPoint\",\"urlTemplate\":\"https:\\\/\\\/www.7seasonsapartments.com\\\/de?s={search_term_string}\"},\"query-input\":{\"@type\":\"PropertyValueSpecification\",\"valueRequired\":true,\"valueName\":\"search_term_string\"}}],\"inLanguage\":\"de-DE\"}]}<\/script>\n<!-- \/ Yoast SEO plugin. -->","yoast_head_json":{"title":"Geschichte Ungarns - 7Seasons Apartments","robots":{"index":"index","follow":"follow","max-snippet":"max-snippet:-1","max-image-preview":"max-image-preview:large","max-video-preview":"max-video-preview:-1"},"canonical":"https:\/\/www.7seasonsapartments.com\/de\/budapest_entdecken\/geschichte-ungarns","og_locale":"de_DE","og_type":"article","og_title":"Geschichte Ungarns - 7Seasons Apartments","og_description":"Die Magyaren werden vermutet, urspr\u00fcnglich aus dem fernen Sibirien zu stammen und sind migriert, um ihre Heimat zu finden, und kamen in die Region des Karpatenbeckens. Die Geschichte Ungarns, wie wir sie kennen, begann im Jahr 1000, nachdem alle ungarischen St\u00e4mme vereint waren und der erste christliche K\u00f6nig Ungarns, Istv\u00e1n I., gekr\u00f6nt wurde. Im Verlauf [&hellip;]","og_url":"https:\/\/www.7seasonsapartments.com\/de\/budapest_entdecken\/geschichte-ungarns","og_site_name":"7Seasons Apartments","article_modified_time":"2023-08-15T13:23:53+00:00","og_image":[{"width":1920,"height":824,"url":"https:\/\/www.7seasonsapartments.com\/wp-content\/uploads\/2023\/06\/7sa_top_1920_discover_history.jpg","type":"image\/jpeg"}],"twitter_card":"summary_large_image","twitter_misc":{"Est. reading time":"2 minutes"},"schema":{"@context":"https:\/\/schema.org","@graph":[{"@type":"WebPage","@id":"https:\/\/www.7seasonsapartments.com\/de\/budapest_entdecken\/geschichte-ungarns","url":"https:\/\/www.7seasonsapartments.com\/de\/budapest_entdecken\/geschichte-ungarns","name":"Geschichte Ungarns - 7Seasons Apartments","isPartOf":{"@id":"https:\/\/www.7seasonsapartments.com\/de#website"},"primaryImageOfPage":{"@id":"https:\/\/www.7seasonsapartments.com\/de\/budapest_entdecken\/geschichte-ungarns#primaryimage"},"image":{"@id":"https:\/\/www.7seasonsapartments.com\/de\/budapest_entdecken\/geschichte-ungarns#primaryimage"},"thumbnailUrl":"https:\/\/www.7seasonsapartments.com\/wp-content\/uploads\/2023\/06\/7sa_top_1920_discover_history.jpg","datePublished":"2022-02-01T10:46:06+00:00","dateModified":"2023-08-15T13:23:53+00:00","breadcrumb":{"@id":"https:\/\/www.7seasonsapartments.com\/de\/budapest_entdecken\/geschichte-ungarns#breadcrumb"},"inLanguage":"de-DE","potentialAction":[{"@type":"ReadAction","target":["https:\/\/www.7seasonsapartments.com\/de\/budapest_entdecken\/geschichte-ungarns"]}]},{"@type":"ImageObject","inLanguage":"de-DE","@id":"https:\/\/www.7seasonsapartments.com\/de\/budapest_entdecken\/geschichte-ungarns#primaryimage","url":"https:\/\/www.7seasonsapartments.com\/wp-content\/uploads\/2023\/06\/7sa_top_1920_discover_history.jpg","contentUrl":"https:\/\/www.7seasonsapartments.com\/wp-content\/uploads\/2023\/06\/7sa_top_1920_discover_history.jpg","width":1920,"height":824},{"@type":"BreadcrumbList","@id":"https:\/\/www.7seasonsapartments.com\/de\/budapest_entdecken\/geschichte-ungarns#breadcrumb","itemListElement":[{"@type":"ListItem","position":1,"name":"Home","item":"https:\/\/www.7seasonsapartments.com\/de\/startseite"},{"@type":"ListItem","position":2,"name":"Budapest Entdecken","item":"https:\/\/www.7seasonsapartments.com\/de\/budapest_entdecken"},{"@type":"ListItem","position":3,"name":"Geschichte Ungarns"}]},{"@type":"WebSite","@id":"https:\/\/www.7seasonsapartments.com\/de#website","url":"https:\/\/www.7seasonsapartments.com\/de","name":"7Seasons Apartments","description":"...egy \u00fajabb WordPress honlap...","potentialAction":[{"@type":"SearchAction","target":{"@type":"EntryPoint","urlTemplate":"https:\/\/www.7seasonsapartments.com\/de?s={search_term_string}"},"query-input":{"@type":"PropertyValueSpecification","valueRequired":true,"valueName":"search_term_string"}}],"inLanguage":"de-DE"}]}},"_links":{"self":[{"href":"https:\/\/www.7seasonsapartments.com\/de\/wp-json\/wp\/v2\/pages\/7226","targetHints":{"allow":["GET"]}}],"collection":[{"href":"https:\/\/www.7seasonsapartments.com\/de\/wp-json\/wp\/v2\/pages"}],"about":[{"href":"https:\/\/www.7seasonsapartments.com\/de\/wp-json\/wp\/v2\/types\/page"}],"author":[{"embeddable":true,"href":"https:\/\/www.7seasonsapartments.com\/de\/wp-json\/wp\/v2\/users\/10"}],"replies":[{"embeddable":true,"href":"https:\/\/www.7seasonsapartments.com\/de\/wp-json\/wp\/v2\/comments?post=7226"}],"version-history":[{"count":4,"href":"https:\/\/www.7seasonsapartments.com\/de\/wp-json\/wp\/v2\/pages\/7226\/revisions"}],"predecessor-version":[{"id":7235,"href":"https:\/\/www.7seasonsapartments.com\/de\/wp-json\/wp\/v2\/pages\/7226\/revisions\/7235"}],"up":[{"embeddable":true,"href":"https:\/\/www.7seasonsapartments.com\/de\/wp-json\/wp\/v2\/pages\/7085"}],"wp:featuredmedia":[{"embeddable":true,"href":"https:\/\/www.7seasonsapartments.com\/de\/wp-json\/wp\/v2\/media\/6219"}],"wp:attachment":[{"href":"https:\/\/www.7seasonsapartments.com\/de\/wp-json\/wp\/v2\/media?parent=7226"}],"curies":[{"name":"wp","href":"https:\/\/api.w.org\/{rel}","templated":true}]}}