{"id":7236,"date":"2022-02-01T11:37:27","date_gmt":"2022-02-01T11:37:27","guid":{"rendered":"https:\/\/www.7seasonsapartments.com\/budapes_entdecken\/sightseeing_tours"},"modified":"2023-08-15T14:11:55","modified_gmt":"2023-08-15T14:11:55","slug":"besichtigungs_touren","status":"publish","type":"page","link":"https:\/\/www.7seasonsapartments.com\/de\/budapest_entdecken\/besichtigungs_touren","title":{"rendered":"Besichtigungs Touren"},"content":{"rendered":"<h3>Hop-on-Hop-off-Bus-Service in Budapest<\/h3>\n<p>Wenn Sie neugierig auf die wichtigsten und bedeutendsten Sehensw\u00fcrdigkeiten Budapests sind und gerne ein wenig \u00fcber sie erfahren m\u00f6chten, w\u00e4hrend Sie die Freiheit haben zu w\u00e4hlen, ob Sie bleiben m\u00f6chten, um herumzuschlendern oder zur n\u00e4chsten Attraktion weiterzugehen, ist der Hop-on-Hop-off-Bus-Service genau das Richtige f\u00fcr Sie!<\/p>\n<p>Mit dem Kauf eines Tickets k\u00f6nnen Sie die Stadt 24 Stunden lang mit dem Bus-Service erkunden.<\/p>\n<p>Die Buslinie f\u00fchrt zu historischen Sehensw\u00fcrdigkeiten wie der Gro\u00dfen Synagoge, der Oper, dem Heldenplatz und der Zitadelle, w\u00e4hrend die Bootstour atemberaubende Ausblicke entlang der Donau bietet. Das Ticket gew\u00e4hrt auch Zugang zu einer gef\u00fchrten Stadtf\u00fchrung.<\/p>\n<p>&nbsp;<\/p>\n<p><strong>HOLEN SIE SICH IHRE RABATTCOUPONS!<\/strong><\/p>\n<p><strong>Tickets sind an der Rezeption erh\u00e4ltlich.<\/strong><\/p>\n<p>&nbsp;<\/p>\n<p>&nbsp;<\/p>\n<h2><img decoding=\"async\" class=\"aligncenter wp-image-6259 size-full\" src=\"https:\/\/www.7seasonsapartments.com\/wp-content\/uploads\/2023\/06\/sightseeing_1150x620_bus_01.jpg\" alt=\"\" width=\"1150\" height=\"620\" srcset=\"https:\/\/www.7seasonsapartments.com\/wp-content\/uploads\/2023\/06\/sightseeing_1150x620_bus_01.jpg 1150w, https:\/\/www.7seasonsapartments.com\/wp-content\/uploads\/2023\/06\/sightseeing_1150x620_bus_01-600x323.jpg 600w, https:\/\/www.7seasonsapartments.com\/wp-content\/uploads\/2023\/06\/sightseeing_1150x620_bus_01-1024x552.jpg 1024w, https:\/\/www.7seasonsapartments.com\/wp-content\/uploads\/2023\/06\/sightseeing_1150x620_bus_01-150x81.jpg 150w, https:\/\/www.7seasonsapartments.com\/wp-content\/uploads\/2023\/06\/sightseeing_1150x620_bus_01-768x414.jpg 768w\" sizes=\"(max-width: 1150px) 100vw, 1150px\" \/><\/h2>\n<p>&nbsp;<\/p>\n<p>&nbsp;<\/p>\n<h3>Dinner-Kreuzfahrt auf der Donau<\/h3>\n<p>Die Legenda bietet sowohl Sightseeing-Kreuzfahrten als auch romantische Dinner-Kreuzfahrten auf ihren hochwertigen, komplett verglasten Schiffen mit wundersch\u00f6nem Blick auf die Donau, die Burg, die Kettenbr\u00fccke und die Zitadelle.<\/p>\n<p><strong>Die Tickets beinhalten:<\/strong><\/p>\n<p>&#8211; 1 Stunde 10 Minuten lange Sightseeing-Kreuzfahrt am Tag<\/p>\n<p>&#8211; Audioguide in 30 Sprachen<\/p>\n<p>&#8211; 1 Glas Getr\u00e4nk<\/p>\n<p>&#8211; 1 Glas &#8220;Duna Bella&#8221; Limonade<\/p>\n<p>&#8211; Kostenloses WLAN an Bord<\/p>\n<p>1 Stunde 30 Minuten Freizeit auf der Margareteninsel<\/p>\n<p>&nbsp;<\/p>\n<p><strong>HOLEN SIE SICH IHRE RABATTCOUPONS!<\/strong><\/p>\n<p><strong>Tickets sind an der Rezeption erh\u00e4ltlich.<\/strong><\/p>\n<p>&nbsp;<\/p>\n<p>&nbsp;<\/p>\n<p><img decoding=\"async\" class=\"aligncenter wp-image-6277 size-full\" src=\"https:\/\/www.7seasonsapartments.com\/wp-content\/uploads\/2023\/06\/sightseeing_1150x620_cruise_02.jpg\" alt=\"\" width=\"1150\" height=\"620\" srcset=\"https:\/\/www.7seasonsapartments.com\/wp-content\/uploads\/2023\/06\/sightseeing_1150x620_cruise_02.jpg 1150w, https:\/\/www.7seasonsapartments.com\/wp-content\/uploads\/2023\/06\/sightseeing_1150x620_cruise_02-600x323.jpg 600w, https:\/\/www.7seasonsapartments.com\/wp-content\/uploads\/2023\/06\/sightseeing_1150x620_cruise_02-1024x552.jpg 1024w, https:\/\/www.7seasonsapartments.com\/wp-content\/uploads\/2023\/06\/sightseeing_1150x620_cruise_02-150x81.jpg 150w, https:\/\/www.7seasonsapartments.com\/wp-content\/uploads\/2023\/06\/sightseeing_1150x620_cruise_02-768x414.jpg 768w\" sizes=\"(max-width: 1150px) 100vw, 1150px\" \/><\/p>\n<p>&nbsp;<\/p>\n<p>&nbsp;<\/p>\n<p>&nbsp;<\/p>\n<p>&nbsp;<\/p>\n<h3>Thermalb\u00e4der in Budapest: Sz\u00e9chenyi und Gell\u00e9rt<\/h3>\n<p>Budapest tr\u00e4gt seit dem Jahr 1934 den Titel &#8220;Stadt der B\u00e4der&#8221;, da sie mehr Thermal- und Heilwasserquellen hat als jede andere Hauptstadt der Welt. F\u00fcr jeden Besucher unserer wundersch\u00f6nen Hauptstadt ist es ein Muss, einige dieser B\u00e4der auszuprobieren, da es eine wirklich bemerkenswerte Erfahrung ist.<\/p>\n<p>Die beiden gr\u00f6\u00dften B\u00e4der sind das Sz\u00e9chenyi-Bad und das Gell\u00e9rt-Bad.<\/p>\n<p>&nbsp;<\/p>\n<p><strong>\u00dcber das Sz\u00e9chenyi-Bad:<\/strong><\/p>\n<p>&#8211; Es verf\u00fcgt \u00fcber mehr als 18 Pools (innen und au\u00dfen).<\/p>\n<p>&#8211; Massagen und medizinische Dienstleistungen werden angeboten.<\/p>\n<p>&#8211; Eine Vielzahl von Massageangeboten steht im Bad zur Verf\u00fcgung.<\/p>\n<p>&#8211; T\u00e4glich von 6 bis 22 Uhr ge\u00f6ffnet.<\/p>\n<p>&nbsp;<\/p>\n<p>&nbsp;<\/p>\n<p><strong>\u00dcber das Gell\u00e9rt-Bad:<\/strong><\/p>\n<p>&#8211; Es verf\u00fcgt \u00fcber mehr als 10 Pools (innen und au\u00dfen).<\/p>\n<p>&#8211; Massagen und medizinische Dienstleistungen werden angeboten.<\/p>\n<p>&#8211; Eine Vielzahl von Massageangeboten steht im Bad zur Verf\u00fcgung.<\/p>\n<p>&#8211; T\u00e4glich von 6 bis 20 Uhr ge\u00f6ffnet.<\/p>\n<p>&nbsp;<\/p>\n<p><strong>HOLEN SIE SICH IHRE RABATTCOUPONS!<\/strong><\/p>\n<p><strong>Tickets sind an der Rezeption erh\u00e4ltlich.<\/strong><\/p>\n<p>&nbsp;<\/p>\n<p><img decoding=\"async\" class=\"aligncenter wp-image-6289 size-full\" src=\"https:\/\/www.7seasonsapartments.com\/wp-content\/uploads\/2023\/06\/sightseeing_1150x620_thermal_spa_02.jpg\" alt=\"\" width=\"1150\" height=\"620\" srcset=\"https:\/\/www.7seasonsapartments.com\/wp-content\/uploads\/2023\/06\/sightseeing_1150x620_thermal_spa_02.jpg 1150w, https:\/\/www.7seasonsapartments.com\/wp-content\/uploads\/2023\/06\/sightseeing_1150x620_thermal_spa_02-600x323.jpg 600w, https:\/\/www.7seasonsapartments.com\/wp-content\/uploads\/2023\/06\/sightseeing_1150x620_thermal_spa_02-1024x552.jpg 1024w, https:\/\/www.7seasonsapartments.com\/wp-content\/uploads\/2023\/06\/sightseeing_1150x620_thermal_spa_02-150x81.jpg 150w, https:\/\/www.7seasonsapartments.com\/wp-content\/uploads\/2023\/06\/sightseeing_1150x620_thermal_spa_02-768x414.jpg 768w\" sizes=\"(max-width: 1150px) 100vw, 1150px\" \/><\/p>\n","protected":false},"excerpt":{"rendered":"<p>Hop-on-Hop-off-Bus-Service in Budapest Wenn Sie neugierig auf die wichtigsten und bedeutendsten Sehensw\u00fcrdigkeiten Budapests sind und gerne ein wenig \u00fcber sie erfahren m\u00f6chten, w\u00e4hrend Sie die Freiheit haben zu w\u00e4hlen, ob Sie bleiben m\u00f6chten, um herumzuschlendern oder zur n\u00e4chsten Attraktion weiterzugehen, ist der Hop-on-Hop-off-Bus-Service genau das Richtige f\u00fcr Sie! Mit dem Kauf eines Tickets k\u00f6nnen Sie [&hellip;]<\/p>\n","protected":false},"author":10,"featured_media":6255,"parent":7085,"menu_order":0,"comment_status":"open","ping_status":"open","template":"","meta":{"_acf_changed":false,"footnotes":""},"class_list":["post-7236","page","type-page","status-publish","has-post-thumbnail","hentry"],"acf":[],"yoast_head":"<!-- This site is optimized with the Yoast SEO plugin v27.4 - https:\/\/yoast.com\/product\/yoast-seo-wordpress\/ -->\n<title>Besichtigungs Touren - 7Seasons Apartments<\/title>\n<meta name=\"robots\" content=\"index, follow, max-snippet:-1, max-image-preview:large, max-video-preview:-1\" \/>\n<link rel=\"canonical\" href=\"https:\/\/www.7seasonsapartments.com\/de\/budapest_entdecken\/besichtigungs_touren\" \/>\n<meta property=\"og:locale\" content=\"de_DE\" \/>\n<meta property=\"og:type\" content=\"article\" \/>\n<meta property=\"og:title\" content=\"Besichtigungs Touren - 7Seasons Apartments\" \/>\n<meta property=\"og:description\" content=\"Hop-on-Hop-off-Bus-Service in Budapest Wenn Sie neugierig auf die wichtigsten und bedeutendsten Sehensw\u00fcrdigkeiten Budapests sind und gerne ein wenig \u00fcber sie erfahren m\u00f6chten, w\u00e4hrend Sie die Freiheit haben zu w\u00e4hlen, ob Sie bleiben m\u00f6chten, um herumzuschlendern oder zur n\u00e4chsten Attraktion weiterzugehen, ist der Hop-on-Hop-off-Bus-Service genau das Richtige f\u00fcr Sie! Mit dem Kauf eines Tickets k\u00f6nnen Sie [&hellip;]\" \/>\n<meta property=\"og:url\" content=\"https:\/\/www.7seasonsapartments.com\/de\/budapest_entdecken\/besichtigungs_touren\" \/>\n<meta property=\"og:site_name\" content=\"7Seasons Apartments\" \/>\n<meta property=\"article:modified_time\" content=\"2023-08-15T14:11:55+00:00\" \/>\n<meta property=\"og:image\" content=\"https:\/\/www.7seasonsapartments.com\/wp-content\/uploads\/2023\/06\/7sa_top_1920_discover_sightseeing.jpg\" \/>\n\t<meta property=\"og:image:width\" content=\"1920\" \/>\n\t<meta property=\"og:image:height\" content=\"824\" \/>\n\t<meta property=\"og:image:type\" content=\"image\/jpeg\" \/>\n<meta name=\"twitter:card\" content=\"summary_large_image\" \/>\n<meta name=\"twitter:label1\" content=\"Est. reading time\" \/>\n\t<meta name=\"twitter:data1\" content=\"3 minutes\" \/>\n<script type=\"application\/ld+json\" class=\"yoast-schema-graph\">{\"@context\":\"https:\\\/\\\/schema.org\",\"@graph\":[{\"@type\":\"WebPage\",\"@id\":\"https:\\\/\\\/www.7seasonsapartments.com\\\/de\\\/budapest_entdecken\\\/besichtigungs_touren\",\"url\":\"https:\\\/\\\/www.7seasonsapartments.com\\\/de\\\/budapest_entdecken\\\/besichtigungs_touren\",\"name\":\"Besichtigungs Touren - 7Seasons Apartments\",\"isPartOf\":{\"@id\":\"https:\\\/\\\/www.7seasonsapartments.com\\\/de#website\"},\"primaryImageOfPage\":{\"@id\":\"https:\\\/\\\/www.7seasonsapartments.com\\\/de\\\/budapest_entdecken\\\/besichtigungs_touren#primaryimage\"},\"image\":{\"@id\":\"https:\\\/\\\/www.7seasonsapartments.com\\\/de\\\/budapest_entdecken\\\/besichtigungs_touren#primaryimage\"},\"thumbnailUrl\":\"https:\\\/\\\/www.7seasonsapartments.com\\\/wp-content\\\/uploads\\\/2023\\\/06\\\/7sa_top_1920_discover_sightseeing.jpg\",\"datePublished\":\"2022-02-01T11:37:27+00:00\",\"dateModified\":\"2023-08-15T14:11:55+00:00\",\"breadcrumb\":{\"@id\":\"https:\\\/\\\/www.7seasonsapartments.com\\\/de\\\/budapest_entdecken\\\/besichtigungs_touren#breadcrumb\"},\"inLanguage\":\"de-DE\",\"potentialAction\":[{\"@type\":\"ReadAction\",\"target\":[\"https:\\\/\\\/www.7seasonsapartments.com\\\/de\\\/budapest_entdecken\\\/besichtigungs_touren\"]}]},{\"@type\":\"ImageObject\",\"inLanguage\":\"de-DE\",\"@id\":\"https:\\\/\\\/www.7seasonsapartments.com\\\/de\\\/budapest_entdecken\\\/besichtigungs_touren#primaryimage\",\"url\":\"https:\\\/\\\/www.7seasonsapartments.com\\\/wp-content\\\/uploads\\\/2023\\\/06\\\/7sa_top_1920_discover_sightseeing.jpg\",\"contentUrl\":\"https:\\\/\\\/www.7seasonsapartments.com\\\/wp-content\\\/uploads\\\/2023\\\/06\\\/7sa_top_1920_discover_sightseeing.jpg\",\"width\":1920,\"height\":824},{\"@type\":\"BreadcrumbList\",\"@id\":\"https:\\\/\\\/www.7seasonsapartments.com\\\/de\\\/budapest_entdecken\\\/besichtigungs_touren#breadcrumb\",\"itemListElement\":[{\"@type\":\"ListItem\",\"position\":1,\"name\":\"Home\",\"item\":\"https:\\\/\\\/www.7seasonsapartments.com\\\/de\\\/startseite\"},{\"@type\":\"ListItem\",\"position\":2,\"name\":\"Budapest Entdecken\",\"item\":\"https:\\\/\\\/www.7seasonsapartments.com\\\/de\\\/budapest_entdecken\"},{\"@type\":\"ListItem\",\"position\":3,\"name\":\"Besichtigungs Touren\"}]},{\"@type\":\"WebSite\",\"@id\":\"https:\\\/\\\/www.7seasonsapartments.com\\\/de#website\",\"url\":\"https:\\\/\\\/www.7seasonsapartments.com\\\/de\",\"name\":\"7Seasons Apartments\",\"description\":\"...egy \u00fajabb WordPress honlap...\",\"potentialAction\":[{\"@type\":\"SearchAction\",\"target\":{\"@type\":\"EntryPoint\",\"urlTemplate\":\"https:\\\/\\\/www.7seasonsapartments.com\\\/de?s={search_term_string}\"},\"query-input\":{\"@type\":\"PropertyValueSpecification\",\"valueRequired\":true,\"valueName\":\"search_term_string\"}}],\"inLanguage\":\"de-DE\"}]}<\/script>\n<!-- \/ Yoast SEO plugin. -->","yoast_head_json":{"title":"Besichtigungs Touren - 7Seasons Apartments","robots":{"index":"index","follow":"follow","max-snippet":"max-snippet:-1","max-image-preview":"max-image-preview:large","max-video-preview":"max-video-preview:-1"},"canonical":"https:\/\/www.7seasonsapartments.com\/de\/budapest_entdecken\/besichtigungs_touren","og_locale":"de_DE","og_type":"article","og_title":"Besichtigungs Touren - 7Seasons Apartments","og_description":"Hop-on-Hop-off-Bus-Service in Budapest Wenn Sie neugierig auf die wichtigsten und bedeutendsten Sehensw\u00fcrdigkeiten Budapests sind und gerne ein wenig \u00fcber sie erfahren m\u00f6chten, w\u00e4hrend Sie die Freiheit haben zu w\u00e4hlen, ob Sie bleiben m\u00f6chten, um herumzuschlendern oder zur n\u00e4chsten Attraktion weiterzugehen, ist der Hop-on-Hop-off-Bus-Service genau das Richtige f\u00fcr Sie! Mit dem Kauf eines Tickets k\u00f6nnen Sie [&hellip;]","og_url":"https:\/\/www.7seasonsapartments.com\/de\/budapest_entdecken\/besichtigungs_touren","og_site_name":"7Seasons Apartments","article_modified_time":"2023-08-15T14:11:55+00:00","og_image":[{"width":1920,"height":824,"url":"https:\/\/www.7seasonsapartments.com\/wp-content\/uploads\/2023\/06\/7sa_top_1920_discover_sightseeing.jpg","type":"image\/jpeg"}],"twitter_card":"summary_large_image","twitter_misc":{"Est. reading time":"3 minutes"},"schema":{"@context":"https:\/\/schema.org","@graph":[{"@type":"WebPage","@id":"https:\/\/www.7seasonsapartments.com\/de\/budapest_entdecken\/besichtigungs_touren","url":"https:\/\/www.7seasonsapartments.com\/de\/budapest_entdecken\/besichtigungs_touren","name":"Besichtigungs Touren - 7Seasons Apartments","isPartOf":{"@id":"https:\/\/www.7seasonsapartments.com\/de#website"},"primaryImageOfPage":{"@id":"https:\/\/www.7seasonsapartments.com\/de\/budapest_entdecken\/besichtigungs_touren#primaryimage"},"image":{"@id":"https:\/\/www.7seasonsapartments.com\/de\/budapest_entdecken\/besichtigungs_touren#primaryimage"},"thumbnailUrl":"https:\/\/www.7seasonsapartments.com\/wp-content\/uploads\/2023\/06\/7sa_top_1920_discover_sightseeing.jpg","datePublished":"2022-02-01T11:37:27+00:00","dateModified":"2023-08-15T14:11:55+00:00","breadcrumb":{"@id":"https:\/\/www.7seasonsapartments.com\/de\/budapest_entdecken\/besichtigungs_touren#breadcrumb"},"inLanguage":"de-DE","potentialAction":[{"@type":"ReadAction","target":["https:\/\/www.7seasonsapartments.com\/de\/budapest_entdecken\/besichtigungs_touren"]}]},{"@type":"ImageObject","inLanguage":"de-DE","@id":"https:\/\/www.7seasonsapartments.com\/de\/budapest_entdecken\/besichtigungs_touren#primaryimage","url":"https:\/\/www.7seasonsapartments.com\/wp-content\/uploads\/2023\/06\/7sa_top_1920_discover_sightseeing.jpg","contentUrl":"https:\/\/www.7seasonsapartments.com\/wp-content\/uploads\/2023\/06\/7sa_top_1920_discover_sightseeing.jpg","width":1920,"height":824},{"@type":"BreadcrumbList","@id":"https:\/\/www.7seasonsapartments.com\/de\/budapest_entdecken\/besichtigungs_touren#breadcrumb","itemListElement":[{"@type":"ListItem","position":1,"name":"Home","item":"https:\/\/www.7seasonsapartments.com\/de\/startseite"},{"@type":"ListItem","position":2,"name":"Budapest Entdecken","item":"https:\/\/www.7seasonsapartments.com\/de\/budapest_entdecken"},{"@type":"ListItem","position":3,"name":"Besichtigungs Touren"}]},{"@type":"WebSite","@id":"https:\/\/www.7seasonsapartments.com\/de#website","url":"https:\/\/www.7seasonsapartments.com\/de","name":"7Seasons Apartments","description":"...egy \u00fajabb WordPress honlap...","potentialAction":[{"@type":"SearchAction","target":{"@type":"EntryPoint","urlTemplate":"https:\/\/www.7seasonsapartments.com\/de?s={search_term_string}"},"query-input":{"@type":"PropertyValueSpecification","valueRequired":true,"valueName":"search_term_string"}}],"inLanguage":"de-DE"}]}},"_links":{"self":[{"href":"https:\/\/www.7seasonsapartments.com\/de\/wp-json\/wp\/v2\/pages\/7236","targetHints":{"allow":["GET"]}}],"collection":[{"href":"https:\/\/www.7seasonsapartments.com\/de\/wp-json\/wp\/v2\/pages"}],"about":[{"href":"https:\/\/www.7seasonsapartments.com\/de\/wp-json\/wp\/v2\/types\/page"}],"author":[{"embeddable":true,"href":"https:\/\/www.7seasonsapartments.com\/de\/wp-json\/wp\/v2\/users\/10"}],"replies":[{"embeddable":true,"href":"https:\/\/www.7seasonsapartments.com\/de\/wp-json\/wp\/v2\/comments?post=7236"}],"version-history":[{"count":3,"href":"https:\/\/www.7seasonsapartments.com\/de\/wp-json\/wp\/v2\/pages\/7236\/revisions"}],"predecessor-version":[{"id":7239,"href":"https:\/\/www.7seasonsapartments.com\/de\/wp-json\/wp\/v2\/pages\/7236\/revisions\/7239"}],"up":[{"embeddable":true,"href":"https:\/\/www.7seasonsapartments.com\/de\/wp-json\/wp\/v2\/pages\/7085"}],"wp:featuredmedia":[{"embeddable":true,"href":"https:\/\/www.7seasonsapartments.com\/de\/wp-json\/wp\/v2\/media\/6255"}],"wp:attachment":[{"href":"https:\/\/www.7seasonsapartments.com\/de\/wp-json\/wp\/v2\/media?parent=7236"}],"curies":[{"name":"wp","href":"https:\/\/api.w.org\/{rel}","templated":true}]}}