{"id":7267,"date":"2020-05-05T12:08:54","date_gmt":"2020-05-05T12:08:54","guid":{"rendered":"https:\/\/www.7seasonsapartments.com\/services"},"modified":"2024-10-25T10:53:57","modified_gmt":"2024-10-25T10:53:57","slug":"services","status":"publish","type":"page","link":"https:\/\/www.7seasonsapartments.com\/de\/services","title":{"rendered":"Unser Service"},"content":{"rendered":"<div class=\"advantages white-advantages service-page light-grey-background\">\r\n  <section class=\"container\">\r\n        <h2 class=\"white-text narrow-title\">\r\n      <span class=\"mini-underline\">Entspannt wie ein Hotel<\/span>\r\n      <span>Komfort wie zu Hause<\/span>\r\n    <\/h2>\r\n    \r\n    \r\n    <ul class=\"advantages-list white-text\">\r\n                      <li >\r\n                                       <i class=\"icon-24_reception\"><\/i>                    <h3>24\/7 Rezeption<\/h3>\r\n                    <p><p style=\"text-align: left;\"><span style=\"font-weight: 400;\"><span data-sheets-root=\"1\">Unser Team an der Rezeption ist jeden Tag, rund um die Uhr f\u00fcr dich da und hilft dir gerne weiter.<\/span><\/span><\/p><\/p>\r\n                                  <\/li>\r\n                      <li >\r\n                                      <a href=\"https:\/\/www.7seasonsapartments.com\/de\/services\/fruhstuck\">\r\n                       <i class=\"icon-breakfast\"><\/i>                      <h3>Morgens Buffet<\/h3>\r\n                      <p><p style=\"text-align: left;\"><span style=\"font-weight: 400;\"><span data-sheets-root=\"1\">Beginne deinen Tag mit einem reichhaltigen Fr\u00fchst\u00fccksbuffet in unserem Restaurant vor Ort! Wir bieten ein komplettes Fr\u00fchst\u00fccksbuffet mit warmen und kalten Speisen an.<\/span><\/span><\/p><\/p>\r\n                      <span>Weiterlesen >><\/span>\r\n                    <\/a>\r\n                                  <\/li>\r\n                      <li >\r\n                                      <a href=\"https:\/\/www.7seasonsapartments.com\/de\/services\/reinigungs-service\">\r\n                       <i class=\"icon-daily_cleaning_02\"><\/i>                      <h3>Reinigungs Service<\/h3>\r\n                      <p><span data-sheets-root=\"1\">Um dir den gr\u00f6\u00dftm\u00f6glichen Komfort und Sauberkeit zu bieten, erfolgt die Zimmerreinigung jeden zweiten Tag deines Aufenthalts.<\/span><\/p>\r\n                      <span>Weiterlesen >><\/span>\r\n                    <\/a>\r\n                                  <\/li>\r\n                      <li >\r\n                                       <i class=\"icon-dining\"><\/i>                    <h3>Speisen vor Ort<\/h3>\r\n                    <p><span data-sheets-root=\"1\">Das Antr\u00e9 Restaurant erwartet dich mit unseren ungarischen Lieblingsgerichten.<\/span><\/p>\r\n                                  <\/li>\r\n                      <li >\r\n                                      <a href=\"https:\/\/www.7seasonsapartments.com\/de\/services\/concierge\/\">\r\n                       <i class=\"icon-concierge\"><\/i>                      <h3>Concierge<\/h3>\r\n                      <p><span style=\"font-weight: 400;\"><span data-sheets-root=\"1\">Wir bieten dir eine pers\u00f6nliche Betreuung, um deinen Aufenthalt besonders zu machen. Unser engagiertes Team ist hier, um deine W\u00fcnsche zu erf\u00fcllen und dir anzubieten...<\/span><\/span><\/p>\r\n                      <span>Weiterlesen >><\/span>\r\n                    <\/a>\r\n                                  <\/li>\r\n                      <li >\r\n                                      <a href=\"https:\/\/www.7seasonsapartments.com\/de\/services\/kinder_ausstattung\">\r\n                       <i class=\"icon-children\"><\/i>                      <h3>Kinder Ausstattung<\/h3>\r\n                      <p><span data-sheets-root=\"1\">Wir stellen dir kostenlos Babybett, Hochstuhl und K\u00fcchenausstattung f\u00fcr Babys zur Verf\u00fcgung, um die Bed\u00fcrfnisse der ganzen Familie zu erf\u00fcllen.<\/span><\/p>\r\n                      <span>Weiterlesen >><\/span>\r\n                    <\/a>\r\n                                  <\/li>\r\n                      <li >\r\n                                      <a href=\"https:\/\/www.7seasonsapartments.com\/de\/services\/flughafen-transfer\">\r\n                       <i class=\"icon-transfer_bus\"><\/i>                      <h3>Flughafen Transfer<\/h3>\r\n                      <p><span style=\"font-weight: 400;\"><span data-sheets-root=\"1\">T\u00fcr-zu-T\u00fcr-Transfer-Service mit englischsprachigen Fahrern und klimatisierten Autos, sowie 24\/7 Unterst\u00fctzung f\u00fcr deinen Komfort.<\/span><\/span><\/p>\r\n                      <span>Weiterlesen >><\/span>\r\n                    <\/a>\r\n                                  <\/li>\r\n                      <li >\r\n                                      <a href=\"https:\/\/www.7seasonsapartments.com\/de\/services\/valet-parken\">\r\n                       <i class=\"icon-parking\"><\/i>                      <h3>Sicheres Parken<\/h3>\r\n                      <p><span style=\"font-weight: 400;\">Sichere Parkpl\u00e4tze sind im Geb\u00e4ude vorhanden und kosten 32 EUR\/Nacht\/Auto.<\/span><\/p>\r\n                      <span>Weiterlesen >><\/span>\r\n                    <\/a>\r\n                                  <\/li>\r\n                      <li >\r\n                                       <i class=\"icon-luggage\"><\/i>                    <h3>Gep\u00e4ckraum<\/h3>\r\n                    <p><p style=\"text-align: left;\"><span data-sheets-root=\"1\">Unser Gep\u00e4ckraum bietet dir eine sichere Aufbewahrung deines Gep\u00e4cks vor und nach dem Check-out \u2013 kostenlos.<\/span><\/p><\/p>\r\n                                  <\/li>\r\n                      <li >\r\n                                      <a href=\"https:\/\/www.7seasonsapartments.com\/de\/services\/voll-ausgestattet\">\r\n                       <i class=\"icon-full_equipped\"><\/i>                      <h3>Voll ausgestattet<\/h3>\r\n                      <p><span data-sheets-root=\"1\">Wirklich alles, was du f\u00fcr deinen Aufenthalt brauchst, vom Toaster bis zur Waschmaschine!<\/span><\/p>\r\n                      <span>Weiterlesen >><\/span>\r\n                    <\/a>\r\n                                  <\/li>\r\n                      <li >\r\n                                       <i class=\"icon-wifi\"><\/i>                    <h3>High-Speed Internet<\/h3>\r\n                    <p><span style=\"font-weight: 400;\"><span data-sheets-root=\"1\">Alle Apartments sind mit eigenen WLAN-Routern und superschnellem Breitband (200 Mbps) ausgestattet!<\/span><\/span><\/p>\r\n                                  <\/li>\r\n                      <li >\r\n                                       <i class=\"icon-shabbat\"><\/i>                    <h3>Schabbat Freundlich<\/h3>\r\n                    <p><span data-sheets-root=\"1\">Wir respektieren deine Bed\u00fcrfnisse und W\u00fcnsche, wenn du den Sabbat beobachtest. Unsere oberste Priorit\u00e4t ist es, eine warme und einladende Atmosph\u00e4re zu schaffen.<\/span><\/p>\r\n                                  <\/li>\r\n          <\/ul>\r\n    \r\n  <\/section>\r\n<\/div>\r\n\n","protected":false},"excerpt":{"rendered":"","protected":false},"author":4,"featured_media":11245,"parent":0,"menu_order":0,"comment_status":"closed","ping_status":"closed","template":"template-our-services.php","meta":{"_acf_changed":false,"footnotes":""},"class_list":["post-7267","page","type-page","status-publish","has-post-thumbnail","hentry"],"acf":[],"yoast_head":"<!-- This site is optimized with the Yoast SEO plugin v27.4 - https:\/\/yoast.com\/product\/yoast-seo-wordpress\/ -->\n<title>Unser Service macht deinen Aufenthalt stressfrei | 7 Seasons Budapest<\/title>\n<meta name=\"description\" content=\"Der Komfort eines Zuhauses mit 24\/7-Rezeption, t\u00e4glichem Zimmerservice, Fr\u00fchst\u00fcck, Kinderbetreuung, Flughafentransfer und gesichertem Parkplatz in Budapest\" \/>\n<meta name=\"robots\" content=\"index, follow, max-snippet:-1, max-image-preview:large, max-video-preview:-1\" \/>\n<link rel=\"canonical\" href=\"https:\/\/www.7seasonsapartments.com\/de\/services\" \/>\n<meta property=\"og:locale\" content=\"de_DE\" \/>\n<meta property=\"og:type\" content=\"article\" \/>\n<meta property=\"og:title\" content=\"Unser Service macht deinen Aufenthalt stressfrei | 7 Seasons Budapest\" \/>\n<meta property=\"og:description\" content=\"Der Komfort eines Zuhauses mit 24\/7-Rezeption, t\u00e4glichem Zimmerservice, Fr\u00fchst\u00fcck, Kinderbetreuung, Flughafentransfer und gesichertem Parkplatz in Budapest\" \/>\n<meta property=\"og:url\" content=\"https:\/\/www.7seasonsapartments.com\/de\/services\" \/>\n<meta property=\"og:site_name\" content=\"7Seasons Apartments\" \/>\n<meta property=\"article:modified_time\" content=\"2024-10-25T10:53:57+00:00\" \/>\n<meta property=\"og:image\" content=\"https:\/\/www.7seasonsapartments.com\/wp-content\/uploads\/2023\/06\/7sa_top_1920_1b_02.jpg\" \/>\n\t<meta property=\"og:image:width\" content=\"1920\" \/>\n\t<meta property=\"og:image:height\" content=\"824\" \/>\n\t<meta property=\"og:image:type\" content=\"image\/jpeg\" \/>\n<meta name=\"twitter:card\" content=\"summary_large_image\" \/>\n<meta name=\"twitter:label1\" content=\"Est. reading time\" \/>\n\t<meta name=\"twitter:data1\" content=\"1 minute\" \/>\n<script type=\"application\/ld+json\" class=\"yoast-schema-graph\">{\"@context\":\"https:\\\/\\\/schema.org\",\"@graph\":[{\"@type\":\"WebPage\",\"@id\":\"https:\\\/\\\/www.7seasonsapartments.com\\\/de\\\/services\",\"url\":\"https:\\\/\\\/www.7seasonsapartments.com\\\/de\\\/services\",\"name\":\"Unser Service macht deinen Aufenthalt stressfrei | 7 Seasons Budapest\",\"isPartOf\":{\"@id\":\"https:\\\/\\\/www.7seasonsapartments.com\\\/de#website\"},\"primaryImageOfPage\":{\"@id\":\"https:\\\/\\\/www.7seasonsapartments.com\\\/de\\\/services#primaryimage\"},\"image\":{\"@id\":\"https:\\\/\\\/www.7seasonsapartments.com\\\/de\\\/services#primaryimage\"},\"thumbnailUrl\":\"https:\\\/\\\/www.7seasonsapartments.com\\\/wp-content\\\/uploads\\\/2025\\\/11\\\/251118-BAR-7seasions-Appartman5391_RET-scaled.jpg\",\"datePublished\":\"2020-05-05T12:08:54+00:00\",\"dateModified\":\"2024-10-25T10:53:57+00:00\",\"description\":\"Der Komfort eines Zuhauses mit 24\\\/7-Rezeption, t\u00e4glichem Zimmerservice, Fr\u00fchst\u00fcck, Kinderbetreuung, Flughafentransfer und gesichertem Parkplatz in Budapest\",\"breadcrumb\":{\"@id\":\"https:\\\/\\\/www.7seasonsapartments.com\\\/de\\\/services#breadcrumb\"},\"inLanguage\":\"de-DE\",\"potentialAction\":[{\"@type\":\"ReadAction\",\"target\":[\"https:\\\/\\\/www.7seasonsapartments.com\\\/de\\\/services\"]}]},{\"@type\":\"ImageObject\",\"inLanguage\":\"de-DE\",\"@id\":\"https:\\\/\\\/www.7seasonsapartments.com\\\/de\\\/services#primaryimage\",\"url\":\"https:\\\/\\\/www.7seasonsapartments.com\\\/wp-content\\\/uploads\\\/2025\\\/11\\\/251118-BAR-7seasions-Appartman5391_RET-scaled.jpg\",\"contentUrl\":\"https:\\\/\\\/www.7seasonsapartments.com\\\/wp-content\\\/uploads\\\/2025\\\/11\\\/251118-BAR-7seasions-Appartman5391_RET-scaled.jpg\",\"width\":2560,\"height\":1280},{\"@type\":\"BreadcrumbList\",\"@id\":\"https:\\\/\\\/www.7seasonsapartments.com\\\/de\\\/services#breadcrumb\",\"itemListElement\":[{\"@type\":\"ListItem\",\"position\":1,\"name\":\"Home\",\"item\":\"https:\\\/\\\/www.7seasonsapartments.com\\\/de\\\/startseite\"},{\"@type\":\"ListItem\",\"position\":2,\"name\":\"Unser Service\"}]},{\"@type\":\"WebSite\",\"@id\":\"https:\\\/\\\/www.7seasonsapartments.com\\\/de#website\",\"url\":\"https:\\\/\\\/www.7seasonsapartments.com\\\/de\",\"name\":\"7Seasons Apartments\",\"description\":\"...egy \u00fajabb WordPress honlap...\",\"potentialAction\":[{\"@type\":\"SearchAction\",\"target\":{\"@type\":\"EntryPoint\",\"urlTemplate\":\"https:\\\/\\\/www.7seasonsapartments.com\\\/de?s={search_term_string}\"},\"query-input\":{\"@type\":\"PropertyValueSpecification\",\"valueRequired\":true,\"valueName\":\"search_term_string\"}}],\"inLanguage\":\"de-DE\"}]}<\/script>\n<!-- \/ Yoast SEO plugin. -->","yoast_head_json":{"title":"Unser Service macht deinen Aufenthalt stressfrei | 7 Seasons Budapest","description":"Der Komfort eines Zuhauses mit 24\/7-Rezeption, t\u00e4glichem Zimmerservice, Fr\u00fchst\u00fcck, Kinderbetreuung, Flughafentransfer und gesichertem Parkplatz in Budapest","robots":{"index":"index","follow":"follow","max-snippet":"max-snippet:-1","max-image-preview":"max-image-preview:large","max-video-preview":"max-video-preview:-1"},"canonical":"https:\/\/www.7seasonsapartments.com\/de\/services","og_locale":"de_DE","og_type":"article","og_title":"Unser Service macht deinen Aufenthalt stressfrei | 7 Seasons Budapest","og_description":"Der Komfort eines Zuhauses mit 24\/7-Rezeption, t\u00e4glichem Zimmerservice, Fr\u00fchst\u00fcck, Kinderbetreuung, Flughafentransfer und gesichertem Parkplatz in Budapest","og_url":"https:\/\/www.7seasonsapartments.com\/de\/services","og_site_name":"7Seasons Apartments","article_modified_time":"2024-10-25T10:53:57+00:00","og_image":[{"width":1920,"height":824,"url":"https:\/\/www.7seasonsapartments.com\/wp-content\/uploads\/2023\/06\/7sa_top_1920_1b_02.jpg","type":"image\/jpeg"}],"twitter_card":"summary_large_image","twitter_misc":{"Est. reading time":"1 minute"},"schema":{"@context":"https:\/\/schema.org","@graph":[{"@type":"WebPage","@id":"https:\/\/www.7seasonsapartments.com\/de\/services","url":"https:\/\/www.7seasonsapartments.com\/de\/services","name":"Unser Service macht deinen Aufenthalt stressfrei | 7 Seasons Budapest","isPartOf":{"@id":"https:\/\/www.7seasonsapartments.com\/de#website"},"primaryImageOfPage":{"@id":"https:\/\/www.7seasonsapartments.com\/de\/services#primaryimage"},"image":{"@id":"https:\/\/www.7seasonsapartments.com\/de\/services#primaryimage"},"thumbnailUrl":"https:\/\/www.7seasonsapartments.com\/wp-content\/uploads\/2025\/11\/251118-BAR-7seasions-Appartman5391_RET-scaled.jpg","datePublished":"2020-05-05T12:08:54+00:00","dateModified":"2024-10-25T10:53:57+00:00","description":"Der Komfort eines Zuhauses mit 24\/7-Rezeption, t\u00e4glichem Zimmerservice, Fr\u00fchst\u00fcck, Kinderbetreuung, Flughafentransfer und gesichertem Parkplatz in Budapest","breadcrumb":{"@id":"https:\/\/www.7seasonsapartments.com\/de\/services#breadcrumb"},"inLanguage":"de-DE","potentialAction":[{"@type":"ReadAction","target":["https:\/\/www.7seasonsapartments.com\/de\/services"]}]},{"@type":"ImageObject","inLanguage":"de-DE","@id":"https:\/\/www.7seasonsapartments.com\/de\/services#primaryimage","url":"https:\/\/www.7seasonsapartments.com\/wp-content\/uploads\/2025\/11\/251118-BAR-7seasions-Appartman5391_RET-scaled.jpg","contentUrl":"https:\/\/www.7seasonsapartments.com\/wp-content\/uploads\/2025\/11\/251118-BAR-7seasions-Appartman5391_RET-scaled.jpg","width":2560,"height":1280},{"@type":"BreadcrumbList","@id":"https:\/\/www.7seasonsapartments.com\/de\/services#breadcrumb","itemListElement":[{"@type":"ListItem","position":1,"name":"Home","item":"https:\/\/www.7seasonsapartments.com\/de\/startseite"},{"@type":"ListItem","position":2,"name":"Unser Service"}]},{"@type":"WebSite","@id":"https:\/\/www.7seasonsapartments.com\/de#website","url":"https:\/\/www.7seasonsapartments.com\/de","name":"7Seasons Apartments","description":"...egy \u00fajabb WordPress honlap...","potentialAction":[{"@type":"SearchAction","target":{"@type":"EntryPoint","urlTemplate":"https:\/\/www.7seasonsapartments.com\/de?s={search_term_string}"},"query-input":{"@type":"PropertyValueSpecification","valueRequired":true,"valueName":"search_term_string"}}],"inLanguage":"de-DE"}]}},"_links":{"self":[{"href":"https:\/\/www.7seasonsapartments.com\/de\/wp-json\/wp\/v2\/pages\/7267","targetHints":{"allow":["GET"]}}],"collection":[{"href":"https:\/\/www.7seasonsapartments.com\/de\/wp-json\/wp\/v2\/pages"}],"about":[{"href":"https:\/\/www.7seasonsapartments.com\/de\/wp-json\/wp\/v2\/types\/page"}],"author":[{"embeddable":true,"href":"https:\/\/www.7seasonsapartments.com\/de\/wp-json\/wp\/v2\/users\/4"}],"replies":[{"embeddable":true,"href":"https:\/\/www.7seasonsapartments.com\/de\/wp-json\/wp\/v2\/comments?post=7267"}],"version-history":[{"count":11,"href":"https:\/\/www.7seasonsapartments.com\/de\/wp-json\/wp\/v2\/pages\/7267\/revisions"}],"predecessor-version":[{"id":10074,"href":"https:\/\/www.7seasonsapartments.com\/de\/wp-json\/wp\/v2\/pages\/7267\/revisions\/10074"}],"wp:featuredmedia":[{"embeddable":true,"href":"https:\/\/www.7seasonsapartments.com\/de\/wp-json\/wp\/v2\/media\/11245"}],"wp:attachment":[{"href":"https:\/\/www.7seasonsapartments.com\/de\/wp-json\/wp\/v2\/media?parent=7267"}],"curies":[{"name":"wp","href":"https:\/\/api.w.org\/{rel}","templated":true}]}}