{"id":7275,"date":"2020-05-06T06:35:26","date_gmt":"2020-05-06T06:35:26","guid":{"rendered":"https:\/\/www.7seasonsapartments.com\/services\/antre_restaurant"},"modified":"2023-08-18T12:41:41","modified_gmt":"2023-08-18T12:41:41","slug":"antre_restaurant","status":"publish","type":"page","link":"https:\/\/www.7seasonsapartments.com\/de\/services\/antre_restaurant","title":{"rendered":"Antr\u00e9 Restaurant"},"content":{"rendered":"<h3>Ungarische Gastronomie-Erlebnis<\/h3>\n<p>&nbsp;<\/p>\n<p><strong>Ausgew\u00e4hlte, hochwertige Zutaten und echte lokale Geschmackserlebnisse sind die Hauptmerkmale der ungarischen K\u00fcche des Restaurants Antr\u00e9. All das w\u00fcrzen wir mit einem freundlichen und professionellen Service, den du genie\u00dfen kannst.<\/strong><\/p>\n<p>&nbsp;<\/p>\n<p>Du suchst ein authentisches ungarisches Restaurant in der Innenstadt von Budapest? Dann bist du im Antr\u00e9 Restaurant genau richtig, denn hier servieren wir stolz k\u00f6stliche ungarische K\u00fcche und Wein.<\/p>\n<p>&nbsp;<\/p>\n<p>&nbsp;<\/p>\n<p>&nbsp;<\/p>\n<p>&nbsp;<\/p>\n<div class=\"advantages white-advantages antre\">\r\n  <section class=\"container\">\r\n        <h2 class=\"white-text narrow-title\">\r\n      <span class=\"mini-underline\">Entspannt wie ein Hotel<\/span>\r\n      <span>Komfort wie zu Hause<\/span>\r\n    <\/h2>\r\n    \r\n    \r\n    <ul class=\"advantages-list white-text\">\r\n                      <li >\r\n                                       <i class=\"icon-alacarte\"><\/i>                    <h3>A 'La Carte<\/h3>\r\n                    <p><a href=\"https:\/\/www.antrebudapest.com\/a-la-carte-menu\" target=\"_blank\" rel=\"noopener\">Entdecke die authentischen Aromen Ungarns, probiere mit uns unsere k\u00f6stlichen Gerichte und ausgezeichneten Weine, w\u00e4hrend du in unsere gem\u00fctliche Atmosph\u00e4re eintauchst. <strong>&gt;&gt;<\/strong><\/a><\/p>\r\n                                  <\/li>\r\n                      <li >\r\n                                       <i class=\"icon-tastingmenu\"><\/i>                    <h3>Exklusiver Rabatt<\/h3>\r\n                    <p>Als gesch\u00e4tzter Gast freuen wir uns, dir einen exklusiven Rabatt von 10 % auf dein Essen bei Antr\u00e9 anbieten zu k\u00f6nnen.<\/p>\r\n                                  <\/li>\r\n                      <li >\r\n                                       <i class=\"icon-breakfast\"><\/i>                    <h3>Morgens Buffet<\/h3>\r\n                    <p><p style=\"text-align: left;\"><a href=\"\/de\/services\/fruhstuck\"><span data-sheets-root=\"1\">Starte deinen Tag mit einem reichhaltigen Fr\u00fchst\u00fccksbuffet in unserem Restaurant vor Ort. Wir bieten ein komplettes Buffet mit warmen und kalten Speisen an.<\/span><\/a><\/p><\/p>\r\n                                  <\/li>\r\n          <\/ul>\r\n    \r\n  <\/section>\r\n<\/div>\r\n\n<p>&nbsp;<\/p>\n<p>&nbsp;<\/p>\n<p>&nbsp;<\/p>\n<h3><\/h3>\n<h3>Lokale Aromen erleben<\/h3>\n<p>Im Antr\u00e9 Restaurant sind wir leidenschaftlich f\u00fcr Essen und bringen die einzigartigen Aromen der ungarischen K\u00fcche auf deinen Tisch. Wir legen Wert auf lokal bezogene Zutaten und folgen dem Konzept vom Bauernhof bis zum Teller. Das bedeutet, dass einige unserer Zutaten direkt von lokalen Bauernh\u00f6fen stammen, um Frische und Qualit\u00e4t in jedem Gericht zu gew\u00e4hrleisten.<\/p>\n<p>&nbsp;<\/p>\n<h3><\/h3>\n<h3>Saisonale Men\u00fcs<\/h3>\n<p>Um dir das beste kulinarische Erlebnis zu bieten, aktualisieren wir unsere Mittags- und Abendmen\u00fcs mit jeder Jahreszeit. Unser Fokus liegt darauf, die frischesten verf\u00fcgbaren Zutaten zu verwenden, was zu k\u00f6stlichen ungarischen Gerichten mit einem modernen Touch f\u00fchrt. Von klassischen Favoriten bis hin zu innovativen Kreationen sind unsere Mahlzeiten von lokalen und internationalen Rezepten inspiriert.<\/p>\n<p>&nbsp;<\/p>\n<h3><\/h3>\n<h3>K\u00f6stliche Getr\u00e4nke<\/h3>\n<p>Unsere voll ausgestattete Bar bietet eine breite Auswahl an Getr\u00e4nken, die deine Mahlzeit erg\u00e4nzen. W\u00e4hle aus lokalen und importierten Bieren, handgefertigten Cocktails und einer vielf\u00e4ltigen Auswahl exquisiter ungarischer Weine. Erkunde unsere sorgf\u00e4ltig zusammengestellte Weinkarte, die renommierte Weine aus den ber\u00fchmtesten ungarischen Regionen enth\u00e4lt, darunter Egri bikav\u00e9r, Tokaji Furmint und die besten Auswahl von Balaton.<\/p>\n<p>&nbsp;<\/p>\n<h3><\/h3>\n<h3>Einladende Atmosph\u00e4re<\/h3>\n<p>Antr\u00e9 ist darauf bedacht, ein unvergessliches kulinarisches Erlebnis f\u00fcr Einheimische und Besucher zu schaffen. Betrete unsere moderne und gem\u00fctliche Atmosph\u00e4re, inklusive einer verglasten Terrasse. Unser freundliches Personal ist darauf bedacht, deinen Komfort und Genuss sicherzustellen. Mit unserem au\u00dfergew\u00f6hnlichen Service, unserer erstklassigen Weinsammlung und den k\u00f6stlichen ungarischen Gerichten wird jeder Besuch im Antr\u00e9 unvergesslich sein.<\/p>\n<p>&nbsp;<\/p>\n<p>&nbsp;<\/p>\n<p><strong>BEGLEITE UNS IM ANTR\u00c9 RESTAURANT<\/strong><\/p>\n<p><strong>Um deinen Platz im Antr\u00e9 Restaurant Budapest zu sichern, reserviere noch heute.<\/strong><\/p>\n<p>&nbsp;<\/p>\n<h3><a href=\"https:\/\/www.antrebudapest.com\/reservation-page\" target=\"_blank\" rel=\"noopener\">Tisch Reservieren\u00a0 &gt;&gt;<\/a><\/h3>\n<p>&nbsp;<\/p>\n<p>Komm und genie\u00dfe die K\u00f6stlichkeiten der modernen ungarischen K\u00fcche in einem wundersch\u00f6nen Ambiente im Antr\u00e9 Restaurant. Tauche ein in die Aromen Ungarns und genie\u00dfe das Antr\u00e9-Erlebnis. Egal ob du zum Fr\u00fchst\u00fcck, Mittag- oder Abendessen kommst, unsere T\u00fcren sind von 7:30 bis 12:00 Uhr zum Fr\u00fchst\u00fcck und von 13:00 bis 23:00 Uhr zum Mittag- und Abendessen ge\u00f6ffnet.<\/p>\n<p>&nbsp;<\/p>\n<p>&nbsp;<\/p>\n","protected":false},"excerpt":{"rendered":"<p>Ungarische Gastronomie-Erlebnis &nbsp; Ausgew\u00e4hlte, hochwertige Zutaten und echte lokale Geschmackserlebnisse sind die Hauptmerkmale der ungarischen K\u00fcche des Restaurants Antr\u00e9. All das w\u00fcrzen wir mit einem freundlichen und professionellen Service, den du genie\u00dfen kannst. &nbsp; Du suchst ein authentisches ungarisches Restaurant in der Innenstadt von Budapest? Dann bist du im Antr\u00e9 Restaurant genau richtig, denn hier [&hellip;]<\/p>\n","protected":false},"author":4,"featured_media":6490,"parent":7267,"menu_order":0,"comment_status":"closed","ping_status":"closed","template":"template-antre.php","meta":{"_acf_changed":false,"footnotes":""},"class_list":["post-7275","page","type-page","status-publish","has-post-thumbnail","hentry"],"acf":[],"yoast_head":"<!-- This site is optimized with the Yoast SEO plugin v27.4 - https:\/\/yoast.com\/product\/yoast-seo-wordpress\/ -->\n<title>Moderne ungarische K\u00fcche in Budapest | Antr\u00e9 Restaurant<\/title>\n<meta name=\"description\" content=\"Moderne ungarische K\u00fcche im Antr\u00e9 Restaurant in den 7 Seasons Apartments Budapest. Reichhaltiges Fr\u00fchst\u00fccksbuffet, Business-Lunch, Abendessen a&#039;la carte.\" \/>\n<meta name=\"robots\" content=\"index, follow, max-snippet:-1, max-image-preview:large, max-video-preview:-1\" \/>\n<link rel=\"canonical\" href=\"https:\/\/www.7seasonsapartments.com\/de\/services\/antre_restaurant\" \/>\n<meta property=\"og:locale\" content=\"de_DE\" \/>\n<meta property=\"og:type\" content=\"article\" \/>\n<meta property=\"og:title\" content=\"Moderne ungarische K\u00fcche in Budapest | Antr\u00e9 Restaurant\" \/>\n<meta property=\"og:description\" content=\"Moderne ungarische K\u00fcche im Antr\u00e9 Restaurant in den 7 Seasons Apartments Budapest. Reichhaltiges Fr\u00fchst\u00fccksbuffet, Business-Lunch, Abendessen a&#039;la carte.\" \/>\n<meta property=\"og:url\" content=\"https:\/\/www.7seasonsapartments.com\/de\/services\/antre_restaurant\" \/>\n<meta property=\"og:site_name\" content=\"7Seasons Apartments\" \/>\n<meta property=\"article:modified_time\" content=\"2023-08-18T12:41:41+00:00\" \/>\n<meta property=\"og:image\" content=\"https:\/\/www.7seasonsapartments.com\/wp-content\/uploads\/2023\/06\/7sa_top_1920_antre_interior.jpg\" \/>\n\t<meta property=\"og:image:width\" content=\"1920\" \/>\n\t<meta property=\"og:image:height\" content=\"824\" \/>\n\t<meta property=\"og:image:type\" content=\"image\/jpeg\" \/>\n<meta name=\"twitter:card\" content=\"summary_large_image\" \/>\n<meta name=\"twitter:label1\" content=\"Est. reading time\" \/>\n\t<meta name=\"twitter:data1\" content=\"2 minutes\" \/>\n<script type=\"application\/ld+json\" class=\"yoast-schema-graph\">{\"@context\":\"https:\\\/\\\/schema.org\",\"@graph\":[{\"@type\":\"WebPage\",\"@id\":\"https:\\\/\\\/www.7seasonsapartments.com\\\/de\\\/services\\\/antre_restaurant\",\"url\":\"https:\\\/\\\/www.7seasonsapartments.com\\\/de\\\/services\\\/antre_restaurant\",\"name\":\"Moderne ungarische K\u00fcche in Budapest | Antr\u00e9 Restaurant\",\"isPartOf\":{\"@id\":\"https:\\\/\\\/www.7seasonsapartments.com\\\/de#website\"},\"primaryImageOfPage\":{\"@id\":\"https:\\\/\\\/www.7seasonsapartments.com\\\/de\\\/services\\\/antre_restaurant#primaryimage\"},\"image\":{\"@id\":\"https:\\\/\\\/www.7seasonsapartments.com\\\/de\\\/services\\\/antre_restaurant#primaryimage\"},\"thumbnailUrl\":\"https:\\\/\\\/www.7seasonsapartments.com\\\/wp-content\\\/uploads\\\/2023\\\/06\\\/7sa_top_1920_antre_interior.jpg\",\"datePublished\":\"2020-05-06T06:35:26+00:00\",\"dateModified\":\"2023-08-18T12:41:41+00:00\",\"description\":\"Moderne ungarische K\u00fcche im Antr\u00e9 Restaurant in den 7 Seasons Apartments Budapest. Reichhaltiges Fr\u00fchst\u00fccksbuffet, Business-Lunch, Abendessen a'la carte.\",\"breadcrumb\":{\"@id\":\"https:\\\/\\\/www.7seasonsapartments.com\\\/de\\\/services\\\/antre_restaurant#breadcrumb\"},\"inLanguage\":\"de-DE\",\"potentialAction\":[{\"@type\":\"ReadAction\",\"target\":[\"https:\\\/\\\/www.7seasonsapartments.com\\\/de\\\/services\\\/antre_restaurant\"]}]},{\"@type\":\"ImageObject\",\"inLanguage\":\"de-DE\",\"@id\":\"https:\\\/\\\/www.7seasonsapartments.com\\\/de\\\/services\\\/antre_restaurant#primaryimage\",\"url\":\"https:\\\/\\\/www.7seasonsapartments.com\\\/wp-content\\\/uploads\\\/2023\\\/06\\\/7sa_top_1920_antre_interior.jpg\",\"contentUrl\":\"https:\\\/\\\/www.7seasonsapartments.com\\\/wp-content\\\/uploads\\\/2023\\\/06\\\/7sa_top_1920_antre_interior.jpg\",\"width\":1920,\"height\":824},{\"@type\":\"BreadcrumbList\",\"@id\":\"https:\\\/\\\/www.7seasonsapartments.com\\\/de\\\/services\\\/antre_restaurant#breadcrumb\",\"itemListElement\":[{\"@type\":\"ListItem\",\"position\":1,\"name\":\"Home\",\"item\":\"https:\\\/\\\/www.7seasonsapartments.com\\\/de\\\/startseite\"},{\"@type\":\"ListItem\",\"position\":2,\"name\":\"Unser Service\",\"item\":\"https:\\\/\\\/www.7seasonsapartments.com\\\/de\\\/services\"},{\"@type\":\"ListItem\",\"position\":3,\"name\":\"Antr\u00e9 Restaurant\"}]},{\"@type\":\"WebSite\",\"@id\":\"https:\\\/\\\/www.7seasonsapartments.com\\\/de#website\",\"url\":\"https:\\\/\\\/www.7seasonsapartments.com\\\/de\",\"name\":\"7Seasons Apartments\",\"description\":\"...egy \u00fajabb WordPress honlap...\",\"potentialAction\":[{\"@type\":\"SearchAction\",\"target\":{\"@type\":\"EntryPoint\",\"urlTemplate\":\"https:\\\/\\\/www.7seasonsapartments.com\\\/de?s={search_term_string}\"},\"query-input\":{\"@type\":\"PropertyValueSpecification\",\"valueRequired\":true,\"valueName\":\"search_term_string\"}}],\"inLanguage\":\"de-DE\"}]}<\/script>\n<!-- \/ Yoast SEO plugin. -->","yoast_head_json":{"title":"Moderne ungarische K\u00fcche in Budapest | Antr\u00e9 Restaurant","description":"Moderne ungarische K\u00fcche im Antr\u00e9 Restaurant in den 7 Seasons Apartments Budapest. Reichhaltiges Fr\u00fchst\u00fccksbuffet, Business-Lunch, Abendessen a'la carte.","robots":{"index":"index","follow":"follow","max-snippet":"max-snippet:-1","max-image-preview":"max-image-preview:large","max-video-preview":"max-video-preview:-1"},"canonical":"https:\/\/www.7seasonsapartments.com\/de\/services\/antre_restaurant","og_locale":"de_DE","og_type":"article","og_title":"Moderne ungarische K\u00fcche in Budapest | Antr\u00e9 Restaurant","og_description":"Moderne ungarische K\u00fcche im Antr\u00e9 Restaurant in den 7 Seasons Apartments Budapest. Reichhaltiges Fr\u00fchst\u00fccksbuffet, Business-Lunch, Abendessen a'la carte.","og_url":"https:\/\/www.7seasonsapartments.com\/de\/services\/antre_restaurant","og_site_name":"7Seasons Apartments","article_modified_time":"2023-08-18T12:41:41+00:00","og_image":[{"width":1920,"height":824,"url":"https:\/\/www.7seasonsapartments.com\/wp-content\/uploads\/2023\/06\/7sa_top_1920_antre_interior.jpg","type":"image\/jpeg"}],"twitter_card":"summary_large_image","twitter_misc":{"Est. reading time":"2 minutes"},"schema":{"@context":"https:\/\/schema.org","@graph":[{"@type":"WebPage","@id":"https:\/\/www.7seasonsapartments.com\/de\/services\/antre_restaurant","url":"https:\/\/www.7seasonsapartments.com\/de\/services\/antre_restaurant","name":"Moderne ungarische K\u00fcche in Budapest | Antr\u00e9 Restaurant","isPartOf":{"@id":"https:\/\/www.7seasonsapartments.com\/de#website"},"primaryImageOfPage":{"@id":"https:\/\/www.7seasonsapartments.com\/de\/services\/antre_restaurant#primaryimage"},"image":{"@id":"https:\/\/www.7seasonsapartments.com\/de\/services\/antre_restaurant#primaryimage"},"thumbnailUrl":"https:\/\/www.7seasonsapartments.com\/wp-content\/uploads\/2023\/06\/7sa_top_1920_antre_interior.jpg","datePublished":"2020-05-06T06:35:26+00:00","dateModified":"2023-08-18T12:41:41+00:00","description":"Moderne ungarische K\u00fcche im Antr\u00e9 Restaurant in den 7 Seasons Apartments Budapest. Reichhaltiges Fr\u00fchst\u00fccksbuffet, Business-Lunch, Abendessen a'la carte.","breadcrumb":{"@id":"https:\/\/www.7seasonsapartments.com\/de\/services\/antre_restaurant#breadcrumb"},"inLanguage":"de-DE","potentialAction":[{"@type":"ReadAction","target":["https:\/\/www.7seasonsapartments.com\/de\/services\/antre_restaurant"]}]},{"@type":"ImageObject","inLanguage":"de-DE","@id":"https:\/\/www.7seasonsapartments.com\/de\/services\/antre_restaurant#primaryimage","url":"https:\/\/www.7seasonsapartments.com\/wp-content\/uploads\/2023\/06\/7sa_top_1920_antre_interior.jpg","contentUrl":"https:\/\/www.7seasonsapartments.com\/wp-content\/uploads\/2023\/06\/7sa_top_1920_antre_interior.jpg","width":1920,"height":824},{"@type":"BreadcrumbList","@id":"https:\/\/www.7seasonsapartments.com\/de\/services\/antre_restaurant#breadcrumb","itemListElement":[{"@type":"ListItem","position":1,"name":"Home","item":"https:\/\/www.7seasonsapartments.com\/de\/startseite"},{"@type":"ListItem","position":2,"name":"Unser Service","item":"https:\/\/www.7seasonsapartments.com\/de\/services"},{"@type":"ListItem","position":3,"name":"Antr\u00e9 Restaurant"}]},{"@type":"WebSite","@id":"https:\/\/www.7seasonsapartments.com\/de#website","url":"https:\/\/www.7seasonsapartments.com\/de","name":"7Seasons Apartments","description":"...egy \u00fajabb WordPress honlap...","potentialAction":[{"@type":"SearchAction","target":{"@type":"EntryPoint","urlTemplate":"https:\/\/www.7seasonsapartments.com\/de?s={search_term_string}"},"query-input":{"@type":"PropertyValueSpecification","valueRequired":true,"valueName":"search_term_string"}}],"inLanguage":"de-DE"}]}},"_links":{"self":[{"href":"https:\/\/www.7seasonsapartments.com\/de\/wp-json\/wp\/v2\/pages\/7275","targetHints":{"allow":["GET"]}}],"collection":[{"href":"https:\/\/www.7seasonsapartments.com\/de\/wp-json\/wp\/v2\/pages"}],"about":[{"href":"https:\/\/www.7seasonsapartments.com\/de\/wp-json\/wp\/v2\/types\/page"}],"author":[{"embeddable":true,"href":"https:\/\/www.7seasonsapartments.com\/de\/wp-json\/wp\/v2\/users\/4"}],"replies":[{"embeddable":true,"href":"https:\/\/www.7seasonsapartments.com\/de\/wp-json\/wp\/v2\/comments?post=7275"}],"version-history":[{"count":8,"href":"https:\/\/www.7seasonsapartments.com\/de\/wp-json\/wp\/v2\/pages\/7275\/revisions"}],"predecessor-version":[{"id":7291,"href":"https:\/\/www.7seasonsapartments.com\/de\/wp-json\/wp\/v2\/pages\/7275\/revisions\/7291"}],"up":[{"embeddable":true,"href":"https:\/\/www.7seasonsapartments.com\/de\/wp-json\/wp\/v2\/pages\/7267"}],"wp:featuredmedia":[{"embeddable":true,"href":"https:\/\/www.7seasonsapartments.com\/de\/wp-json\/wp\/v2\/media\/6490"}],"wp:attachment":[{"href":"https:\/\/www.7seasonsapartments.com\/de\/wp-json\/wp\/v2\/media?parent=7275"}],"curies":[{"name":"wp","href":"https:\/\/api.w.org\/{rel}","templated":true}]}}