{"id":7292,"date":"2022-05-24T11:09:02","date_gmt":"2022-05-24T11:09:02","guid":{"rendered":"https:\/\/www.7seasonsapartments.com\/services\/breakfast"},"modified":"2025-01-16T14:12:51","modified_gmt":"2025-01-16T14:12:51","slug":"fruhstuck","status":"publish","type":"page","link":"https:\/\/www.7seasonsapartments.com\/de\/services\/fruhstuck","title":{"rendered":"Buffet Fr\u00fchst\u00fcck"},"content":{"rendered":"<h2 class=\"mini-underline\">&#8220;All you can eat&#8221;<br \/>\nFr\u00fchst\u00fccks-buffet<\/h2>\n<p>&nbsp;<\/p>\n<p><strong><span data-sheets-value=\"{&quot;1&quot;:2,&quot;2&quot;:&quot;Begleite uns zu einem Fr\u00fchst\u00fccksbuffet im Restaurant Antre, um deinen Tag angenehm und energiegeladen zu beginnen. In unserer warmen und einladenden Atmosph\u00e4re bieten wir eine gro\u00dfe Auswahl an k\u00f6stlichen Gerichten f\u00fcr jeden Geschmack. So kannst du die komfortable Unterkunft im Apartment mit einem leckeren Fr\u00fchst\u00fcck in der angenehmen Umgebung unseres Caf\u00e9-Restaurants kombinieren!&quot;}\" data-sheets-userformat=\"{&quot;2&quot;:513,&quot;3&quot;:{&quot;1&quot;:0},&quot;12&quot;:0}\">Begleite uns zu einem Fr\u00fchst\u00fccksbuffet im Restaurant Antre, um deinen Tag angenehm und energiegeladen zu beginnen. In unserer warmen und einladenden Atmosph\u00e4re bieten wir eine gro\u00dfe Auswahl an k\u00f6stlichen Gerichten f\u00fcr jeden Geschmack. So kannst du die komfortable Unterkunft im Apartment mit einem leckeren Fr\u00fchst\u00fcck in der angenehmen Umgebung unseres Caf\u00e9-Restaurants kombinieren<\/span>!<br \/>\n<\/strong><\/p>\n<p>&nbsp;<\/p>\n<p>Das Fr\u00fchst\u00fccksbuffet kostet 18,00 EUR\/Person, Kleinkinder bis zu 2 Jahren fr\u00fchst\u00fccken kostenlos in Begleitung eines zahlenden Erwachsenen. Wir bieten ein erm\u00e4\u00dfigtes Fr\u00fchst\u00fcck f\u00fcr Kinder zwischen 3-12 Jahren f\u00fcr 9,0 EUR \/ Kind \/ Anlass.<\/p>\n<p>&nbsp;<\/p>\n<p>Das Buffetmen\u00fc kann t\u00e4glich gewechselt werden, um unseren G\u00e4sten eine abwechslungsreiche Auswahl f\u00fcr ihre morgendliche Mahlzeit zu bieten.<\/p>\n<p>&nbsp;<\/p>\n<p>G\u00f6nne dir unser warmes Buffet, an dem wir <strong>gebackene Tomatenbohnen<\/strong>, <strong>W\u00fcrstchen<\/strong> und eine <strong>Vielzahl nahrhafter Eier anbieten<\/strong>. Das kalte Buffet bietet eine verlockende Auswahl an verschiedenen <strong>ungarischen Aufschnitten<\/strong>, <strong>kalt ger\u00e4uchertem Lachs<\/strong> und einer <strong>Auswahl an ungarischen K\u00e4sesorten<\/strong>.<\/p>\n<p>Genie\u00dfe frische <strong>Salate, Obstsalate, Joghurt, M\u00fcsli<\/strong> und <strong>Trockenfr\u00fcchte<\/strong> f\u00fcr eine ges\u00fcndere Auswahl.<\/p>\n<p>Wir verstehen und ber\u00fccksichtigen die Ern\u00e4hrungsbed\u00fcrfnisse unserer G\u00e4ste: Wir bieten <strong>glutenfreie Produkte<\/strong> und <strong>pflanzliche Milch<\/strong> f\u00fcr diejenigen, die empfindlich sind.<\/p>\n<p>Abgerundet wird das Fr\u00fchst\u00fcck mit <strong>frisch gebackenen Croissants, Bagels <\/strong>und <strong>s\u00fc\u00dfen Mini-Leckereien<\/strong>.<\/p>\n<p>&nbsp;<\/p>\n<p>Im Restaurant Antre sind wir der Meinung, dass das Fr\u00fchst\u00fcck unverzichtbar ist, und unser Buffet ist f\u00fcr alle Ern\u00e4hrungsgewohnheiten geeignet, einschlie\u00dflich Optionen f\u00fcr Veganer und Vegetarier. Erlebe den Genuss eines kompletten Fr\u00fchst\u00fccks in einer freundlichen Umgebung.<\/p>\n<div class=\"reviews-section \">\r\n  <section class=\"container narrow\">\r\n       <h2 class=\"mini-underline widetitle\">Aktuelles Feedback zum Fr\u00fchst\u00fcck<\/h2>\r\n      <div class=\" owl-theme owl-carousel\"  data-itemstablet=\"2\" data-itemsdesktop=\"3\"  data-loop=\"true\">\r\n                          <div>\r\n                      <h4 class=\"normal-font-removed\">Top Empfehlung!<\/h4>\r\n                      <p class=\"review-text\">\"Das Apartment ist sehr wohnlich und gem\u00fctlich eingerichtet. Die Lage ist perfekt f\u00fcr einen St\u00e4dte Urlaub - alle Sehensw\u00fcrdigkeiten sind zu Fu\u00df erreichbar. Wie haben das Fr\u00fchst\u00fccksb\u00fcffet dazu gebucht und k\u00f6nnen das sehr empfehlen.\"<\/p>\r\n                      <span class=\"review-username\">Heidi <\/span>\r\n                      <span class=\"review-date\">December 2022<\/span>\r\n                      <span class=\"review-source\">BOOKING<\/span>\r\n                    <\/div>\r\n                                        <div>\r\n                      <h4 class=\"normal-font-removed\">Alles bestens<\/h4>\r\n                      <p class=\"review-text\">\"Wiederholung unbedingt vormerken! 1. Die Lage ist ganz hervorragend. N\u00e4he zum Verkehrszentrum: Viele Verkehrsverbindungen. Guter Zugang zur Flughafenverbindung! 2. Zimmer als Ferienwohnung optimal nutzbar! 3. Eines der besten Fr\u00fchst\u00fccksangebote \u00fcberhaupt! 4. Sehr freundliches und zuvorkommendes Personal. Ich selbst habe keine Minuspunkte anzumerken.\"<\/p>\r\n                      <span class=\"review-username\">Wolfgang <\/span>\r\n                      <span class=\"review-date\">Apr 2023<\/span>\r\n                      <span class=\"review-source\">BOOKING<\/span>\r\n                    <\/div>\r\n                                        <div>\r\n                      <h4 class=\"normal-font-removed\">Top Appartement im Herzen von Budapest<\/h4>\r\n                      <p class=\"review-text\">\"Super freundlicher Empfang samt Begleitung ins Parkhaus - bewachte Tiefgarage mit direkten Fahrstuhlzugang zu den Appartements - zentrale Lage, alles fussl\u00e4ufig erreichbar - sehr gutes Fr\u00fchst\u00fcck zubuchbar - gute Ausstattung, sehr ger\u00e4umig, bequeme Betten, Balkon - Preis \/ Leistung top\"<\/p>\r\n                      <span class=\"review-username\">Andre<\/span>\r\n                      <span class=\"review-date\">Aug 2021<\/span>\r\n                      <span class=\"review-source\">BOOKING<\/span>\r\n                    <\/div>\r\n                                        <div>\r\n                      <h4 class=\"normal-font-removed\">Sehr empfehlenswert<\/h4>\r\n                      <p class=\"review-text\">\"Wir waren sehr zufrieden. Waren super Tage! Man erreicht die Vaci utca, die Donau und somit alle Sehensw\u00fcrdigkeiten sehr schnell und einfach. Auch das Essen im Antre war grandios, wir haben nie schlecht gegessen. Top!\"<\/p>\r\n                      <span class=\"review-username\">Mindi<\/span>\r\n                      <span class=\"review-date\">Okt 2018<\/span>\r\n                      <span class=\"review-source\">TRIPADVISOR<\/span>\r\n                    <\/div>\r\n                        <\/div>\r\n      <\/section>\r\n<\/div>\r\n\r\n\n<p>&nbsp;<\/p>\n<p>&nbsp;<\/p>\n","protected":false},"excerpt":{"rendered":"<p>&#8220;All you can eat&#8221; Fr\u00fchst\u00fccks-buffet &nbsp; Begleite uns zu einem Fr\u00fchst\u00fccksbuffet im Restaurant Antre, um deinen Tag angenehm und energiegeladen zu beginnen. In unserer warmen und einladenden Atmosph\u00e4re bieten wir eine gro\u00dfe Auswahl an k\u00f6stlichen Gerichten f\u00fcr jeden Geschmack. So kannst du die komfortable Unterkunft im Apartment mit einem leckeren Fr\u00fchst\u00fcck in der angenehmen Umgebung [&hellip;]<\/p>\n","protected":false},"author":11,"featured_media":6521,"parent":7267,"menu_order":0,"comment_status":"closed","ping_status":"closed","template":"template-breakfast.php","meta":{"_acf_changed":false,"footnotes":""},"class_list":["post-7292","page","type-page","status-publish","has-post-thumbnail","hentry"],"acf":[],"yoast_head":"<!-- This site is optimized with the Yoast SEO plugin v27.4 - https:\/\/yoast.com\/product\/yoast-seo-wordpress\/ -->\n<title>Buffet Fr\u00fchst\u00fcck - 7Seasons Apartments<\/title>\n<meta name=\"robots\" content=\"index, follow, max-snippet:-1, max-image-preview:large, max-video-preview:-1\" \/>\n<link rel=\"canonical\" href=\"https:\/\/www.7seasonsapartments.com\/de\/services\/fruhstuck\" \/>\n<meta property=\"og:locale\" content=\"de_DE\" \/>\n<meta property=\"og:type\" content=\"article\" \/>\n<meta property=\"og:title\" content=\"Buffet Fr\u00fchst\u00fcck - 7Seasons Apartments\" \/>\n<meta property=\"og:description\" content=\"&#8220;All you can eat&#8221; Fr\u00fchst\u00fccks-buffet &nbsp; Begleite uns zu einem Fr\u00fchst\u00fccksbuffet im Restaurant Antre, um deinen Tag angenehm und energiegeladen zu beginnen. In unserer warmen und einladenden Atmosph\u00e4re bieten wir eine gro\u00dfe Auswahl an k\u00f6stlichen Gerichten f\u00fcr jeden Geschmack. So kannst du die komfortable Unterkunft im Apartment mit einem leckeren Fr\u00fchst\u00fcck in der angenehmen Umgebung [&hellip;]\" \/>\n<meta property=\"og:url\" content=\"https:\/\/www.7seasonsapartments.com\/de\/services\/fruhstuck\" \/>\n<meta property=\"og:site_name\" content=\"7Seasons Apartments\" \/>\n<meta property=\"article:modified_time\" content=\"2025-01-16T14:12:51+00:00\" \/>\n<meta property=\"og:image\" content=\"https:\/\/www.7seasonsapartments.com\/wp-content\/uploads\/2023\/06\/7sa_top_1920_antre_breakfast_04.jpg\" \/>\n\t<meta property=\"og:image:width\" content=\"1920\" \/>\n\t<meta property=\"og:image:height\" content=\"824\" \/>\n\t<meta property=\"og:image:type\" content=\"image\/jpeg\" \/>\n<meta name=\"twitter:card\" content=\"summary_large_image\" \/>\n<meta name=\"twitter:label1\" content=\"Est. reading time\" \/>\n\t<meta name=\"twitter:data1\" content=\"2 minutes\" \/>\n<script type=\"application\/ld+json\" class=\"yoast-schema-graph\">{\"@context\":\"https:\\\/\\\/schema.org\",\"@graph\":[{\"@type\":\"WebPage\",\"@id\":\"https:\\\/\\\/www.7seasonsapartments.com\\\/de\\\/services\\\/fruhstuck\",\"url\":\"https:\\\/\\\/www.7seasonsapartments.com\\\/de\\\/services\\\/fruhstuck\",\"name\":\"Buffet Fr\u00fchst\u00fcck - 7Seasons Apartments\",\"isPartOf\":{\"@id\":\"https:\\\/\\\/www.7seasonsapartments.com\\\/de#website\"},\"primaryImageOfPage\":{\"@id\":\"https:\\\/\\\/www.7seasonsapartments.com\\\/de\\\/services\\\/fruhstuck#primaryimage\"},\"image\":{\"@id\":\"https:\\\/\\\/www.7seasonsapartments.com\\\/de\\\/services\\\/fruhstuck#primaryimage\"},\"thumbnailUrl\":\"https:\\\/\\\/www.7seasonsapartments.com\\\/wp-content\\\/uploads\\\/2023\\\/06\\\/7sa_top_1920_antre_breakfast_04.jpg\",\"datePublished\":\"2022-05-24T11:09:02+00:00\",\"dateModified\":\"2025-01-16T14:12:51+00:00\",\"breadcrumb\":{\"@id\":\"https:\\\/\\\/www.7seasonsapartments.com\\\/de\\\/services\\\/fruhstuck#breadcrumb\"},\"inLanguage\":\"de-DE\",\"potentialAction\":[{\"@type\":\"ReadAction\",\"target\":[\"https:\\\/\\\/www.7seasonsapartments.com\\\/de\\\/services\\\/fruhstuck\"]}]},{\"@type\":\"ImageObject\",\"inLanguage\":\"de-DE\",\"@id\":\"https:\\\/\\\/www.7seasonsapartments.com\\\/de\\\/services\\\/fruhstuck#primaryimage\",\"url\":\"https:\\\/\\\/www.7seasonsapartments.com\\\/wp-content\\\/uploads\\\/2023\\\/06\\\/7sa_top_1920_antre_breakfast_04.jpg\",\"contentUrl\":\"https:\\\/\\\/www.7seasonsapartments.com\\\/wp-content\\\/uploads\\\/2023\\\/06\\\/7sa_top_1920_antre_breakfast_04.jpg\",\"width\":1920,\"height\":824},{\"@type\":\"BreadcrumbList\",\"@id\":\"https:\\\/\\\/www.7seasonsapartments.com\\\/de\\\/services\\\/fruhstuck#breadcrumb\",\"itemListElement\":[{\"@type\":\"ListItem\",\"position\":1,\"name\":\"Home\",\"item\":\"https:\\\/\\\/www.7seasonsapartments.com\\\/de\\\/startseite\"},{\"@type\":\"ListItem\",\"position\":2,\"name\":\"Unser Service\",\"item\":\"https:\\\/\\\/www.7seasonsapartments.com\\\/de\\\/services\"},{\"@type\":\"ListItem\",\"position\":3,\"name\":\"Buffet Fr\u00fchst\u00fcck\"}]},{\"@type\":\"WebSite\",\"@id\":\"https:\\\/\\\/www.7seasonsapartments.com\\\/de#website\",\"url\":\"https:\\\/\\\/www.7seasonsapartments.com\\\/de\",\"name\":\"7Seasons Apartments\",\"description\":\"...egy \u00fajabb WordPress honlap...\",\"potentialAction\":[{\"@type\":\"SearchAction\",\"target\":{\"@type\":\"EntryPoint\",\"urlTemplate\":\"https:\\\/\\\/www.7seasonsapartments.com\\\/de?s={search_term_string}\"},\"query-input\":{\"@type\":\"PropertyValueSpecification\",\"valueRequired\":true,\"valueName\":\"search_term_string\"}}],\"inLanguage\":\"de-DE\"}]}<\/script>\n<!-- \/ Yoast SEO plugin. -->","yoast_head_json":{"title":"Buffet Fr\u00fchst\u00fcck - 7Seasons Apartments","robots":{"index":"index","follow":"follow","max-snippet":"max-snippet:-1","max-image-preview":"max-image-preview:large","max-video-preview":"max-video-preview:-1"},"canonical":"https:\/\/www.7seasonsapartments.com\/de\/services\/fruhstuck","og_locale":"de_DE","og_type":"article","og_title":"Buffet Fr\u00fchst\u00fcck - 7Seasons Apartments","og_description":"&#8220;All you can eat&#8221; Fr\u00fchst\u00fccks-buffet &nbsp; Begleite uns zu einem Fr\u00fchst\u00fccksbuffet im Restaurant Antre, um deinen Tag angenehm und energiegeladen zu beginnen. In unserer warmen und einladenden Atmosph\u00e4re bieten wir eine gro\u00dfe Auswahl an k\u00f6stlichen Gerichten f\u00fcr jeden Geschmack. So kannst du die komfortable Unterkunft im Apartment mit einem leckeren Fr\u00fchst\u00fcck in der angenehmen Umgebung [&hellip;]","og_url":"https:\/\/www.7seasonsapartments.com\/de\/services\/fruhstuck","og_site_name":"7Seasons Apartments","article_modified_time":"2025-01-16T14:12:51+00:00","og_image":[{"width":1920,"height":824,"url":"https:\/\/www.7seasonsapartments.com\/wp-content\/uploads\/2023\/06\/7sa_top_1920_antre_breakfast_04.jpg","type":"image\/jpeg"}],"twitter_card":"summary_large_image","twitter_misc":{"Est. reading time":"2 minutes"},"schema":{"@context":"https:\/\/schema.org","@graph":[{"@type":"WebPage","@id":"https:\/\/www.7seasonsapartments.com\/de\/services\/fruhstuck","url":"https:\/\/www.7seasonsapartments.com\/de\/services\/fruhstuck","name":"Buffet Fr\u00fchst\u00fcck - 7Seasons Apartments","isPartOf":{"@id":"https:\/\/www.7seasonsapartments.com\/de#website"},"primaryImageOfPage":{"@id":"https:\/\/www.7seasonsapartments.com\/de\/services\/fruhstuck#primaryimage"},"image":{"@id":"https:\/\/www.7seasonsapartments.com\/de\/services\/fruhstuck#primaryimage"},"thumbnailUrl":"https:\/\/www.7seasonsapartments.com\/wp-content\/uploads\/2023\/06\/7sa_top_1920_antre_breakfast_04.jpg","datePublished":"2022-05-24T11:09:02+00:00","dateModified":"2025-01-16T14:12:51+00:00","breadcrumb":{"@id":"https:\/\/www.7seasonsapartments.com\/de\/services\/fruhstuck#breadcrumb"},"inLanguage":"de-DE","potentialAction":[{"@type":"ReadAction","target":["https:\/\/www.7seasonsapartments.com\/de\/services\/fruhstuck"]}]},{"@type":"ImageObject","inLanguage":"de-DE","@id":"https:\/\/www.7seasonsapartments.com\/de\/services\/fruhstuck#primaryimage","url":"https:\/\/www.7seasonsapartments.com\/wp-content\/uploads\/2023\/06\/7sa_top_1920_antre_breakfast_04.jpg","contentUrl":"https:\/\/www.7seasonsapartments.com\/wp-content\/uploads\/2023\/06\/7sa_top_1920_antre_breakfast_04.jpg","width":1920,"height":824},{"@type":"BreadcrumbList","@id":"https:\/\/www.7seasonsapartments.com\/de\/services\/fruhstuck#breadcrumb","itemListElement":[{"@type":"ListItem","position":1,"name":"Home","item":"https:\/\/www.7seasonsapartments.com\/de\/startseite"},{"@type":"ListItem","position":2,"name":"Unser Service","item":"https:\/\/www.7seasonsapartments.com\/de\/services"},{"@type":"ListItem","position":3,"name":"Buffet Fr\u00fchst\u00fcck"}]},{"@type":"WebSite","@id":"https:\/\/www.7seasonsapartments.com\/de#website","url":"https:\/\/www.7seasonsapartments.com\/de","name":"7Seasons Apartments","description":"...egy \u00fajabb WordPress honlap...","potentialAction":[{"@type":"SearchAction","target":{"@type":"EntryPoint","urlTemplate":"https:\/\/www.7seasonsapartments.com\/de?s={search_term_string}"},"query-input":{"@type":"PropertyValueSpecification","valueRequired":true,"valueName":"search_term_string"}}],"inLanguage":"de-DE"}]}},"_links":{"self":[{"href":"https:\/\/www.7seasonsapartments.com\/de\/wp-json\/wp\/v2\/pages\/7292","targetHints":{"allow":["GET"]}}],"collection":[{"href":"https:\/\/www.7seasonsapartments.com\/de\/wp-json\/wp\/v2\/pages"}],"about":[{"href":"https:\/\/www.7seasonsapartments.com\/de\/wp-json\/wp\/v2\/types\/page"}],"author":[{"embeddable":true,"href":"https:\/\/www.7seasonsapartments.com\/de\/wp-json\/wp\/v2\/users\/11"}],"replies":[{"embeddable":true,"href":"https:\/\/www.7seasonsapartments.com\/de\/wp-json\/wp\/v2\/comments?post=7292"}],"version-history":[{"count":13,"href":"https:\/\/www.7seasonsapartments.com\/de\/wp-json\/wp\/v2\/pages\/7292\/revisions"}],"predecessor-version":[{"id":10909,"href":"https:\/\/www.7seasonsapartments.com\/de\/wp-json\/wp\/v2\/pages\/7292\/revisions\/10909"}],"up":[{"embeddable":true,"href":"https:\/\/www.7seasonsapartments.com\/de\/wp-json\/wp\/v2\/pages\/7267"}],"wp:featuredmedia":[{"embeddable":true,"href":"https:\/\/www.7seasonsapartments.com\/de\/wp-json\/wp\/v2\/media\/6521"}],"wp:attachment":[{"href":"https:\/\/www.7seasonsapartments.com\/de\/wp-json\/wp\/v2\/media?parent=7292"}],"curies":[{"name":"wp","href":"https:\/\/api.w.org\/{rel}","templated":true}]}}