{"id":7304,"date":"2022-02-02T10:00:33","date_gmt":"2022-02-02T10:00:33","guid":{"rendered":"https:\/\/www.7seasonsapartments.com\/services\/children_amenities"},"modified":"2025-01-16T14:14:59","modified_gmt":"2025-01-16T14:14:59","slug":"kinder_ausstattung","status":"publish","type":"page","link":"https:\/\/www.7seasonsapartments.com\/de\/services\/kinder_ausstattung","title":{"rendered":"Kinder Ausstattung"},"content":{"rendered":"<h2><span data-sheets-value=\"{&quot;1&quot;:2,&quot;2&quot;:&quot;Toller Service f\u00fcr die ganze Familie&quot;}\" data-sheets-userformat=\"{&quot;2&quot;:4737,&quot;3&quot;:{&quot;1&quot;:0},&quot;10&quot;:2,&quot;12&quot;:0,&quot;15&quot;:&quot;arial,sans,sans-serif&quot;}\">Toller Service f\u00fcr die ganze Familie<\/span><\/h2>\n<p>&nbsp;<\/p>\n<p>Wir wissen aus eigener Erfahrung, dass das Reisen mit Kindern eine Herausforderung sein kann, wenn man eine Menge zus\u00e4tzlicher Sachen mit sich herumschleppen muss. Um deinen Aufenthalt so angenehm wie m\u00f6glich zu gestalten, bieten wir dir die Annehmlichkeiten, die du mit einem kleinen Kind brauchen k\u00f6nntest, KOSTENLOS an.<\/p>\n<p>&nbsp;<\/p>\n<p>&nbsp;<\/p>\n<h4>Annehmlichkeiten f\u00fcr Kinder werden kostenlos zur Verf\u00fcgung gestellt:<\/h4>\n<p>&nbsp;<\/p>\n<p>&#8211; Babybett mit Matratze und Bettzeug<\/p>\n<p>&#8211; Hochstuhl<\/p>\n<p>&#8211; Plastikteller und Besteck f\u00fcr Kleinkinder<\/p>\n<p>&#8211; T\u00f6pfchenstuhl<\/p>\n<p>&#8211; Babywanne f\u00fcr Kleinkinder<\/p>\n<p>&#8211; rutschfeste Badematte f\u00fcr Kleinkinder<\/p>\n<p>&#8211; Windeleimer<\/p>\n<p>&#8211; Babyspielzeug<\/p>\n<p>&#8211; Sicherheitskindersitz\/Booster (wenn du unseren Transferservice buchst)<\/p>\n<p>&nbsp;<\/p>\n<p>&nbsp;<\/p>\n<p>&nbsp;<\/p>\n<h4>Fr\u00fchst\u00fccksrabatt<\/h4>\n<p>&nbsp;<\/p>\n<p><em><span data-offset-key=\"astu-94-0\">Kleinkinder bis zum Alter von 2 Jahren fr\u00fchst\u00fccken kostenlos, 1 Kind pro zahlendem Erwachsenen. F\u00fcr Kinder zwischen 3 und 12 Jahren gibt es 50% Erm\u00e4\u00dfigung auf das Fr\u00fchst\u00fcck, Kosten: 9 EUR pro Kind und Anlass<\/span><span data-offset-key=\"astu-95-0\">.<\/span><\/em><\/p>\n<p>&nbsp;<\/p>\n<p>&nbsp;<\/p>\n<h4>Kinderwagen zum Mieten<\/h4>\n<p>&nbsp;<\/p>\n<p>Eine begrenzte Anzahl von Kinderwagen kann an unserer Rezeption f\u00fcr EUR 12,00\/Tag gemietet werden. Bitte beachte, dass f\u00fcr den Kinderwagen eine Kaution von EUR 100,00 zu hinterlegen ist. Die Kaution bekommst du beim Umtausch des Kinderwagens zur\u00fcck.<\/p>\n<p>&nbsp;<\/p>\n<p>Und keine Sorge, alle diese Ger\u00e4te werden nach jedem Gebrauch sterilisiert!<\/p>\n<p>&nbsp;<\/p>\n","protected":false},"excerpt":{"rendered":"<p>Toller Service f\u00fcr die ganze Familie &nbsp; Wir wissen aus eigener Erfahrung, dass das Reisen mit Kindern eine Herausforderung sein kann, wenn man eine Menge zus\u00e4tzlicher Sachen mit sich herumschleppen muss. Um deinen Aufenthalt so angenehm wie m\u00f6glich zu gestalten, bieten wir dir die Annehmlichkeiten, die du mit einem kleinen Kind brauchen k\u00f6nntest, KOSTENLOS an. [&hellip;]<\/p>\n","protected":false},"author":10,"featured_media":9987,"parent":7267,"menu_order":0,"comment_status":"open","ping_status":"open","template":"","meta":{"_acf_changed":false,"footnotes":""},"class_list":["post-7304","page","type-page","status-publish","has-post-thumbnail","hentry"],"acf":[],"yoast_head":"<!-- This site is optimized with the Yoast SEO plugin v27.4 - https:\/\/yoast.com\/product\/yoast-seo-wordpress\/ -->\n<title>Kinder Ausstattung - 7Seasons Apartments<\/title>\n<meta name=\"robots\" content=\"index, follow, max-snippet:-1, max-image-preview:large, max-video-preview:-1\" \/>\n<link rel=\"canonical\" href=\"https:\/\/www.7seasonsapartments.com\/de\/services\/kinder_ausstattung\" \/>\n<meta property=\"og:locale\" content=\"de_DE\" \/>\n<meta property=\"og:type\" content=\"article\" \/>\n<meta property=\"og:title\" content=\"Kinder Ausstattung - 7Seasons Apartments\" \/>\n<meta property=\"og:description\" content=\"Toller Service f\u00fcr die ganze Familie &nbsp; Wir wissen aus eigener Erfahrung, dass das Reisen mit Kindern eine Herausforderung sein kann, wenn man eine Menge zus\u00e4tzlicher Sachen mit sich herumschleppen muss. Um deinen Aufenthalt so angenehm wie m\u00f6glich zu gestalten, bieten wir dir die Annehmlichkeiten, die du mit einem kleinen Kind brauchen k\u00f6nntest, KOSTENLOS an. [&hellip;]\" \/>\n<meta property=\"og:url\" content=\"https:\/\/www.7seasonsapartments.com\/de\/services\/kinder_ausstattung\" \/>\n<meta property=\"og:site_name\" content=\"7Seasons Apartments\" \/>\n<meta property=\"article:modified_time\" content=\"2025-01-16T14:14:59+00:00\" \/>\n<meta property=\"og:image\" content=\"https:\/\/www.7seasonsapartments.com\/wp-content\/uploads\/2024\/07\/7sa_top_1920_children_amenities_dlx.jpg\" \/>\n\t<meta property=\"og:image:width\" content=\"1980\" \/>\n\t<meta property=\"og:image:height\" content=\"850\" \/>\n\t<meta property=\"og:image:type\" content=\"image\/jpeg\" \/>\n<meta name=\"twitter:card\" content=\"summary_large_image\" \/>\n<meta name=\"twitter:label1\" content=\"Est. reading time\" \/>\n\t<meta name=\"twitter:data1\" content=\"1 minute\" \/>\n<script type=\"application\/ld+json\" class=\"yoast-schema-graph\">{\"@context\":\"https:\\\/\\\/schema.org\",\"@graph\":[{\"@type\":\"WebPage\",\"@id\":\"https:\\\/\\\/www.7seasonsapartments.com\\\/de\\\/services\\\/kinder_ausstattung\",\"url\":\"https:\\\/\\\/www.7seasonsapartments.com\\\/de\\\/services\\\/kinder_ausstattung\",\"name\":\"Kinder Ausstattung - 7Seasons Apartments\",\"isPartOf\":{\"@id\":\"https:\\\/\\\/www.7seasonsapartments.com\\\/de#website\"},\"primaryImageOfPage\":{\"@id\":\"https:\\\/\\\/www.7seasonsapartments.com\\\/de\\\/services\\\/kinder_ausstattung#primaryimage\"},\"image\":{\"@id\":\"https:\\\/\\\/www.7seasonsapartments.com\\\/de\\\/services\\\/kinder_ausstattung#primaryimage\"},\"thumbnailUrl\":\"https:\\\/\\\/www.7seasonsapartments.com\\\/wp-content\\\/uploads\\\/2024\\\/07\\\/7sa_top_1920_children_amenities_dlx.jpg\",\"datePublished\":\"2022-02-02T10:00:33+00:00\",\"dateModified\":\"2025-01-16T14:14:59+00:00\",\"breadcrumb\":{\"@id\":\"https:\\\/\\\/www.7seasonsapartments.com\\\/de\\\/services\\\/kinder_ausstattung#breadcrumb\"},\"inLanguage\":\"de-DE\",\"potentialAction\":[{\"@type\":\"ReadAction\",\"target\":[\"https:\\\/\\\/www.7seasonsapartments.com\\\/de\\\/services\\\/kinder_ausstattung\"]}]},{\"@type\":\"ImageObject\",\"inLanguage\":\"de-DE\",\"@id\":\"https:\\\/\\\/www.7seasonsapartments.com\\\/de\\\/services\\\/kinder_ausstattung#primaryimage\",\"url\":\"https:\\\/\\\/www.7seasonsapartments.com\\\/wp-content\\\/uploads\\\/2024\\\/07\\\/7sa_top_1920_children_amenities_dlx.jpg\",\"contentUrl\":\"https:\\\/\\\/www.7seasonsapartments.com\\\/wp-content\\\/uploads\\\/2024\\\/07\\\/7sa_top_1920_children_amenities_dlx.jpg\",\"width\":1980,\"height\":850},{\"@type\":\"BreadcrumbList\",\"@id\":\"https:\\\/\\\/www.7seasonsapartments.com\\\/de\\\/services\\\/kinder_ausstattung#breadcrumb\",\"itemListElement\":[{\"@type\":\"ListItem\",\"position\":1,\"name\":\"Home\",\"item\":\"https:\\\/\\\/www.7seasonsapartments.com\\\/de\\\/startseite\"},{\"@type\":\"ListItem\",\"position\":2,\"name\":\"Unser Service\",\"item\":\"https:\\\/\\\/www.7seasonsapartments.com\\\/de\\\/services\"},{\"@type\":\"ListItem\",\"position\":3,\"name\":\"Kinder Ausstattung\"}]},{\"@type\":\"WebSite\",\"@id\":\"https:\\\/\\\/www.7seasonsapartments.com\\\/de#website\",\"url\":\"https:\\\/\\\/www.7seasonsapartments.com\\\/de\",\"name\":\"7Seasons Apartments\",\"description\":\"...egy \u00fajabb WordPress honlap...\",\"potentialAction\":[{\"@type\":\"SearchAction\",\"target\":{\"@type\":\"EntryPoint\",\"urlTemplate\":\"https:\\\/\\\/www.7seasonsapartments.com\\\/de?s={search_term_string}\"},\"query-input\":{\"@type\":\"PropertyValueSpecification\",\"valueRequired\":true,\"valueName\":\"search_term_string\"}}],\"inLanguage\":\"de-DE\"}]}<\/script>\n<!-- \/ Yoast SEO plugin. -->","yoast_head_json":{"title":"Kinder Ausstattung - 7Seasons Apartments","robots":{"index":"index","follow":"follow","max-snippet":"max-snippet:-1","max-image-preview":"max-image-preview:large","max-video-preview":"max-video-preview:-1"},"canonical":"https:\/\/www.7seasonsapartments.com\/de\/services\/kinder_ausstattung","og_locale":"de_DE","og_type":"article","og_title":"Kinder Ausstattung - 7Seasons Apartments","og_description":"Toller Service f\u00fcr die ganze Familie &nbsp; Wir wissen aus eigener Erfahrung, dass das Reisen mit Kindern eine Herausforderung sein kann, wenn man eine Menge zus\u00e4tzlicher Sachen mit sich herumschleppen muss. Um deinen Aufenthalt so angenehm wie m\u00f6glich zu gestalten, bieten wir dir die Annehmlichkeiten, die du mit einem kleinen Kind brauchen k\u00f6nntest, KOSTENLOS an. [&hellip;]","og_url":"https:\/\/www.7seasonsapartments.com\/de\/services\/kinder_ausstattung","og_site_name":"7Seasons Apartments","article_modified_time":"2025-01-16T14:14:59+00:00","og_image":[{"width":1980,"height":850,"url":"https:\/\/www.7seasonsapartments.com\/wp-content\/uploads\/2024\/07\/7sa_top_1920_children_amenities_dlx.jpg","type":"image\/jpeg"}],"twitter_card":"summary_large_image","twitter_misc":{"Est. reading time":"1 minute"},"schema":{"@context":"https:\/\/schema.org","@graph":[{"@type":"WebPage","@id":"https:\/\/www.7seasonsapartments.com\/de\/services\/kinder_ausstattung","url":"https:\/\/www.7seasonsapartments.com\/de\/services\/kinder_ausstattung","name":"Kinder Ausstattung - 7Seasons Apartments","isPartOf":{"@id":"https:\/\/www.7seasonsapartments.com\/de#website"},"primaryImageOfPage":{"@id":"https:\/\/www.7seasonsapartments.com\/de\/services\/kinder_ausstattung#primaryimage"},"image":{"@id":"https:\/\/www.7seasonsapartments.com\/de\/services\/kinder_ausstattung#primaryimage"},"thumbnailUrl":"https:\/\/www.7seasonsapartments.com\/wp-content\/uploads\/2024\/07\/7sa_top_1920_children_amenities_dlx.jpg","datePublished":"2022-02-02T10:00:33+00:00","dateModified":"2025-01-16T14:14:59+00:00","breadcrumb":{"@id":"https:\/\/www.7seasonsapartments.com\/de\/services\/kinder_ausstattung#breadcrumb"},"inLanguage":"de-DE","potentialAction":[{"@type":"ReadAction","target":["https:\/\/www.7seasonsapartments.com\/de\/services\/kinder_ausstattung"]}]},{"@type":"ImageObject","inLanguage":"de-DE","@id":"https:\/\/www.7seasonsapartments.com\/de\/services\/kinder_ausstattung#primaryimage","url":"https:\/\/www.7seasonsapartments.com\/wp-content\/uploads\/2024\/07\/7sa_top_1920_children_amenities_dlx.jpg","contentUrl":"https:\/\/www.7seasonsapartments.com\/wp-content\/uploads\/2024\/07\/7sa_top_1920_children_amenities_dlx.jpg","width":1980,"height":850},{"@type":"BreadcrumbList","@id":"https:\/\/www.7seasonsapartments.com\/de\/services\/kinder_ausstattung#breadcrumb","itemListElement":[{"@type":"ListItem","position":1,"name":"Home","item":"https:\/\/www.7seasonsapartments.com\/de\/startseite"},{"@type":"ListItem","position":2,"name":"Unser Service","item":"https:\/\/www.7seasonsapartments.com\/de\/services"},{"@type":"ListItem","position":3,"name":"Kinder Ausstattung"}]},{"@type":"WebSite","@id":"https:\/\/www.7seasonsapartments.com\/de#website","url":"https:\/\/www.7seasonsapartments.com\/de","name":"7Seasons Apartments","description":"...egy \u00fajabb WordPress honlap...","potentialAction":[{"@type":"SearchAction","target":{"@type":"EntryPoint","urlTemplate":"https:\/\/www.7seasonsapartments.com\/de?s={search_term_string}"},"query-input":{"@type":"PropertyValueSpecification","valueRequired":true,"valueName":"search_term_string"}}],"inLanguage":"de-DE"}]}},"_links":{"self":[{"href":"https:\/\/www.7seasonsapartments.com\/de\/wp-json\/wp\/v2\/pages\/7304","targetHints":{"allow":["GET"]}}],"collection":[{"href":"https:\/\/www.7seasonsapartments.com\/de\/wp-json\/wp\/v2\/pages"}],"about":[{"href":"https:\/\/www.7seasonsapartments.com\/de\/wp-json\/wp\/v2\/types\/page"}],"author":[{"embeddable":true,"href":"https:\/\/www.7seasonsapartments.com\/de\/wp-json\/wp\/v2\/users\/10"}],"replies":[{"embeddable":true,"href":"https:\/\/www.7seasonsapartments.com\/de\/wp-json\/wp\/v2\/comments?post=7304"}],"version-history":[{"count":7,"href":"https:\/\/www.7seasonsapartments.com\/de\/wp-json\/wp\/v2\/pages\/7304\/revisions"}],"predecessor-version":[{"id":10914,"href":"https:\/\/www.7seasonsapartments.com\/de\/wp-json\/wp\/v2\/pages\/7304\/revisions\/10914"}],"up":[{"embeddable":true,"href":"https:\/\/www.7seasonsapartments.com\/de\/wp-json\/wp\/v2\/pages\/7267"}],"wp:featuredmedia":[{"embeddable":true,"href":"https:\/\/www.7seasonsapartments.com\/de\/wp-json\/wp\/v2\/media\/9987"}],"wp:attachment":[{"href":"https:\/\/www.7seasonsapartments.com\/de\/wp-json\/wp\/v2\/media?parent=7304"}],"curies":[{"name":"wp","href":"https:\/\/api.w.org\/{rel}","templated":true}]}}