{"id":7310,"date":"2023-06-22T13:43:32","date_gmt":"2023-06-22T13:43:32","guid":{"rendered":"https:\/\/www.7seasonsapartments.com\/services\/concierge"},"modified":"2023-08-21T09:47:11","modified_gmt":"2023-08-21T09:47:11","slug":"concierge","status":"publish","type":"page","link":"https:\/\/www.7seasonsapartments.com\/de\/services\/concierge","title":{"rendered":"Concierge-Dienste"},"content":{"rendered":"<h2>Individuelle Unterst\u00fctzung<\/h2>\n<p>&nbsp;<\/p>\n<p>Erlebe die pers\u00f6nliche Betreuung in den 7Seasons Apartments, die dir w\u00e4hrend deines Aufenthalts in Budapest Komfort und Bequemlichkeit garantiert.<\/p>\n<p>Unser freundliches und sachkundiges Team k\u00fcmmert sich um deine Bed\u00fcrfnisse und gibt dir wertvolle Tipps und Empfehlungen zu lokalen Sehensw\u00fcrdigkeiten, Transportm\u00f6glichkeiten und Spitzenrestaurants. Unser Team ist rund um die Uhr f\u00fcr dich da und hilft dir bei allen Fragen und W\u00fcnschen, die du an uns hast.<\/p>\n<h3><\/h3>\n<h3><\/h3>\n<p>&nbsp;<\/p>\n<h3><\/h3>\n<h3>Sightseeing Bus Service in Budapest<\/h3>\n<p>Wenn du neugierig auf die wichtigsten Sehensw\u00fcrdigkeiten von Budapest bist und etwas \u00fcber sie erfahren m\u00f6chtest, w\u00e4hrend du selbst entscheiden kannst, ob du bleiben und herumschlendern oder zur n\u00e4chsten Attraktion weiterfahren m\u00f6chtest. Wenn du ein Ticket kaufst, kannst du die Stadt 24 Stunden lang mit dem Bus erkunden.<\/p>\n<p><a href=\"https:\/\/www.7seasonsapartments.com\/de\/budapes_entdecken\/besichtigungs_touren\">Mehr lesen &gt;&gt;<\/a><\/p>\n<h3><\/h3>\n<h3><\/h3>\n<p>&nbsp;<\/p>\n<h3><\/h3>\n<h3>Sightseeing- und Dinner-Kreuzfahrt auf der Donau<\/h3>\n<p><span data-sheets-value=\"{&quot;1&quot;:2,&quot;2&quot;:&quot;Legenda bietet sowohl Sightseeing-Kreuzfahrten als auch romantische Dinner-Kreuzfahrten auf ihren hochwertigen, vollverglasten Schiffen mit einem wundersch\u00f6nen Blick auf die Donau, die Burg, die Kettenbr\u00fccke und die Zitadelle an.&quot;}\" data-sheets-userformat=\"{&quot;2&quot;:4737,&quot;3&quot;:{&quot;1&quot;:0},&quot;10&quot;:2,&quot;12&quot;:0,&quot;15&quot;:&quot;arial,sans,sans-serif&quot;}\">Legenda bietet sowohl Sightseeing-Kreuzfahrten als auch romantische Dinner-Kreuzfahrten auf ihren hochwertigen, vollverglasten Schiffen mit einem wundersch\u00f6nen Blick auf die Donau, die Burg, die Kettenbr\u00fccke und die Zitadelle an<\/span>.<\/p>\n<p><a href=\"https:\/\/www.7seasonsapartments.com\/de\/budapes_entdecken\/besichtigungs_touren\">Mehr lesen &gt;&gt;<\/a><\/p>\n<h3><\/h3>\n<h3><\/h3>\n<p>&nbsp;<\/p>\n<h3><\/h3>\n<h3>Thermalb\u00e4der in Budapest<\/h3>\n<p>Budapest tr\u00e4gt seit dem Jahr 1934 den Titel &#8220;Stadt der B\u00e4der&#8221;, denn sie hat mehr Thermal- und Heilwasserquellen als jede andere Hauptstadt der Welt. Jeder, der unsere sch\u00f6ne Hauptstadt besucht, sollte unbedingt eines dieser B\u00e4der ausprobieren, denn es ist ein wirklich au\u00dfergew\u00f6hnliches Erlebnis.<\/p>\n<p><a href=\"https:\/\/www.7seasonsapartments.com\/de\/budapes_entdecken\/besichtigungs_touren\">Mehr lesen &gt;&gt;<\/a><\/p>\n<h3><\/h3>\n<h3><\/h3>\n<h3><\/h3>\n<p>&nbsp;<\/p>\n<h3>\u00dcber Budapest hinaus<\/h3>\n<p>Wir bieten nicht nur Fachwissen in Budapest, sondern helfen dir auch bei Tagesausfl\u00fcgen und Exkursionen zu nahegelegenen Zielen, indem wir den Transport arrangieren und sicherstellen, dass deine Erlebnisse unvergesslich und angenehm sind.<\/p>\n<p><strong>F\u00fcr einen Transfer von 17 oder mehr Personen oder zu einem CUSTOM TRANSFER Ziel in Ungarn, Wien, Bratislava oder Prag schicke bitte eine kurze <a href=\"https:\/\/www.7seasonsapartments.com\/contact_us\">Email &gt;&gt;<\/a><\/strong><\/p>\n<h3><\/h3>\n<h3><\/h3>\n<p>&nbsp;<\/p>\n<h3><\/h3>\n<h3>In-Room Arrangements<\/h3>\n<p><strong>\u00dcberrasche deine Liebste oder deinen Liebsten mit einem unvergesslichen Erlebnis in unseren Apartments!<\/strong><\/p>\n<p>Unsere In-Room-Arrangements k\u00f6nnen auf jeden besonderen Anlass zugeschnitten werden, wie z.B. Geburtstage, Jubil\u00e4en und Flitterwochen. Mit unserem Angebot an Extras wie Blumen, Kuchen, Prosecco und Luftballons wird der Moment noch denkw\u00fcrdiger.<\/p>\n<p><a href=\"https:\/\/www.7seasonsapartments.com\/en\/specials\/arrangements\"><strong>W\u00c4HLE AUS UNSEREN ANNEHMLICHKEITEN &gt;&gt;<\/strong><\/a><\/p>\n<p>&nbsp;<\/p>\n<p>&nbsp;<\/p>\n<p>&nbsp;<\/p>\n<p>&nbsp;<\/p>\n<p><strong><a href=\"https:\/\/www.secure-hotel-booking.com\/smart\/7Seasons-Apartments-Budapest\/JJLE\/hu\/\" target=\"_blank\" rel=\"noopener\">BUCHE DEINEN AUFENTHALT &gt;&gt;<\/a><br \/>\n<\/strong><\/p>\n<p><strong>in den 7Seasons Apartments und \u00fcberlasse es unserem engagierten Team, sich um alle Details zu k\u00fcmmern. Erlebe eine pers\u00f6nliche Betreuung, die deinen Besuch in Budapest zu einem unvergesslichen Erlebnis macht.<\/strong><\/p>\n<p>&nbsp;<\/p>\n<p>&nbsp;<\/p>\n<p>&nbsp;<\/p>\n","protected":false},"excerpt":{"rendered":"<p>Individuelle Unterst\u00fctzung &nbsp; Erlebe die pers\u00f6nliche Betreuung in den 7Seasons Apartments, die dir w\u00e4hrend deines Aufenthalts in Budapest Komfort und Bequemlichkeit garantiert. Unser freundliches und sachkundiges Team k\u00fcmmert sich um deine Bed\u00fcrfnisse und gibt dir wertvolle Tipps und Empfehlungen zu lokalen Sehensw\u00fcrdigkeiten, Transportm\u00f6glichkeiten und Spitzenrestaurants. Unser Team ist rund um die Uhr f\u00fcr dich da [&hellip;]<\/p>\n","protected":false},"author":4,"featured_media":6571,"parent":7267,"menu_order":0,"comment_status":"closed","ping_status":"closed","template":"","meta":{"_acf_changed":false,"footnotes":""},"class_list":["post-7310","page","type-page","status-publish","has-post-thumbnail","hentry"],"acf":[],"yoast_head":"<!-- This site is optimized with the Yoast SEO plugin v27.4 - https:\/\/yoast.com\/product\/yoast-seo-wordpress\/ -->\n<title>Concierge-Dienste - 7Seasons Apartments<\/title>\n<meta name=\"robots\" content=\"index, follow, max-snippet:-1, max-image-preview:large, max-video-preview:-1\" \/>\n<link rel=\"canonical\" href=\"https:\/\/www.7seasonsapartments.com\/de\/services\/concierge\" \/>\n<meta property=\"og:locale\" content=\"de_DE\" \/>\n<meta property=\"og:type\" content=\"article\" \/>\n<meta property=\"og:title\" content=\"Concierge-Dienste - 7Seasons Apartments\" \/>\n<meta property=\"og:description\" content=\"Individuelle Unterst\u00fctzung &nbsp; Erlebe die pers\u00f6nliche Betreuung in den 7Seasons Apartments, die dir w\u00e4hrend deines Aufenthalts in Budapest Komfort und Bequemlichkeit garantiert. Unser freundliches und sachkundiges Team k\u00fcmmert sich um deine Bed\u00fcrfnisse und gibt dir wertvolle Tipps und Empfehlungen zu lokalen Sehensw\u00fcrdigkeiten, Transportm\u00f6glichkeiten und Spitzenrestaurants. Unser Team ist rund um die Uhr f\u00fcr dich da [&hellip;]\" \/>\n<meta property=\"og:url\" content=\"https:\/\/www.7seasonsapartments.com\/de\/services\/concierge\" \/>\n<meta property=\"og:site_name\" content=\"7Seasons Apartments\" \/>\n<meta property=\"article:modified_time\" content=\"2023-08-21T09:47:11+00:00\" \/>\n<meta property=\"og:image\" content=\"https:\/\/www.7seasonsapartments.com\/wp-content\/uploads\/2023\/06\/7sa_top_1920_services_concierge.jpg\" \/>\n\t<meta property=\"og:image:width\" content=\"1920\" \/>\n\t<meta property=\"og:image:height\" content=\"824\" \/>\n\t<meta property=\"og:image:type\" content=\"image\/jpeg\" \/>\n<meta name=\"twitter:card\" content=\"summary_large_image\" \/>\n<meta name=\"twitter:label1\" content=\"Est. reading time\" \/>\n\t<meta name=\"twitter:data1\" content=\"2 minutes\" \/>\n<script type=\"application\/ld+json\" class=\"yoast-schema-graph\">{\"@context\":\"https:\\\/\\\/schema.org\",\"@graph\":[{\"@type\":\"WebPage\",\"@id\":\"https:\\\/\\\/www.7seasonsapartments.com\\\/de\\\/services\\\/concierge\",\"url\":\"https:\\\/\\\/www.7seasonsapartments.com\\\/de\\\/services\\\/concierge\",\"name\":\"Concierge-Dienste - 7Seasons Apartments\",\"isPartOf\":{\"@id\":\"https:\\\/\\\/www.7seasonsapartments.com\\\/de#website\"},\"primaryImageOfPage\":{\"@id\":\"https:\\\/\\\/www.7seasonsapartments.com\\\/de\\\/services\\\/concierge#primaryimage\"},\"image\":{\"@id\":\"https:\\\/\\\/www.7seasonsapartments.com\\\/de\\\/services\\\/concierge#primaryimage\"},\"thumbnailUrl\":\"https:\\\/\\\/www.7seasonsapartments.com\\\/wp-content\\\/uploads\\\/2023\\\/06\\\/7sa_top_1920_services_concierge.jpg\",\"datePublished\":\"2023-06-22T13:43:32+00:00\",\"dateModified\":\"2023-08-21T09:47:11+00:00\",\"breadcrumb\":{\"@id\":\"https:\\\/\\\/www.7seasonsapartments.com\\\/de\\\/services\\\/concierge#breadcrumb\"},\"inLanguage\":\"de-DE\",\"potentialAction\":[{\"@type\":\"ReadAction\",\"target\":[\"https:\\\/\\\/www.7seasonsapartments.com\\\/de\\\/services\\\/concierge\"]}]},{\"@type\":\"ImageObject\",\"inLanguage\":\"de-DE\",\"@id\":\"https:\\\/\\\/www.7seasonsapartments.com\\\/de\\\/services\\\/concierge#primaryimage\",\"url\":\"https:\\\/\\\/www.7seasonsapartments.com\\\/wp-content\\\/uploads\\\/2023\\\/06\\\/7sa_top_1920_services_concierge.jpg\",\"contentUrl\":\"https:\\\/\\\/www.7seasonsapartments.com\\\/wp-content\\\/uploads\\\/2023\\\/06\\\/7sa_top_1920_services_concierge.jpg\",\"width\":1920,\"height\":824},{\"@type\":\"BreadcrumbList\",\"@id\":\"https:\\\/\\\/www.7seasonsapartments.com\\\/de\\\/services\\\/concierge#breadcrumb\",\"itemListElement\":[{\"@type\":\"ListItem\",\"position\":1,\"name\":\"Home\",\"item\":\"https:\\\/\\\/www.7seasonsapartments.com\\\/de\\\/startseite\"},{\"@type\":\"ListItem\",\"position\":2,\"name\":\"Unser Service\",\"item\":\"https:\\\/\\\/www.7seasonsapartments.com\\\/de\\\/services\"},{\"@type\":\"ListItem\",\"position\":3,\"name\":\"Concierge-Dienste\"}]},{\"@type\":\"WebSite\",\"@id\":\"https:\\\/\\\/www.7seasonsapartments.com\\\/de#website\",\"url\":\"https:\\\/\\\/www.7seasonsapartments.com\\\/de\",\"name\":\"7Seasons Apartments\",\"description\":\"...egy \u00fajabb WordPress honlap...\",\"potentialAction\":[{\"@type\":\"SearchAction\",\"target\":{\"@type\":\"EntryPoint\",\"urlTemplate\":\"https:\\\/\\\/www.7seasonsapartments.com\\\/de?s={search_term_string}\"},\"query-input\":{\"@type\":\"PropertyValueSpecification\",\"valueRequired\":true,\"valueName\":\"search_term_string\"}}],\"inLanguage\":\"de-DE\"}]}<\/script>\n<!-- \/ Yoast SEO plugin. -->","yoast_head_json":{"title":"Concierge-Dienste - 7Seasons Apartments","robots":{"index":"index","follow":"follow","max-snippet":"max-snippet:-1","max-image-preview":"max-image-preview:large","max-video-preview":"max-video-preview:-1"},"canonical":"https:\/\/www.7seasonsapartments.com\/de\/services\/concierge","og_locale":"de_DE","og_type":"article","og_title":"Concierge-Dienste - 7Seasons Apartments","og_description":"Individuelle Unterst\u00fctzung &nbsp; Erlebe die pers\u00f6nliche Betreuung in den 7Seasons Apartments, die dir w\u00e4hrend deines Aufenthalts in Budapest Komfort und Bequemlichkeit garantiert. Unser freundliches und sachkundiges Team k\u00fcmmert sich um deine Bed\u00fcrfnisse und gibt dir wertvolle Tipps und Empfehlungen zu lokalen Sehensw\u00fcrdigkeiten, Transportm\u00f6glichkeiten und Spitzenrestaurants. Unser Team ist rund um die Uhr f\u00fcr dich da [&hellip;]","og_url":"https:\/\/www.7seasonsapartments.com\/de\/services\/concierge","og_site_name":"7Seasons Apartments","article_modified_time":"2023-08-21T09:47:11+00:00","og_image":[{"width":1920,"height":824,"url":"https:\/\/www.7seasonsapartments.com\/wp-content\/uploads\/2023\/06\/7sa_top_1920_services_concierge.jpg","type":"image\/jpeg"}],"twitter_card":"summary_large_image","twitter_misc":{"Est. reading time":"2 minutes"},"schema":{"@context":"https:\/\/schema.org","@graph":[{"@type":"WebPage","@id":"https:\/\/www.7seasonsapartments.com\/de\/services\/concierge","url":"https:\/\/www.7seasonsapartments.com\/de\/services\/concierge","name":"Concierge-Dienste - 7Seasons Apartments","isPartOf":{"@id":"https:\/\/www.7seasonsapartments.com\/de#website"},"primaryImageOfPage":{"@id":"https:\/\/www.7seasonsapartments.com\/de\/services\/concierge#primaryimage"},"image":{"@id":"https:\/\/www.7seasonsapartments.com\/de\/services\/concierge#primaryimage"},"thumbnailUrl":"https:\/\/www.7seasonsapartments.com\/wp-content\/uploads\/2023\/06\/7sa_top_1920_services_concierge.jpg","datePublished":"2023-06-22T13:43:32+00:00","dateModified":"2023-08-21T09:47:11+00:00","breadcrumb":{"@id":"https:\/\/www.7seasonsapartments.com\/de\/services\/concierge#breadcrumb"},"inLanguage":"de-DE","potentialAction":[{"@type":"ReadAction","target":["https:\/\/www.7seasonsapartments.com\/de\/services\/concierge"]}]},{"@type":"ImageObject","inLanguage":"de-DE","@id":"https:\/\/www.7seasonsapartments.com\/de\/services\/concierge#primaryimage","url":"https:\/\/www.7seasonsapartments.com\/wp-content\/uploads\/2023\/06\/7sa_top_1920_services_concierge.jpg","contentUrl":"https:\/\/www.7seasonsapartments.com\/wp-content\/uploads\/2023\/06\/7sa_top_1920_services_concierge.jpg","width":1920,"height":824},{"@type":"BreadcrumbList","@id":"https:\/\/www.7seasonsapartments.com\/de\/services\/concierge#breadcrumb","itemListElement":[{"@type":"ListItem","position":1,"name":"Home","item":"https:\/\/www.7seasonsapartments.com\/de\/startseite"},{"@type":"ListItem","position":2,"name":"Unser Service","item":"https:\/\/www.7seasonsapartments.com\/de\/services"},{"@type":"ListItem","position":3,"name":"Concierge-Dienste"}]},{"@type":"WebSite","@id":"https:\/\/www.7seasonsapartments.com\/de#website","url":"https:\/\/www.7seasonsapartments.com\/de","name":"7Seasons Apartments","description":"...egy \u00fajabb WordPress honlap...","potentialAction":[{"@type":"SearchAction","target":{"@type":"EntryPoint","urlTemplate":"https:\/\/www.7seasonsapartments.com\/de?s={search_term_string}"},"query-input":{"@type":"PropertyValueSpecification","valueRequired":true,"valueName":"search_term_string"}}],"inLanguage":"de-DE"}]}},"_links":{"self":[{"href":"https:\/\/www.7seasonsapartments.com\/de\/wp-json\/wp\/v2\/pages\/7310","targetHints":{"allow":["GET"]}}],"collection":[{"href":"https:\/\/www.7seasonsapartments.com\/de\/wp-json\/wp\/v2\/pages"}],"about":[{"href":"https:\/\/www.7seasonsapartments.com\/de\/wp-json\/wp\/v2\/types\/page"}],"author":[{"embeddable":true,"href":"https:\/\/www.7seasonsapartments.com\/de\/wp-json\/wp\/v2\/users\/4"}],"replies":[{"embeddable":true,"href":"https:\/\/www.7seasonsapartments.com\/de\/wp-json\/wp\/v2\/comments?post=7310"}],"version-history":[{"count":7,"href":"https:\/\/www.7seasonsapartments.com\/de\/wp-json\/wp\/v2\/pages\/7310\/revisions"}],"predecessor-version":[{"id":7317,"href":"https:\/\/www.7seasonsapartments.com\/de\/wp-json\/wp\/v2\/pages\/7310\/revisions\/7317"}],"up":[{"embeddable":true,"href":"https:\/\/www.7seasonsapartments.com\/de\/wp-json\/wp\/v2\/pages\/7267"}],"wp:featuredmedia":[{"embeddable":true,"href":"https:\/\/www.7seasonsapartments.com\/de\/wp-json\/wp\/v2\/media\/6571"}],"wp:attachment":[{"href":"https:\/\/www.7seasonsapartments.com\/de\/wp-json\/wp\/v2\/media?parent=7310"}],"curies":[{"name":"wp","href":"https:\/\/api.w.org\/{rel}","templated":true}]}}