{"id":7318,"date":"2023-06-13T14:02:12","date_gmt":"2023-06-13T14:02:12","guid":{"rendered":"https:\/\/www.7seasonsapartments.com\/services\/fully-equipped"},"modified":"2023-08-22T06:34:34","modified_gmt":"2023-08-22T06:34:34","slug":"voll-ausgestattet","status":"publish","type":"page","link":"https:\/\/www.7seasonsapartments.com\/de\/services\/voll-ausgestattet","title":{"rendered":"Voll ausgestattet"},"content":{"rendered":"<h2>Entspannt wie ein Hotel<br \/>\nKomfort wie zu Hause<\/h2>\n<p>&nbsp;<\/p>\n<p>Jedes Apartment ist modern eingerichtet und verf\u00fcgt \u00fcber eine voll ausgestattete K\u00fcche, in der du Mahlzeiten und Snacks zubereiten kannst, wann immer du willst. Genie\u00dfe den Komfort eines High-Speed-Internetzugangs und bleibe w\u00e4hrend deines Aufenthalts in Verbindung. Unsere Wohnungen verf\u00fcgen au\u00dferdem \u00fcber moderne B\u00e4der, komfortable Wohnbereiche und gem\u00fctliche Schlafzimmer, die f\u00fcr einen entspannten und angenehmen Aufenthalt sorgen. Mit unseren All-inclusive-Annehmlichkeiten kannst du dich w\u00e4hrend deines Besuchs in Budapest wie zu Hause f\u00fchlen.<\/p>\n<p>&nbsp;<\/p>\n<p>&nbsp;<\/p>\n","protected":false},"excerpt":{"rendered":"<p>Entspannt wie ein Hotel Komfort wie zu Hause &nbsp; Jedes Apartment ist modern eingerichtet und verf\u00fcgt \u00fcber eine voll ausgestattete K\u00fcche, in der du Mahlzeiten und Snacks zubereiten kannst, wann immer du willst. Genie\u00dfe den Komfort eines High-Speed-Internetzugangs und bleibe w\u00e4hrend deines Aufenthalts in Verbindung. Unsere Wohnungen verf\u00fcgen au\u00dferdem \u00fcber moderne B\u00e4der, komfortable Wohnbereiche und [&hellip;]<\/p>\n","protected":false},"author":4,"featured_media":9952,"parent":7267,"menu_order":0,"comment_status":"closed","ping_status":"closed","template":"template-fullyequipped.php","meta":{"_acf_changed":false,"footnotes":""},"class_list":["post-7318","page","type-page","status-publish","has-post-thumbnail","hentry"],"acf":[],"yoast_head":"<!-- This site is optimized with the Yoast SEO plugin v27.4 - https:\/\/yoast.com\/product\/yoast-seo-wordpress\/ -->\n<title>Voll ausgestattet - 7Seasons Apartments<\/title>\n<meta name=\"robots\" content=\"index, follow, max-snippet:-1, max-image-preview:large, max-video-preview:-1\" \/>\n<link rel=\"canonical\" href=\"https:\/\/www.7seasonsapartments.com\/de\/services\/voll-ausgestattet\" \/>\n<meta property=\"og:locale\" content=\"de_DE\" \/>\n<meta property=\"og:type\" content=\"article\" \/>\n<meta property=\"og:title\" content=\"Voll ausgestattet - 7Seasons Apartments\" \/>\n<meta property=\"og:description\" content=\"Entspannt wie ein Hotel Komfort wie zu Hause &nbsp; Jedes Apartment ist modern eingerichtet und verf\u00fcgt \u00fcber eine voll ausgestattete K\u00fcche, in der du Mahlzeiten und Snacks zubereiten kannst, wann immer du willst. Genie\u00dfe den Komfort eines High-Speed-Internetzugangs und bleibe w\u00e4hrend deines Aufenthalts in Verbindung. Unsere Wohnungen verf\u00fcgen au\u00dferdem \u00fcber moderne B\u00e4der, komfortable Wohnbereiche und [&hellip;]\" \/>\n<meta property=\"og:url\" content=\"https:\/\/www.7seasonsapartments.com\/de\/services\/voll-ausgestattet\" \/>\n<meta property=\"og:site_name\" content=\"7Seasons Apartments\" \/>\n<meta property=\"article:modified_time\" content=\"2023-08-22T06:34:34+00:00\" \/>\n<meta property=\"og:image\" content=\"https:\/\/www.7seasonsapartments.com\/wp-content\/uploads\/2023\/06\/7sa_top_1920_services_fullyequipped.jpg\" \/>\n\t<meta property=\"og:image:width\" content=\"1920\" \/>\n\t<meta property=\"og:image:height\" content=\"824\" \/>\n\t<meta property=\"og:image:type\" content=\"image\/jpeg\" \/>\n<meta name=\"twitter:card\" content=\"summary_large_image\" \/>\n<meta name=\"twitter:label1\" content=\"Est. reading time\" \/>\n\t<meta name=\"twitter:data1\" content=\"1 minute\" \/>\n<script type=\"application\/ld+json\" class=\"yoast-schema-graph\">{\"@context\":\"https:\\\/\\\/schema.org\",\"@graph\":[{\"@type\":\"WebPage\",\"@id\":\"https:\\\/\\\/www.7seasonsapartments.com\\\/de\\\/services\\\/voll-ausgestattet\",\"url\":\"https:\\\/\\\/www.7seasonsapartments.com\\\/de\\\/services\\\/voll-ausgestattet\",\"name\":\"Voll ausgestattet - 7Seasons Apartments\",\"isPartOf\":{\"@id\":\"https:\\\/\\\/www.7seasonsapartments.com\\\/de#website\"},\"primaryImageOfPage\":{\"@id\":\"https:\\\/\\\/www.7seasonsapartments.com\\\/de\\\/services\\\/voll-ausgestattet#primaryimage\"},\"image\":{\"@id\":\"https:\\\/\\\/www.7seasonsapartments.com\\\/de\\\/services\\\/voll-ausgestattet#primaryimage\"},\"thumbnailUrl\":\"https:\\\/\\\/www.7seasonsapartments.com\\\/wp-content\\\/uploads\\\/2024\\\/07\\\/7sa_w_1980x850_services_fullyequipped_dlx.jpg\",\"datePublished\":\"2023-06-13T14:02:12+00:00\",\"dateModified\":\"2023-08-22T06:34:34+00:00\",\"breadcrumb\":{\"@id\":\"https:\\\/\\\/www.7seasonsapartments.com\\\/de\\\/services\\\/voll-ausgestattet#breadcrumb\"},\"inLanguage\":\"de-DE\",\"potentialAction\":[{\"@type\":\"ReadAction\",\"target\":[\"https:\\\/\\\/www.7seasonsapartments.com\\\/de\\\/services\\\/voll-ausgestattet\"]}]},{\"@type\":\"ImageObject\",\"inLanguage\":\"de-DE\",\"@id\":\"https:\\\/\\\/www.7seasonsapartments.com\\\/de\\\/services\\\/voll-ausgestattet#primaryimage\",\"url\":\"https:\\\/\\\/www.7seasonsapartments.com\\\/wp-content\\\/uploads\\\/2024\\\/07\\\/7sa_w_1980x850_services_fullyequipped_dlx.jpg\",\"contentUrl\":\"https:\\\/\\\/www.7seasonsapartments.com\\\/wp-content\\\/uploads\\\/2024\\\/07\\\/7sa_w_1980x850_services_fullyequipped_dlx.jpg\",\"width\":1980,\"height\":850},{\"@type\":\"BreadcrumbList\",\"@id\":\"https:\\\/\\\/www.7seasonsapartments.com\\\/de\\\/services\\\/voll-ausgestattet#breadcrumb\",\"itemListElement\":[{\"@type\":\"ListItem\",\"position\":1,\"name\":\"Home\",\"item\":\"https:\\\/\\\/www.7seasonsapartments.com\\\/de\\\/startseite\"},{\"@type\":\"ListItem\",\"position\":2,\"name\":\"Unser Service\",\"item\":\"https:\\\/\\\/www.7seasonsapartments.com\\\/de\\\/services\"},{\"@type\":\"ListItem\",\"position\":3,\"name\":\"Voll ausgestattet\"}]},{\"@type\":\"WebSite\",\"@id\":\"https:\\\/\\\/www.7seasonsapartments.com\\\/de#website\",\"url\":\"https:\\\/\\\/www.7seasonsapartments.com\\\/de\",\"name\":\"7Seasons Apartments\",\"description\":\"...egy \u00fajabb WordPress honlap...\",\"potentialAction\":[{\"@type\":\"SearchAction\",\"target\":{\"@type\":\"EntryPoint\",\"urlTemplate\":\"https:\\\/\\\/www.7seasonsapartments.com\\\/de?s={search_term_string}\"},\"query-input\":{\"@type\":\"PropertyValueSpecification\",\"valueRequired\":true,\"valueName\":\"search_term_string\"}}],\"inLanguage\":\"de-DE\"}]}<\/script>\n<!-- \/ Yoast SEO plugin. -->","yoast_head_json":{"title":"Voll ausgestattet - 7Seasons Apartments","robots":{"index":"index","follow":"follow","max-snippet":"max-snippet:-1","max-image-preview":"max-image-preview:large","max-video-preview":"max-video-preview:-1"},"canonical":"https:\/\/www.7seasonsapartments.com\/de\/services\/voll-ausgestattet","og_locale":"de_DE","og_type":"article","og_title":"Voll ausgestattet - 7Seasons Apartments","og_description":"Entspannt wie ein Hotel Komfort wie zu Hause &nbsp; Jedes Apartment ist modern eingerichtet und verf\u00fcgt \u00fcber eine voll ausgestattete K\u00fcche, in der du Mahlzeiten und Snacks zubereiten kannst, wann immer du willst. Genie\u00dfe den Komfort eines High-Speed-Internetzugangs und bleibe w\u00e4hrend deines Aufenthalts in Verbindung. Unsere Wohnungen verf\u00fcgen au\u00dferdem \u00fcber moderne B\u00e4der, komfortable Wohnbereiche und [&hellip;]","og_url":"https:\/\/www.7seasonsapartments.com\/de\/services\/voll-ausgestattet","og_site_name":"7Seasons Apartments","article_modified_time":"2023-08-22T06:34:34+00:00","og_image":[{"width":1920,"height":824,"url":"https:\/\/www.7seasonsapartments.com\/wp-content\/uploads\/2023\/06\/7sa_top_1920_services_fullyequipped.jpg","type":"image\/jpeg"}],"twitter_card":"summary_large_image","twitter_misc":{"Est. reading time":"1 minute"},"schema":{"@context":"https:\/\/schema.org","@graph":[{"@type":"WebPage","@id":"https:\/\/www.7seasonsapartments.com\/de\/services\/voll-ausgestattet","url":"https:\/\/www.7seasonsapartments.com\/de\/services\/voll-ausgestattet","name":"Voll ausgestattet - 7Seasons Apartments","isPartOf":{"@id":"https:\/\/www.7seasonsapartments.com\/de#website"},"primaryImageOfPage":{"@id":"https:\/\/www.7seasonsapartments.com\/de\/services\/voll-ausgestattet#primaryimage"},"image":{"@id":"https:\/\/www.7seasonsapartments.com\/de\/services\/voll-ausgestattet#primaryimage"},"thumbnailUrl":"https:\/\/www.7seasonsapartments.com\/wp-content\/uploads\/2024\/07\/7sa_w_1980x850_services_fullyequipped_dlx.jpg","datePublished":"2023-06-13T14:02:12+00:00","dateModified":"2023-08-22T06:34:34+00:00","breadcrumb":{"@id":"https:\/\/www.7seasonsapartments.com\/de\/services\/voll-ausgestattet#breadcrumb"},"inLanguage":"de-DE","potentialAction":[{"@type":"ReadAction","target":["https:\/\/www.7seasonsapartments.com\/de\/services\/voll-ausgestattet"]}]},{"@type":"ImageObject","inLanguage":"de-DE","@id":"https:\/\/www.7seasonsapartments.com\/de\/services\/voll-ausgestattet#primaryimage","url":"https:\/\/www.7seasonsapartments.com\/wp-content\/uploads\/2024\/07\/7sa_w_1980x850_services_fullyequipped_dlx.jpg","contentUrl":"https:\/\/www.7seasonsapartments.com\/wp-content\/uploads\/2024\/07\/7sa_w_1980x850_services_fullyequipped_dlx.jpg","width":1980,"height":850},{"@type":"BreadcrumbList","@id":"https:\/\/www.7seasonsapartments.com\/de\/services\/voll-ausgestattet#breadcrumb","itemListElement":[{"@type":"ListItem","position":1,"name":"Home","item":"https:\/\/www.7seasonsapartments.com\/de\/startseite"},{"@type":"ListItem","position":2,"name":"Unser Service","item":"https:\/\/www.7seasonsapartments.com\/de\/services"},{"@type":"ListItem","position":3,"name":"Voll ausgestattet"}]},{"@type":"WebSite","@id":"https:\/\/www.7seasonsapartments.com\/de#website","url":"https:\/\/www.7seasonsapartments.com\/de","name":"7Seasons Apartments","description":"...egy \u00fajabb WordPress honlap...","potentialAction":[{"@type":"SearchAction","target":{"@type":"EntryPoint","urlTemplate":"https:\/\/www.7seasonsapartments.com\/de?s={search_term_string}"},"query-input":{"@type":"PropertyValueSpecification","valueRequired":true,"valueName":"search_term_string"}}],"inLanguage":"de-DE"}]}},"_links":{"self":[{"href":"https:\/\/www.7seasonsapartments.com\/de\/wp-json\/wp\/v2\/pages\/7318","targetHints":{"allow":["GET"]}}],"collection":[{"href":"https:\/\/www.7seasonsapartments.com\/de\/wp-json\/wp\/v2\/pages"}],"about":[{"href":"https:\/\/www.7seasonsapartments.com\/de\/wp-json\/wp\/v2\/types\/page"}],"author":[{"embeddable":true,"href":"https:\/\/www.7seasonsapartments.com\/de\/wp-json\/wp\/v2\/users\/4"}],"replies":[{"embeddable":true,"href":"https:\/\/www.7seasonsapartments.com\/de\/wp-json\/wp\/v2\/comments?post=7318"}],"version-history":[{"count":5,"href":"https:\/\/www.7seasonsapartments.com\/de\/wp-json\/wp\/v2\/pages\/7318\/revisions"}],"predecessor-version":[{"id":7324,"href":"https:\/\/www.7seasonsapartments.com\/de\/wp-json\/wp\/v2\/pages\/7318\/revisions\/7324"}],"up":[{"embeddable":true,"href":"https:\/\/www.7seasonsapartments.com\/de\/wp-json\/wp\/v2\/pages\/7267"}],"wp:featuredmedia":[{"embeddable":true,"href":"https:\/\/www.7seasonsapartments.com\/de\/wp-json\/wp\/v2\/media\/9952"}],"wp:attachment":[{"href":"https:\/\/www.7seasonsapartments.com\/de\/wp-json\/wp\/v2\/media?parent=7318"}],"curies":[{"name":"wp","href":"https:\/\/api.w.org\/{rel}","templated":true}]}}