{"id":7325,"date":"2022-02-03T09:00:06","date_gmt":"2022-02-03T09:00:06","guid":{"rendered":"https:\/\/www.7seasonsapartments.com\/services\/maid-service"},"modified":"2023-08-22T06:54:03","modified_gmt":"2023-08-22T06:54:03","slug":"reinigungs-service","status":"publish","type":"page","link":"https:\/\/www.7seasonsapartments.com\/de\/services\/reinigungs-service","title":{"rendered":"Reinigungs Service"},"content":{"rendered":"<h2>Standard Zwei-Tage-Reinigung<\/h2>\n<p>&nbsp;<\/p>\n<p><strong>Um dir ein H\u00f6chstma\u00df an Komfort und Sauberkeit zu bieten, wird jeden zweiten Tag deines Aufenthalts eine Reinigung durchgef\u00fchrt. Tag deines Aufenthalts. Dazu geh\u00f6rt: Handt\u00fccher gegen frische austauschen, M\u00fclleimer leeren, Bad und Toiletten reinigen und die Betten machen.<br \/>\n<\/strong><\/p>\n<p>&nbsp;<\/p>\n<p><strong>Bei l\u00e4ngeren Aufenthalten von 7 Tagen oder mehr bieten wir auch einen w\u00f6chentlichen Reinigungsservice an, der einen Wechsel der Bettw\u00e4sche beinhaltet.<\/strong><\/p>\n<p>&nbsp;<\/p>\n<p>Wenn du w\u00e4hrend deines Aufenthalts keine Reinigung ben\u00f6tigst, sag uns bitte an der Rezeption Bescheid!<\/p>\n<p>&nbsp;<\/p>\n<p>&nbsp;<\/p>\n<h3>Zus\u00e4tzliche Hausmeisterdienste<\/h3>\n<p>sind auf Anfrage und gegen Aufpreis erh\u00e4ltlich, bitte kontaktiere unsere Rezeption.<\/p>\n<p><strong>\u00a0<\/strong><\/p>\n<p><strong>ZUS\u00c4TZLICHE T\u00c4GLICHE REINIGUNG:<\/strong><br \/>\nBeinhaltet eine leichte Reinigung und frische Handt\u00fccher, damit deine Wohnung ordentlich und frisch bleibt. (Handt\u00fccher gegen frische tauschen \/ M\u00fclleimer leeren \/ Badezimmer und Toiletten reinigen \/ Betten machen)<\/p>\n<p>Studio Apartment:\u00a0\u00a0\u00a0\u00a0\u00a0\u00a0\u00a0\u00a0\u00a0\u00a0\u00a0\u00a0\u00a0\u00a0\u00a0\u00a0\u00a0\u00a0\u00a0\u00a0\u00a0 EUR 10.00<br \/>\n1 Schlafzimmer Apartment:\u00a0\u00a0\u00a0\u00a0\u00a0 EUR 12.00<br \/>\n2 Schlafzimmer Apartment:\u00a0\u00a0\u00a0\u00a0\u00a0 EUR 15.00<br \/>\n2 Schlafzimmer Superior Apt:\u00a0 EUR 18.00<br \/>\n3 Schlafzimmer Apartment:\u00a0\u00a0\u00a0\u00a0 EUR 20.00<\/p>\n<p>&nbsp;<\/p>\n<p><strong>EXTRA \/ W\u00d6CHENTLICHE WOHNUNGSREINIGUNG:<\/strong><br \/>\nEine Gro\u00dfreinigung, die die komplette Reinigung der Wohnung mit W\u00e4schewechsel beinhaltet.<\/p>\n<p>Studio Apartment:\u00a0\u00a0\u00a0\u00a0\u00a0\u00a0\u00a0\u00a0\u00a0\u00a0\u00a0\u00a0 \u00a0 \u00a0 \u00a0 \u00a0\u00a0 EUR 20.00<br \/>\n1 Schlafzimmer Apartment:\u00a0\u00a0\u00a0\u00a0\u00a0 EUR 25.00<br \/>\n2 Schlafzimmer Apartment:\u00a0\u00a0\u00a0\u00a0\u00a0 EUR 30.00<br \/>\n2 Schlafzimmer Superior Apt:\u00a0 EUR 35.00<br \/>\n3 Schlafzimmer Apartment:\u00a0\u00a0\u00a0\u00a0 EUR 40.00<\/p>\n<p>&nbsp;<\/p>\n<p>Die oben genannten Preise gelten pro Anlass. Das Housekeeping besucht die Wohnung zwischen 10:00 und 16:00 Uhr. Bitte gib deinen zus\u00e4tzlichen Reinigungswunsch bis 12:00 Uhr f\u00fcr diesen Tag\/ nach 12:00 Uhr f\u00fcr den n\u00e4chsten Tag an.<\/p>\n<p>&nbsp;<\/p>\n<p>****<\/p>\n<p><strong>EXTRAS:<\/strong><br \/>\nWaschmaschinenreiniger<br \/>\nTabletten f\u00fcr die Sp\u00fclmaschine<br \/>\nWechsel der Bettw\u00e4sche \/ Person<br \/>\nZus\u00e4tzliche Handt\u00fccher<\/p>\n","protected":false},"excerpt":{"rendered":"<p>Standard Zwei-Tage-Reinigung &nbsp; Um dir ein H\u00f6chstma\u00df an Komfort und Sauberkeit zu bieten, wird jeden zweiten Tag deines Aufenthalts eine Reinigung durchgef\u00fchrt. Tag deines Aufenthalts. Dazu geh\u00f6rt: Handt\u00fccher gegen frische austauschen, M\u00fclleimer leeren, Bad und Toiletten reinigen und die Betten machen. &nbsp; Bei l\u00e4ngeren Aufenthalten von 7 Tagen oder mehr bieten wir auch einen w\u00f6chentlichen [&hellip;]<\/p>\n","protected":false},"author":10,"featured_media":9962,"parent":7267,"menu_order":0,"comment_status":"open","ping_status":"open","template":"","meta":{"_acf_changed":false,"footnotes":""},"class_list":["post-7325","page","type-page","status-publish","has-post-thumbnail","hentry"],"acf":[],"yoast_head":"<!-- This site is optimized with the Yoast SEO plugin v27.4 - https:\/\/yoast.com\/product\/yoast-seo-wordpress\/ -->\n<title>Reinigungs Service - 7Seasons Apartments<\/title>\n<meta name=\"robots\" content=\"index, follow, max-snippet:-1, max-image-preview:large, max-video-preview:-1\" \/>\n<link rel=\"canonical\" href=\"https:\/\/www.7seasonsapartments.com\/de\/services\/reinigungs-service\" \/>\n<meta property=\"og:locale\" content=\"de_DE\" \/>\n<meta property=\"og:type\" content=\"article\" \/>\n<meta property=\"og:title\" content=\"Reinigungs Service - 7Seasons Apartments\" \/>\n<meta property=\"og:description\" content=\"Standard Zwei-Tage-Reinigung &nbsp; Um dir ein H\u00f6chstma\u00df an Komfort und Sauberkeit zu bieten, wird jeden zweiten Tag deines Aufenthalts eine Reinigung durchgef\u00fchrt. Tag deines Aufenthalts. Dazu geh\u00f6rt: Handt\u00fccher gegen frische austauschen, M\u00fclleimer leeren, Bad und Toiletten reinigen und die Betten machen. &nbsp; Bei l\u00e4ngeren Aufenthalten von 7 Tagen oder mehr bieten wir auch einen w\u00f6chentlichen [&hellip;]\" \/>\n<meta property=\"og:url\" content=\"https:\/\/www.7seasonsapartments.com\/de\/services\/reinigungs-service\" \/>\n<meta property=\"og:site_name\" content=\"7Seasons Apartments\" \/>\n<meta property=\"article:modified_time\" content=\"2023-08-22T06:54:03+00:00\" \/>\n<meta property=\"og:image\" content=\"https:\/\/www.7seasonsapartments.com\/wp-content\/uploads\/2023\/06\/7sa_top_1920_services_maidservice.jpg\" \/>\n\t<meta property=\"og:image:width\" content=\"1920\" \/>\n\t<meta property=\"og:image:height\" content=\"824\" \/>\n\t<meta property=\"og:image:type\" content=\"image\/jpeg\" \/>\n<meta name=\"twitter:card\" content=\"summary_large_image\" \/>\n<meta name=\"twitter:label1\" content=\"Est. reading time\" \/>\n\t<meta name=\"twitter:data1\" content=\"2 minutes\" \/>\n<script type=\"application\/ld+json\" class=\"yoast-schema-graph\">{\"@context\":\"https:\\\/\\\/schema.org\",\"@graph\":[{\"@type\":\"WebPage\",\"@id\":\"https:\\\/\\\/www.7seasonsapartments.com\\\/de\\\/services\\\/reinigungs-service\",\"url\":\"https:\\\/\\\/www.7seasonsapartments.com\\\/de\\\/services\\\/reinigungs-service\",\"name\":\"Reinigungs Service - 7Seasons Apartments\",\"isPartOf\":{\"@id\":\"https:\\\/\\\/www.7seasonsapartments.com\\\/de#website\"},\"primaryImageOfPage\":{\"@id\":\"https:\\\/\\\/www.7seasonsapartments.com\\\/de\\\/services\\\/reinigungs-service#primaryimage\"},\"image\":{\"@id\":\"https:\\\/\\\/www.7seasonsapartments.com\\\/de\\\/services\\\/reinigungs-service#primaryimage\"},\"thumbnailUrl\":\"https:\\\/\\\/www.7seasonsapartments.com\\\/wp-content\\\/uploads\\\/2024\\\/07\\\/7sa_w_top_1980x850_services_maidservice_dlx.jpg\",\"datePublished\":\"2022-02-03T09:00:06+00:00\",\"dateModified\":\"2023-08-22T06:54:03+00:00\",\"breadcrumb\":{\"@id\":\"https:\\\/\\\/www.7seasonsapartments.com\\\/de\\\/services\\\/reinigungs-service#breadcrumb\"},\"inLanguage\":\"de-DE\",\"potentialAction\":[{\"@type\":\"ReadAction\",\"target\":[\"https:\\\/\\\/www.7seasonsapartments.com\\\/de\\\/services\\\/reinigungs-service\"]}]},{\"@type\":\"ImageObject\",\"inLanguage\":\"de-DE\",\"@id\":\"https:\\\/\\\/www.7seasonsapartments.com\\\/de\\\/services\\\/reinigungs-service#primaryimage\",\"url\":\"https:\\\/\\\/www.7seasonsapartments.com\\\/wp-content\\\/uploads\\\/2024\\\/07\\\/7sa_w_top_1980x850_services_maidservice_dlx.jpg\",\"contentUrl\":\"https:\\\/\\\/www.7seasonsapartments.com\\\/wp-content\\\/uploads\\\/2024\\\/07\\\/7sa_w_top_1980x850_services_maidservice_dlx.jpg\",\"width\":1980,\"height\":850},{\"@type\":\"BreadcrumbList\",\"@id\":\"https:\\\/\\\/www.7seasonsapartments.com\\\/de\\\/services\\\/reinigungs-service#breadcrumb\",\"itemListElement\":[{\"@type\":\"ListItem\",\"position\":1,\"name\":\"Home\",\"item\":\"https:\\\/\\\/www.7seasonsapartments.com\\\/de\\\/startseite\"},{\"@type\":\"ListItem\",\"position\":2,\"name\":\"Unser Service\",\"item\":\"https:\\\/\\\/www.7seasonsapartments.com\\\/de\\\/services\"},{\"@type\":\"ListItem\",\"position\":3,\"name\":\"Reinigungs Service\"}]},{\"@type\":\"WebSite\",\"@id\":\"https:\\\/\\\/www.7seasonsapartments.com\\\/de#website\",\"url\":\"https:\\\/\\\/www.7seasonsapartments.com\\\/de\",\"name\":\"7Seasons Apartments\",\"description\":\"...egy \u00fajabb WordPress honlap...\",\"potentialAction\":[{\"@type\":\"SearchAction\",\"target\":{\"@type\":\"EntryPoint\",\"urlTemplate\":\"https:\\\/\\\/www.7seasonsapartments.com\\\/de?s={search_term_string}\"},\"query-input\":{\"@type\":\"PropertyValueSpecification\",\"valueRequired\":true,\"valueName\":\"search_term_string\"}}],\"inLanguage\":\"de-DE\"}]}<\/script>\n<!-- \/ Yoast SEO plugin. -->","yoast_head_json":{"title":"Reinigungs Service - 7Seasons Apartments","robots":{"index":"index","follow":"follow","max-snippet":"max-snippet:-1","max-image-preview":"max-image-preview:large","max-video-preview":"max-video-preview:-1"},"canonical":"https:\/\/www.7seasonsapartments.com\/de\/services\/reinigungs-service","og_locale":"de_DE","og_type":"article","og_title":"Reinigungs Service - 7Seasons Apartments","og_description":"Standard Zwei-Tage-Reinigung &nbsp; Um dir ein H\u00f6chstma\u00df an Komfort und Sauberkeit zu bieten, wird jeden zweiten Tag deines Aufenthalts eine Reinigung durchgef\u00fchrt. Tag deines Aufenthalts. Dazu geh\u00f6rt: Handt\u00fccher gegen frische austauschen, M\u00fclleimer leeren, Bad und Toiletten reinigen und die Betten machen. &nbsp; Bei l\u00e4ngeren Aufenthalten von 7 Tagen oder mehr bieten wir auch einen w\u00f6chentlichen [&hellip;]","og_url":"https:\/\/www.7seasonsapartments.com\/de\/services\/reinigungs-service","og_site_name":"7Seasons Apartments","article_modified_time":"2023-08-22T06:54:03+00:00","og_image":[{"width":1920,"height":824,"url":"https:\/\/www.7seasonsapartments.com\/wp-content\/uploads\/2023\/06\/7sa_top_1920_services_maidservice.jpg","type":"image\/jpeg"}],"twitter_card":"summary_large_image","twitter_misc":{"Est. reading time":"2 minutes"},"schema":{"@context":"https:\/\/schema.org","@graph":[{"@type":"WebPage","@id":"https:\/\/www.7seasonsapartments.com\/de\/services\/reinigungs-service","url":"https:\/\/www.7seasonsapartments.com\/de\/services\/reinigungs-service","name":"Reinigungs Service - 7Seasons Apartments","isPartOf":{"@id":"https:\/\/www.7seasonsapartments.com\/de#website"},"primaryImageOfPage":{"@id":"https:\/\/www.7seasonsapartments.com\/de\/services\/reinigungs-service#primaryimage"},"image":{"@id":"https:\/\/www.7seasonsapartments.com\/de\/services\/reinigungs-service#primaryimage"},"thumbnailUrl":"https:\/\/www.7seasonsapartments.com\/wp-content\/uploads\/2024\/07\/7sa_w_top_1980x850_services_maidservice_dlx.jpg","datePublished":"2022-02-03T09:00:06+00:00","dateModified":"2023-08-22T06:54:03+00:00","breadcrumb":{"@id":"https:\/\/www.7seasonsapartments.com\/de\/services\/reinigungs-service#breadcrumb"},"inLanguage":"de-DE","potentialAction":[{"@type":"ReadAction","target":["https:\/\/www.7seasonsapartments.com\/de\/services\/reinigungs-service"]}]},{"@type":"ImageObject","inLanguage":"de-DE","@id":"https:\/\/www.7seasonsapartments.com\/de\/services\/reinigungs-service#primaryimage","url":"https:\/\/www.7seasonsapartments.com\/wp-content\/uploads\/2024\/07\/7sa_w_top_1980x850_services_maidservice_dlx.jpg","contentUrl":"https:\/\/www.7seasonsapartments.com\/wp-content\/uploads\/2024\/07\/7sa_w_top_1980x850_services_maidservice_dlx.jpg","width":1980,"height":850},{"@type":"BreadcrumbList","@id":"https:\/\/www.7seasonsapartments.com\/de\/services\/reinigungs-service#breadcrumb","itemListElement":[{"@type":"ListItem","position":1,"name":"Home","item":"https:\/\/www.7seasonsapartments.com\/de\/startseite"},{"@type":"ListItem","position":2,"name":"Unser Service","item":"https:\/\/www.7seasonsapartments.com\/de\/services"},{"@type":"ListItem","position":3,"name":"Reinigungs Service"}]},{"@type":"WebSite","@id":"https:\/\/www.7seasonsapartments.com\/de#website","url":"https:\/\/www.7seasonsapartments.com\/de","name":"7Seasons Apartments","description":"...egy \u00fajabb WordPress honlap...","potentialAction":[{"@type":"SearchAction","target":{"@type":"EntryPoint","urlTemplate":"https:\/\/www.7seasonsapartments.com\/de?s={search_term_string}"},"query-input":{"@type":"PropertyValueSpecification","valueRequired":true,"valueName":"search_term_string"}}],"inLanguage":"de-DE"}]}},"_links":{"self":[{"href":"https:\/\/www.7seasonsapartments.com\/de\/wp-json\/wp\/v2\/pages\/7325","targetHints":{"allow":["GET"]}}],"collection":[{"href":"https:\/\/www.7seasonsapartments.com\/de\/wp-json\/wp\/v2\/pages"}],"about":[{"href":"https:\/\/www.7seasonsapartments.com\/de\/wp-json\/wp\/v2\/types\/page"}],"author":[{"embeddable":true,"href":"https:\/\/www.7seasonsapartments.com\/de\/wp-json\/wp\/v2\/users\/10"}],"replies":[{"embeddable":true,"href":"https:\/\/www.7seasonsapartments.com\/de\/wp-json\/wp\/v2\/comments?post=7325"}],"version-history":[{"count":4,"href":"https:\/\/www.7seasonsapartments.com\/de\/wp-json\/wp\/v2\/pages\/7325\/revisions"}],"predecessor-version":[{"id":7329,"href":"https:\/\/www.7seasonsapartments.com\/de\/wp-json\/wp\/v2\/pages\/7325\/revisions\/7329"}],"up":[{"embeddable":true,"href":"https:\/\/www.7seasonsapartments.com\/de\/wp-json\/wp\/v2\/pages\/7267"}],"wp:featuredmedia":[{"embeddable":true,"href":"https:\/\/www.7seasonsapartments.com\/de\/wp-json\/wp\/v2\/media\/9962"}],"wp:attachment":[{"href":"https:\/\/www.7seasonsapartments.com\/de\/wp-json\/wp\/v2\/media?parent=7325"}],"curies":[{"name":"wp","href":"https:\/\/api.w.org\/{rel}","templated":true}]}}