{"id":7330,"date":"2023-03-23T10:20:39","date_gmt":"2023-03-23T10:20:39","guid":{"rendered":"https:\/\/www.7seasonsapartments.com\/services\/meeting-conference"},"modified":"2023-08-22T07:31:21","modified_gmt":"2023-08-22T07:31:21","slug":"tagungs-konferenz-raume","status":"publish","type":"page","link":"https:\/\/www.7seasonsapartments.com\/de\/services\/tagungs-konferenz-raume","title":{"rendered":"Tagungs- &#038; Konferenz R\u00e4ume"},"content":{"rendered":"<h2>Tagungsraum<\/h2>\n<p>&nbsp;<\/p>\n<p>Wir bieten zwei miteinander verbundene und einen freistehenden Seminarraum mit einer Gesamtfl\u00e4che von 125 m\u00b2 in vier verschiedenen Kombinationen und sechs Grundrissen. Diese mit modernster Technik ausgestatteten Salons sind ideal f\u00fcr Arbeitstreffen, Studientage und Seminare. Jeder Konferenzraum ist elegant und modern gestaltet und bietet ein echtes Vier-Sterne-Erlebnis. Diese 2 R\u00e4ume eignen sich f\u00fcr die Organisation kleinerer Veranstaltungen, Meetings oder k\u00f6nnen auf Stundenbasis genutzt werden.<\/p>\n<p>&nbsp;<\/p>\n<p>&nbsp;<\/p>\n<p><strong>Mietoptionen f\u00fcr Tagungsr\u00e4ume :<\/strong><\/p>\n<p>&nbsp;<\/p>\n<p><strong>35 m\u00b2<\/strong> \/ 20 Personen im Theaterstile<\/p>\n<p>&nbsp;<\/p>\n<p><strong>45 m\u00b2 <\/strong> \/ 25 Personen im Theaterstil<\/p>\n<p>&nbsp;<\/p>\n<p><strong>90 m\u00b2<\/strong> \/ 55 Personen im Theaterstil<\/p>\n<h2><\/h2>\n<p>&nbsp;<\/p>\n<p>&nbsp;<\/p>\n<p>&nbsp;<\/p>\n<h2>Konferenzraum<\/h2>\n<p>&nbsp;<\/p>\n<p>Unser Veranstaltungsraum befindet sich in der N\u00e4he unseres Geb\u00e4udes im Stadtzentrum und ist die beste L\u00f6sung f\u00fcr die Organisation von Veranstaltungen, von kleineren Workshops bis hin zu gr\u00f6\u00dferen Podiumsdiskussionen. Er ist mit einem Projektor und einem Soundsystem ausgestattet und kann flexibel an deine Veranstaltung angepasst werden. Nur deine Kreativit\u00e4t setzt die Grenzen.<\/p>\n<p>&nbsp;<\/p>\n<p>&nbsp;<\/p>\n<p><strong>Mietoptionen f\u00fcr Konferenzr\u00e4ume :<\/strong><\/p>\n<p>&nbsp;<\/p>\n<p><strong>110 m\u00b2 <\/strong> \/ 90 Personen im Theaterstil<\/p>\n<p>&nbsp;<\/p>\n<p><strong>75 m\u00b2 <\/strong> \/ 50 Personen im Theaterstil<\/p>\n<p>&nbsp;<\/p>\n<p><strong>35 m\u00b2 <\/strong> \/ 25 Personen im Theaterstil<\/p>\n<p>&nbsp;<\/p>\n<p>&nbsp;<\/p>\n<p>F\u00fcr weitere Informationen, <em><a href=\"https:\/\/www.7seasonsapartments.com\/de\/kontakt\"><strong>schreibe bitte eine E-Mail an unseren Vertriebsmitarbeiter &gt;&gt;<\/strong><\/a><\/em><\/p>\n<p>&nbsp;<\/p>\n","protected":false},"excerpt":{"rendered":"<p>Tagungsraum &nbsp; Wir bieten zwei miteinander verbundene und einen freistehenden Seminarraum mit einer Gesamtfl\u00e4che von 125 m\u00b2 in vier verschiedenen Kombinationen und sechs Grundrissen. Diese mit modernster Technik ausgestatteten Salons sind ideal f\u00fcr Arbeitstreffen, Studientage und Seminare. Jeder Konferenzraum ist elegant und modern gestaltet und bietet ein echtes Vier-Sterne-Erlebnis. Diese 2 R\u00e4ume eignen sich f\u00fcr [&hellip;]<\/p>\n","protected":false},"author":4,"featured_media":6604,"parent":7267,"menu_order":0,"comment_status":"closed","ping_status":"closed","template":"","meta":{"_acf_changed":false,"footnotes":""},"class_list":["post-7330","page","type-page","status-publish","has-post-thumbnail","hentry"],"acf":[],"yoast_head":"<!-- This site is optimized with the Yoast SEO plugin v27.4 - https:\/\/yoast.com\/product\/yoast-seo-wordpress\/ -->\n<title>Tagungs- &amp; Konferenz R\u00e4ume - 7Seasons Apartments<\/title>\n<meta name=\"robots\" content=\"index, follow, max-snippet:-1, max-image-preview:large, max-video-preview:-1\" \/>\n<link rel=\"canonical\" href=\"https:\/\/www.7seasonsapartments.com\/de\/services\/tagungs-konferenz-raume\" \/>\n<meta property=\"og:locale\" content=\"de_DE\" \/>\n<meta property=\"og:type\" content=\"article\" \/>\n<meta property=\"og:title\" content=\"Tagungs- &amp; Konferenz R\u00e4ume - 7Seasons Apartments\" \/>\n<meta property=\"og:description\" content=\"Tagungsraum &nbsp; Wir bieten zwei miteinander verbundene und einen freistehenden Seminarraum mit einer Gesamtfl\u00e4che von 125 m\u00b2 in vier verschiedenen Kombinationen und sechs Grundrissen. Diese mit modernster Technik ausgestatteten Salons sind ideal f\u00fcr Arbeitstreffen, Studientage und Seminare. Jeder Konferenzraum ist elegant und modern gestaltet und bietet ein echtes Vier-Sterne-Erlebnis. Diese 2 R\u00e4ume eignen sich f\u00fcr [&hellip;]\" \/>\n<meta property=\"og:url\" content=\"https:\/\/www.7seasonsapartments.com\/de\/services\/tagungs-konferenz-raume\" \/>\n<meta property=\"og:site_name\" content=\"7Seasons Apartments\" \/>\n<meta property=\"article:modified_time\" content=\"2023-08-22T07:31:21+00:00\" \/>\n<meta property=\"og:image\" content=\"https:\/\/www.7seasonsapartments.com\/wp-content\/uploads\/2023\/06\/7sa_top_1920_services_meeting_conference.jpg\" \/>\n\t<meta property=\"og:image:width\" content=\"1920\" \/>\n\t<meta property=\"og:image:height\" content=\"824\" \/>\n\t<meta property=\"og:image:type\" content=\"image\/jpeg\" \/>\n<meta name=\"twitter:card\" content=\"summary_large_image\" \/>\n<meta name=\"twitter:label1\" content=\"Est. reading time\" \/>\n\t<meta name=\"twitter:data1\" content=\"1 minute\" \/>\n<script type=\"application\/ld+json\" class=\"yoast-schema-graph\">{\"@context\":\"https:\\\/\\\/schema.org\",\"@graph\":[{\"@type\":\"WebPage\",\"@id\":\"https:\\\/\\\/www.7seasonsapartments.com\\\/de\\\/services\\\/tagungs-konferenz-raume\",\"url\":\"https:\\\/\\\/www.7seasonsapartments.com\\\/de\\\/services\\\/tagungs-konferenz-raume\",\"name\":\"Tagungs- & Konferenz R\u00e4ume - 7Seasons Apartments\",\"isPartOf\":{\"@id\":\"https:\\\/\\\/www.7seasonsapartments.com\\\/de#website\"},\"primaryImageOfPage\":{\"@id\":\"https:\\\/\\\/www.7seasonsapartments.com\\\/de\\\/services\\\/tagungs-konferenz-raume#primaryimage\"},\"image\":{\"@id\":\"https:\\\/\\\/www.7seasonsapartments.com\\\/de\\\/services\\\/tagungs-konferenz-raume#primaryimage\"},\"thumbnailUrl\":\"https:\\\/\\\/www.7seasonsapartments.com\\\/wp-content\\\/uploads\\\/2023\\\/06\\\/7sa_top_1920_services_meeting_conference.jpg\",\"datePublished\":\"2023-03-23T10:20:39+00:00\",\"dateModified\":\"2023-08-22T07:31:21+00:00\",\"breadcrumb\":{\"@id\":\"https:\\\/\\\/www.7seasonsapartments.com\\\/de\\\/services\\\/tagungs-konferenz-raume#breadcrumb\"},\"inLanguage\":\"de-DE\",\"potentialAction\":[{\"@type\":\"ReadAction\",\"target\":[\"https:\\\/\\\/www.7seasonsapartments.com\\\/de\\\/services\\\/tagungs-konferenz-raume\"]}]},{\"@type\":\"ImageObject\",\"inLanguage\":\"de-DE\",\"@id\":\"https:\\\/\\\/www.7seasonsapartments.com\\\/de\\\/services\\\/tagungs-konferenz-raume#primaryimage\",\"url\":\"https:\\\/\\\/www.7seasonsapartments.com\\\/wp-content\\\/uploads\\\/2023\\\/06\\\/7sa_top_1920_services_meeting_conference.jpg\",\"contentUrl\":\"https:\\\/\\\/www.7seasonsapartments.com\\\/wp-content\\\/uploads\\\/2023\\\/06\\\/7sa_top_1920_services_meeting_conference.jpg\",\"width\":1920,\"height\":824},{\"@type\":\"BreadcrumbList\",\"@id\":\"https:\\\/\\\/www.7seasonsapartments.com\\\/de\\\/services\\\/tagungs-konferenz-raume#breadcrumb\",\"itemListElement\":[{\"@type\":\"ListItem\",\"position\":1,\"name\":\"Home\",\"item\":\"https:\\\/\\\/www.7seasonsapartments.com\\\/de\\\/startseite\"},{\"@type\":\"ListItem\",\"position\":2,\"name\":\"Unser Service\",\"item\":\"https:\\\/\\\/www.7seasonsapartments.com\\\/de\\\/services\"},{\"@type\":\"ListItem\",\"position\":3,\"name\":\"Tagungs- &#038; Konferenz R\u00e4ume\"}]},{\"@type\":\"WebSite\",\"@id\":\"https:\\\/\\\/www.7seasonsapartments.com\\\/de#website\",\"url\":\"https:\\\/\\\/www.7seasonsapartments.com\\\/de\",\"name\":\"7Seasons Apartments\",\"description\":\"...egy \u00fajabb WordPress honlap...\",\"potentialAction\":[{\"@type\":\"SearchAction\",\"target\":{\"@type\":\"EntryPoint\",\"urlTemplate\":\"https:\\\/\\\/www.7seasonsapartments.com\\\/de?s={search_term_string}\"},\"query-input\":{\"@type\":\"PropertyValueSpecification\",\"valueRequired\":true,\"valueName\":\"search_term_string\"}}],\"inLanguage\":\"de-DE\"}]}<\/script>\n<!-- \/ Yoast SEO plugin. -->","yoast_head_json":{"title":"Tagungs- & Konferenz R\u00e4ume - 7Seasons Apartments","robots":{"index":"index","follow":"follow","max-snippet":"max-snippet:-1","max-image-preview":"max-image-preview:large","max-video-preview":"max-video-preview:-1"},"canonical":"https:\/\/www.7seasonsapartments.com\/de\/services\/tagungs-konferenz-raume","og_locale":"de_DE","og_type":"article","og_title":"Tagungs- & Konferenz R\u00e4ume - 7Seasons Apartments","og_description":"Tagungsraum &nbsp; Wir bieten zwei miteinander verbundene und einen freistehenden Seminarraum mit einer Gesamtfl\u00e4che von 125 m\u00b2 in vier verschiedenen Kombinationen und sechs Grundrissen. Diese mit modernster Technik ausgestatteten Salons sind ideal f\u00fcr Arbeitstreffen, Studientage und Seminare. Jeder Konferenzraum ist elegant und modern gestaltet und bietet ein echtes Vier-Sterne-Erlebnis. Diese 2 R\u00e4ume eignen sich f\u00fcr [&hellip;]","og_url":"https:\/\/www.7seasonsapartments.com\/de\/services\/tagungs-konferenz-raume","og_site_name":"7Seasons Apartments","article_modified_time":"2023-08-22T07:31:21+00:00","og_image":[{"width":1920,"height":824,"url":"https:\/\/www.7seasonsapartments.com\/wp-content\/uploads\/2023\/06\/7sa_top_1920_services_meeting_conference.jpg","type":"image\/jpeg"}],"twitter_card":"summary_large_image","twitter_misc":{"Est. reading time":"1 minute"},"schema":{"@context":"https:\/\/schema.org","@graph":[{"@type":"WebPage","@id":"https:\/\/www.7seasonsapartments.com\/de\/services\/tagungs-konferenz-raume","url":"https:\/\/www.7seasonsapartments.com\/de\/services\/tagungs-konferenz-raume","name":"Tagungs- & Konferenz R\u00e4ume - 7Seasons Apartments","isPartOf":{"@id":"https:\/\/www.7seasonsapartments.com\/de#website"},"primaryImageOfPage":{"@id":"https:\/\/www.7seasonsapartments.com\/de\/services\/tagungs-konferenz-raume#primaryimage"},"image":{"@id":"https:\/\/www.7seasonsapartments.com\/de\/services\/tagungs-konferenz-raume#primaryimage"},"thumbnailUrl":"https:\/\/www.7seasonsapartments.com\/wp-content\/uploads\/2023\/06\/7sa_top_1920_services_meeting_conference.jpg","datePublished":"2023-03-23T10:20:39+00:00","dateModified":"2023-08-22T07:31:21+00:00","breadcrumb":{"@id":"https:\/\/www.7seasonsapartments.com\/de\/services\/tagungs-konferenz-raume#breadcrumb"},"inLanguage":"de-DE","potentialAction":[{"@type":"ReadAction","target":["https:\/\/www.7seasonsapartments.com\/de\/services\/tagungs-konferenz-raume"]}]},{"@type":"ImageObject","inLanguage":"de-DE","@id":"https:\/\/www.7seasonsapartments.com\/de\/services\/tagungs-konferenz-raume#primaryimage","url":"https:\/\/www.7seasonsapartments.com\/wp-content\/uploads\/2023\/06\/7sa_top_1920_services_meeting_conference.jpg","contentUrl":"https:\/\/www.7seasonsapartments.com\/wp-content\/uploads\/2023\/06\/7sa_top_1920_services_meeting_conference.jpg","width":1920,"height":824},{"@type":"BreadcrumbList","@id":"https:\/\/www.7seasonsapartments.com\/de\/services\/tagungs-konferenz-raume#breadcrumb","itemListElement":[{"@type":"ListItem","position":1,"name":"Home","item":"https:\/\/www.7seasonsapartments.com\/de\/startseite"},{"@type":"ListItem","position":2,"name":"Unser Service","item":"https:\/\/www.7seasonsapartments.com\/de\/services"},{"@type":"ListItem","position":3,"name":"Tagungs- &#038; Konferenz R\u00e4ume"}]},{"@type":"WebSite","@id":"https:\/\/www.7seasonsapartments.com\/de#website","url":"https:\/\/www.7seasonsapartments.com\/de","name":"7Seasons Apartments","description":"...egy \u00fajabb WordPress honlap...","potentialAction":[{"@type":"SearchAction","target":{"@type":"EntryPoint","urlTemplate":"https:\/\/www.7seasonsapartments.com\/de?s={search_term_string}"},"query-input":{"@type":"PropertyValueSpecification","valueRequired":true,"valueName":"search_term_string"}}],"inLanguage":"de-DE"}]}},"_links":{"self":[{"href":"https:\/\/www.7seasonsapartments.com\/de\/wp-json\/wp\/v2\/pages\/7330","targetHints":{"allow":["GET"]}}],"collection":[{"href":"https:\/\/www.7seasonsapartments.com\/de\/wp-json\/wp\/v2\/pages"}],"about":[{"href":"https:\/\/www.7seasonsapartments.com\/de\/wp-json\/wp\/v2\/types\/page"}],"author":[{"embeddable":true,"href":"https:\/\/www.7seasonsapartments.com\/de\/wp-json\/wp\/v2\/users\/4"}],"replies":[{"embeddable":true,"href":"https:\/\/www.7seasonsapartments.com\/de\/wp-json\/wp\/v2\/comments?post=7330"}],"version-history":[{"count":4,"href":"https:\/\/www.7seasonsapartments.com\/de\/wp-json\/wp\/v2\/pages\/7330\/revisions"}],"predecessor-version":[{"id":7332,"href":"https:\/\/www.7seasonsapartments.com\/de\/wp-json\/wp\/v2\/pages\/7330\/revisions\/7332"}],"up":[{"embeddable":true,"href":"https:\/\/www.7seasonsapartments.com\/de\/wp-json\/wp\/v2\/pages\/7267"}],"wp:featuredmedia":[{"embeddable":true,"href":"https:\/\/www.7seasonsapartments.com\/de\/wp-json\/wp\/v2\/media\/6604"}],"wp:attachment":[{"href":"https:\/\/www.7seasonsapartments.com\/de\/wp-json\/wp\/v2\/media?parent=7330"}],"curies":[{"name":"wp","href":"https:\/\/api.w.org\/{rel}","templated":true}]}}