{"id":7335,"date":"2022-02-04T10:49:47","date_gmt":"2022-02-04T10:49:47","guid":{"rendered":"https:\/\/www.7seasonsapartments.com\/services\/valet-parking"},"modified":"2024-10-25T08:51:19","modified_gmt":"2024-10-25T08:51:19","slug":"valet-parken","status":"publish","type":"page","link":"https:\/\/www.7seasonsapartments.com\/de\/services\/valet-parken","title":{"rendered":"Sicheres <br>Parken"},"content":{"rendered":"<h3>Sicheres Parken vor dem Geb\u00e4ude<\/h3>\n<p>Wenn du mit dem Auto nach Budapest kommst, empfehlen wir dir, dich im Voraus um einen Parkplatz zu k\u00fcmmern.<\/p>\n<p><strong>Wir bieten eine 24\/7 bewachte Parkm\u00f6glichkeit in der Tiefgarage des Geb\u00e4udes zum Preis von EUR 32,00 pro Nacht. H\u00f6henbeschr\u00e4nkung: 2,10 Meter.\u00a0<\/strong><\/p>\n<p>&nbsp;<\/p>\n<p>&nbsp;<\/p>\n<p>Je nach Verf\u00fcgbarkeit k\u00f6nnen wir einen Platz f\u00fcr dich reservieren und dir beim Einparken helfen, wenn du ankommst.<\/p>\n<p>Die Wohnungen sind auch direkt von der Garage aus zug\u00e4nglich, so dass du dein Gep\u00e4ck ganz bequem einladen kannst.<\/p>\n<p>&nbsp;<\/p>\n<p>Wenn du einen Parkplatz reservieren m\u00f6chtest, kannst du diesen Service w\u00e4hrend des Buchungsvorgangs zu deiner Buchung hinzuf\u00fcgen oder eine E-Mail an info@7seasonsapartments.com schicken.<\/p>\n<p>&nbsp;<\/p>\n<p><em>Falls du dich entscheidest, dein Auto drau\u00dfen stehen zu lassen, beachte bitte, dass du im Stadtzentrum &#8211; und in den meisten anderen Teilen Budapests &#8211; von 8 bis 22 Uhr f\u00fcr das Parken auf der Stra\u00dfe bezahlen musst, was etwa EUR 1,60\/Stunde kostet und alle 3 Stunden ein Ticket.<\/em><\/p>\n<p><em>Die aktuellen Regeln und Vorschriften f\u00fcr das Parken in der Stadt findest du hier:<\/em><\/p>\n<p><a href=\"https:\/\/bkk.hu\/en\/travel-information\/cars-and-freight-transport\/parking\/parking-on-the-premises-of-budapest\/\"><strong>Parkzone &gt;&gt;<\/strong><\/a><\/p>\n<p>&nbsp;<\/p>\n<p>&nbsp;<\/p>\n","protected":false},"excerpt":{"rendered":"<p>Sicheres Parken vor dem Geb\u00e4ude Wenn du mit dem Auto nach Budapest kommst, empfehlen wir dir, dich im Voraus um einen Parkplatz zu k\u00fcmmern. Wir bieten eine 24\/7 bewachte Parkm\u00f6glichkeit in der Tiefgarage des Geb\u00e4udes zum Preis von EUR 32,00 pro Nacht. H\u00f6henbeschr\u00e4nkung: 2,10 Meter.\u00a0 &nbsp; &nbsp; Je nach Verf\u00fcgbarkeit k\u00f6nnen wir einen Platz f\u00fcr [&hellip;]<\/p>\n","protected":false},"author":10,"featured_media":6623,"parent":7267,"menu_order":0,"comment_status":"open","ping_status":"open","template":"","meta":{"_acf_changed":false,"footnotes":""},"class_list":["post-7335","page","type-page","status-publish","has-post-thumbnail","hentry"],"acf":[],"yoast_head":"<!-- This site is optimized with the Yoast SEO plugin v27.4 - https:\/\/yoast.com\/product\/yoast-seo-wordpress\/ -->\n<title>Sicheres Parken - 7Seasons Apartments<\/title>\n<meta name=\"robots\" content=\"index, follow, max-snippet:-1, max-image-preview:large, max-video-preview:-1\" \/>\n<link rel=\"canonical\" href=\"https:\/\/www.7seasonsapartments.com\/de\/services\/valet-parken\" \/>\n<meta property=\"og:locale\" content=\"de_DE\" \/>\n<meta property=\"og:type\" content=\"article\" \/>\n<meta property=\"og:title\" content=\"Sicheres Parken - 7Seasons Apartments\" \/>\n<meta property=\"og:description\" content=\"Sicheres Parken vor dem Geb\u00e4ude Wenn du mit dem Auto nach Budapest kommst, empfehlen wir dir, dich im Voraus um einen Parkplatz zu k\u00fcmmern. Wir bieten eine 24\/7 bewachte Parkm\u00f6glichkeit in der Tiefgarage des Geb\u00e4udes zum Preis von EUR 32,00 pro Nacht. H\u00f6henbeschr\u00e4nkung: 2,10 Meter.\u00a0 &nbsp; &nbsp; Je nach Verf\u00fcgbarkeit k\u00f6nnen wir einen Platz f\u00fcr [&hellip;]\" \/>\n<meta property=\"og:url\" content=\"https:\/\/www.7seasonsapartments.com\/de\/services\/valet-parken\" \/>\n<meta property=\"og:site_name\" content=\"7Seasons Apartments\" \/>\n<meta property=\"article:modified_time\" content=\"2024-10-25T08:51:19+00:00\" \/>\n<meta property=\"og:image\" content=\"https:\/\/www.7seasonsapartments.com\/wp-content\/uploads\/2023\/06\/7sa_top_1920_specials_parking.jpg\" \/>\n\t<meta property=\"og:image:width\" content=\"1980\" \/>\n\t<meta property=\"og:image:height\" content=\"850\" \/>\n\t<meta property=\"og:image:type\" content=\"image\/jpeg\" \/>\n<meta name=\"twitter:card\" content=\"summary_large_image\" \/>\n<meta name=\"twitter:label1\" content=\"Est. reading time\" \/>\n\t<meta name=\"twitter:data1\" content=\"1 minute\" \/>\n<script type=\"application\/ld+json\" class=\"yoast-schema-graph\">{\"@context\":\"https:\\\/\\\/schema.org\",\"@graph\":[{\"@type\":\"WebPage\",\"@id\":\"https:\\\/\\\/www.7seasonsapartments.com\\\/de\\\/services\\\/valet-parken\",\"url\":\"https:\\\/\\\/www.7seasonsapartments.com\\\/de\\\/services\\\/valet-parken\",\"name\":\"Sicheres Parken - 7Seasons Apartments\",\"isPartOf\":{\"@id\":\"https:\\\/\\\/www.7seasonsapartments.com\\\/de#website\"},\"primaryImageOfPage\":{\"@id\":\"https:\\\/\\\/www.7seasonsapartments.com\\\/de\\\/services\\\/valet-parken#primaryimage\"},\"image\":{\"@id\":\"https:\\\/\\\/www.7seasonsapartments.com\\\/de\\\/services\\\/valet-parken#primaryimage\"},\"thumbnailUrl\":\"https:\\\/\\\/www.7seasonsapartments.com\\\/wp-content\\\/uploads\\\/2023\\\/06\\\/7sa_top_1920_specials_parking.jpg\",\"datePublished\":\"2022-02-04T10:49:47+00:00\",\"dateModified\":\"2024-10-25T08:51:19+00:00\",\"breadcrumb\":{\"@id\":\"https:\\\/\\\/www.7seasonsapartments.com\\\/de\\\/services\\\/valet-parken#breadcrumb\"},\"inLanguage\":\"de-DE\",\"potentialAction\":[{\"@type\":\"ReadAction\",\"target\":[\"https:\\\/\\\/www.7seasonsapartments.com\\\/de\\\/services\\\/valet-parken\"]}]},{\"@type\":\"ImageObject\",\"inLanguage\":\"de-DE\",\"@id\":\"https:\\\/\\\/www.7seasonsapartments.com\\\/de\\\/services\\\/valet-parken#primaryimage\",\"url\":\"https:\\\/\\\/www.7seasonsapartments.com\\\/wp-content\\\/uploads\\\/2023\\\/06\\\/7sa_top_1920_specials_parking.jpg\",\"contentUrl\":\"https:\\\/\\\/www.7seasonsapartments.com\\\/wp-content\\\/uploads\\\/2023\\\/06\\\/7sa_top_1920_specials_parking.jpg\",\"width\":1980,\"height\":850},{\"@type\":\"BreadcrumbList\",\"@id\":\"https:\\\/\\\/www.7seasonsapartments.com\\\/de\\\/services\\\/valet-parken#breadcrumb\",\"itemListElement\":[{\"@type\":\"ListItem\",\"position\":1,\"name\":\"Home\",\"item\":\"https:\\\/\\\/www.7seasonsapartments.com\\\/de\\\/startseite\"},{\"@type\":\"ListItem\",\"position\":2,\"name\":\"Unser Service\",\"item\":\"https:\\\/\\\/www.7seasonsapartments.com\\\/de\\\/services\"},{\"@type\":\"ListItem\",\"position\":3,\"name\":\"Sicheres Parken\"}]},{\"@type\":\"WebSite\",\"@id\":\"https:\\\/\\\/www.7seasonsapartments.com\\\/de#website\",\"url\":\"https:\\\/\\\/www.7seasonsapartments.com\\\/de\",\"name\":\"7Seasons Apartments\",\"description\":\"...egy \u00fajabb WordPress honlap...\",\"potentialAction\":[{\"@type\":\"SearchAction\",\"target\":{\"@type\":\"EntryPoint\",\"urlTemplate\":\"https:\\\/\\\/www.7seasonsapartments.com\\\/de?s={search_term_string}\"},\"query-input\":{\"@type\":\"PropertyValueSpecification\",\"valueRequired\":true,\"valueName\":\"search_term_string\"}}],\"inLanguage\":\"de-DE\"}]}<\/script>\n<!-- \/ Yoast SEO plugin. -->","yoast_head_json":{"title":"Sicheres Parken - 7Seasons Apartments","robots":{"index":"index","follow":"follow","max-snippet":"max-snippet:-1","max-image-preview":"max-image-preview:large","max-video-preview":"max-video-preview:-1"},"canonical":"https:\/\/www.7seasonsapartments.com\/de\/services\/valet-parken","og_locale":"de_DE","og_type":"article","og_title":"Sicheres Parken - 7Seasons Apartments","og_description":"Sicheres Parken vor dem Geb\u00e4ude Wenn du mit dem Auto nach Budapest kommst, empfehlen wir dir, dich im Voraus um einen Parkplatz zu k\u00fcmmern. Wir bieten eine 24\/7 bewachte Parkm\u00f6glichkeit in der Tiefgarage des Geb\u00e4udes zum Preis von EUR 32,00 pro Nacht. H\u00f6henbeschr\u00e4nkung: 2,10 Meter.\u00a0 &nbsp; &nbsp; Je nach Verf\u00fcgbarkeit k\u00f6nnen wir einen Platz f\u00fcr [&hellip;]","og_url":"https:\/\/www.7seasonsapartments.com\/de\/services\/valet-parken","og_site_name":"7Seasons Apartments","article_modified_time":"2024-10-25T08:51:19+00:00","og_image":[{"width":1980,"height":850,"url":"https:\/\/www.7seasonsapartments.com\/wp-content\/uploads\/2023\/06\/7sa_top_1920_specials_parking.jpg","type":"image\/jpeg"}],"twitter_card":"summary_large_image","twitter_misc":{"Est. reading time":"1 minute"},"schema":{"@context":"https:\/\/schema.org","@graph":[{"@type":"WebPage","@id":"https:\/\/www.7seasonsapartments.com\/de\/services\/valet-parken","url":"https:\/\/www.7seasonsapartments.com\/de\/services\/valet-parken","name":"Sicheres Parken - 7Seasons Apartments","isPartOf":{"@id":"https:\/\/www.7seasonsapartments.com\/de#website"},"primaryImageOfPage":{"@id":"https:\/\/www.7seasonsapartments.com\/de\/services\/valet-parken#primaryimage"},"image":{"@id":"https:\/\/www.7seasonsapartments.com\/de\/services\/valet-parken#primaryimage"},"thumbnailUrl":"https:\/\/www.7seasonsapartments.com\/wp-content\/uploads\/2023\/06\/7sa_top_1920_specials_parking.jpg","datePublished":"2022-02-04T10:49:47+00:00","dateModified":"2024-10-25T08:51:19+00:00","breadcrumb":{"@id":"https:\/\/www.7seasonsapartments.com\/de\/services\/valet-parken#breadcrumb"},"inLanguage":"de-DE","potentialAction":[{"@type":"ReadAction","target":["https:\/\/www.7seasonsapartments.com\/de\/services\/valet-parken"]}]},{"@type":"ImageObject","inLanguage":"de-DE","@id":"https:\/\/www.7seasonsapartments.com\/de\/services\/valet-parken#primaryimage","url":"https:\/\/www.7seasonsapartments.com\/wp-content\/uploads\/2023\/06\/7sa_top_1920_specials_parking.jpg","contentUrl":"https:\/\/www.7seasonsapartments.com\/wp-content\/uploads\/2023\/06\/7sa_top_1920_specials_parking.jpg","width":1980,"height":850},{"@type":"BreadcrumbList","@id":"https:\/\/www.7seasonsapartments.com\/de\/services\/valet-parken#breadcrumb","itemListElement":[{"@type":"ListItem","position":1,"name":"Home","item":"https:\/\/www.7seasonsapartments.com\/de\/startseite"},{"@type":"ListItem","position":2,"name":"Unser Service","item":"https:\/\/www.7seasonsapartments.com\/de\/services"},{"@type":"ListItem","position":3,"name":"Sicheres Parken"}]},{"@type":"WebSite","@id":"https:\/\/www.7seasonsapartments.com\/de#website","url":"https:\/\/www.7seasonsapartments.com\/de","name":"7Seasons Apartments","description":"...egy \u00fajabb WordPress honlap...","potentialAction":[{"@type":"SearchAction","target":{"@type":"EntryPoint","urlTemplate":"https:\/\/www.7seasonsapartments.com\/de?s={search_term_string}"},"query-input":{"@type":"PropertyValueSpecification","valueRequired":true,"valueName":"search_term_string"}}],"inLanguage":"de-DE"}]}},"_links":{"self":[{"href":"https:\/\/www.7seasonsapartments.com\/de\/wp-json\/wp\/v2\/pages\/7335","targetHints":{"allow":["GET"]}}],"collection":[{"href":"https:\/\/www.7seasonsapartments.com\/de\/wp-json\/wp\/v2\/pages"}],"about":[{"href":"https:\/\/www.7seasonsapartments.com\/de\/wp-json\/wp\/v2\/types\/page"}],"author":[{"embeddable":true,"href":"https:\/\/www.7seasonsapartments.com\/de\/wp-json\/wp\/v2\/users\/10"}],"replies":[{"embeddable":true,"href":"https:\/\/www.7seasonsapartments.com\/de\/wp-json\/wp\/v2\/comments?post=7335"}],"version-history":[{"count":11,"href":"https:\/\/www.7seasonsapartments.com\/de\/wp-json\/wp\/v2\/pages\/7335\/revisions"}],"predecessor-version":[{"id":10062,"href":"https:\/\/www.7seasonsapartments.com\/de\/wp-json\/wp\/v2\/pages\/7335\/revisions\/10062"}],"up":[{"embeddable":true,"href":"https:\/\/www.7seasonsapartments.com\/de\/wp-json\/wp\/v2\/pages\/7267"}],"wp:featuredmedia":[{"embeddable":true,"href":"https:\/\/www.7seasonsapartments.com\/de\/wp-json\/wp\/v2\/media\/6623"}],"wp:attachment":[{"href":"https:\/\/www.7seasonsapartments.com\/de\/wp-json\/wp\/v2\/media?parent=7335"}],"curies":[{"name":"wp","href":"https:\/\/api.w.org\/{rel}","templated":true}]}}