{"id":7341,"date":"2020-05-05T16:14:51","date_gmt":"2020-05-05T16:14:51","guid":{"rendered":"https:\/\/www.7seasonsapartments.com\/services\/airport_transfer"},"modified":"2024-10-28T07:52:45","modified_gmt":"2024-10-28T07:52:45","slug":"flughafen-transfer","status":"publish","type":"page","link":"https:\/\/www.7seasonsapartments.com\/de\/services\/flughafen-transfer","title":{"rendered":"Transfer Service"},"content":{"rendered":"<section class=\"container transfer-container\">\n<h2>Private Airport Transfer<\/h2>\n<p>&nbsp;<\/p>\n<blockquote style=\"padding: 0 10px;\"><p><strong>\u2022\u00a0 FESTE PREISE, KEINE WARTEZEIT &#8211; KEINE \u00dcBERRASCHUNG<\/strong><\/p>\n<p><strong>\u2022\u00a0 KLIMATISIERTE<\/strong><strong>IN DEN FAHRZEUGEN <\/strong><\/p>\n<p><strong>\u2022\u00a0 <\/strong><strong>PERS\u00d6NLICHE BEGR\u00dcSSUNG AM ANKUNFTSGATE<\/strong><\/p>\n<p><strong>\u2022\u00a0 ERFAHRENE ENGLISCHSPRACHIGE FAHRER<\/strong><\/p>\n<p><strong>\u2022\u00a0 FAHRER MIT FUNDIERTEN KENNTNISSEN \u00dcBER BUDAPEST<\/strong><\/p>\n<p><strong>\u2022\u00a0 SICHERHEITSSITZE F\u00dcR KINDER<\/strong><\/p>\n<p><strong>\u2022\u00a0 <\/strong><strong>KUNDENSERVICE RUND UM DIE UHR<\/strong><\/p>\n<p><strong>\u2022\u00a0 DU WIRST DIREKT VOR DIE T\u00dcR UNSERER REZEPTION GEBRACHT<\/strong><\/p><\/blockquote>\n<\/section>\n<blockquote><p>&nbsp;<\/p><\/blockquote>\n<p>&nbsp;<\/p>\n<section class=\"container transfer-container-nemkell\">\n<div class=\"left-side-nemkell\">\n<p>Wenn du Angst hast, von den Taxis in Budapest \u00fcberteuert abkassiert zu werden, wenn du es leid bist, mit schwerem Gep\u00e4ck \u00fcber eine Stunde lang die Schwierigkeiten der \u00f6ffentlichen Verkehrsmittel vom Flughafen Budapest zu erkunden und wenn du dich in einer fremden Stadt verlaufen hast, dann z\u00f6gere nicht!<\/p>\n<p>Bucht euren Transfer zu uns \u00fcber den international renommierten Service WelcomePickups, um eine reibungslose und stressfreie Ankunft zu erleben.<\/p>\n<p>&nbsp;<\/p>\n<\/div>\n<\/section>\n<div><\/div>\n<div><\/div>\n<section class=\"container transfer-container\">\n<div class=\"transfer-reserve center-text\"><a class=\"btn brown-background\" href=\"https:\/\/new.transfersforhotels.com\/de\/h\/budapest\/7seasons-apartments-budapest\" target=\"_blank\" rel=\"noopener noreferrer\">Reserviere deinen Transfer<\/a><\/div>\n<div class=\"transfer-reserve center-text\"><\/div>\n<p>&nbsp;<\/p>\n<\/section>\n\r\n<div class=\"book-direct white-book-direct white-background\">\r\n  <div class=\"container narrow\">\r\n    <div class=\"booking-direct-left-side bold-text\">\r\n      <div class=\"book-direct-title\">\r\n        <h3 class=\"mini-underline\">Buche direkt<\/h3>\r\n        <img decoding=\"async\" src=\"https:\/\/www.7seasonsapartments.com\/wp-content\/uploads\/2023\/11\/BookDirect_percent_orange_icon.png\" alt=\"BookDirect\" width=\"116\" height=\"104\">\r\n      <\/div>\r\n    <\/div>\r\n    <div class=\"booking-direct-right-side center-text\">\r\n\r\n      <a href=\"https:\/\/www.secure-hotel-booking.com\/7Seasons-Apartments-Budapest\/JJLE\/de\" class=\"btn desktop-hidden\">Preisvergleich<\/a>\r\n\r\n      <ul>\r\n                <li><i class=\"icon-daily_cleaning_02\"><\/i>ZWEI-TAGE Reinigung<div class=\"bold-text orange-text\">Inklusive<\/div><\/li>\r\n                <li><i class=\"icon-luggage\"><\/i>Gep\u00e4ckraum<div class=\"bold-text orange-text\">Inklusive<\/div><\/li>\r\n                <li><i class=\"icon-wifi\"><\/i>HighSpeed Wifi<div class=\"bold-text orange-text\">Inklusive<\/div><\/li>\r\n                <li><i class=\"icon-children\"><\/i>Kinder Ausstattung<div class=\"bold-text orange-text\">Inklusive<\/div><\/li>\r\n              <\/ul>\r\n\r\n    <\/div>\r\n    <div class=\"booking-direct-bottom-block\">\r\n      <h5 class=\"booking-direct-bottom-text normal-font\">BESTES ANGEBOT und DIREKTE BUCHER-VORTEILE<\/h5>\r\n      <div class=\"white-text bold-text book-direct-d-btn-holder\">\r\n        <a href=\"https:\/\/www.secure-hotel-booking.com\/7Seasons-Apartments-Budapest\/JJLE\/de\" class=\"btn mobile-hidden\">Preisvergleich<\/a>\r\n      <\/div>\r\n    <\/div>\r\n  <\/div>\r\n<\/div>\r\n\n<section class=\"container\"><div class=\"reviews-section \">\r\n  <section class=\"container narrow\">\r\n       <h2 class=\"mini-underline widetitle\">Aktuelles Feedback zum Transfer Service<\/h2>\r\n      <div class=\" owl-theme owl-carousel\"  data-itemstablet=\"2\" data-itemsdesktop=\"3\"  data-loop=\"true\">\r\n                          <div>\r\n                      <h4 class=\"normal-font-removed\">Amazing apartment to stay in Budapest<\/h4>\r\n                      <p class=\"review-text\"><em>\"The apartment was amazing! Very clean and comfortable beds, good space for a family. they provided stuff for my kid such as bed, bath, potty, cultery, high chair and even toys! Free coffee and tea available. The staff were very friendly! The airport transfer made it easy for us to come and go from the apartment to airport. The location is perfect! Very center and all the atractions were walking distance.\"<\/em><\/p>\r\n                      <span class=\"review-username\">Kimberly<\/span>\r\n                      <span class=\"review-date\">April 2023<\/span>\r\n                      <span class=\"review-source\">BOOKING. COM<\/span>\r\n                    <\/div>\r\n                                        <div>\r\n                      <h4 class=\"normal-font-removed\">Brilliant<\/h4>\r\n                      <p class=\"review-text\"><span class=\"QewHA H4 _a\"><em>\"From start to finish our experience was amazing our driver Balazs (arranged by hotel) was in constant contact when arriving to airport to collect us. The staff on the front desk were also amazing, location is great I couldn\u2019t fault anything with the 7 season apartments. We will be back! \"<\/em><\/span><\/p>\r\n                      <span class=\"review-username\">Jenny N<\/span>\r\n                      <span class=\"review-date\">March 2023<\/span>\r\n                      <span class=\"review-source\">TRIPADVISOR<\/span>\r\n                    <\/div>\r\n                                        <div>\r\n                      <h4 class=\"normal-font-removed\">Superb experience - highly recommended<\/h4>\r\n                      <p class=\"review-text\">\"We had an excellent stay for 5 nights at this well-equipped, spacious, centrally located apartment. All amenities were exactly as described on the website. The best part was the very prompt, extremely efficient, and always courteous service and help we received at the front desk.\r\nIncidentally, we had also booked our airport pickup and drop through the service provided by them - it was maybe a few Euros more than an Uber or regular taxi, but well worth it.\r\nIn short, I would highly recommend this place to anyone and would definitely stay there again whenever visit Budapest.\"<\/p>\r\n                      <span class=\"review-username\">jaykeyess<\/span>\r\n                      <span class=\"review-date\">May 2023<\/span>\r\n                      <span class=\"review-source\">TRIPADVISOR<\/span>\r\n                    <\/div>\r\n                                        <div>\r\n                      <h4 class=\"normal-font-removed\">Perfect<\/h4>\r\n                      <p class=\"review-text\"><span class=\"QewHA H4 _a\">\"It was really the right choice we made. The hotel is located right in the center. Kind staff. Clean, spacious. We couldn't have asked for more.\r\nWe arranged the transfer through the hotel from Budapest airport to the hotel. And also back on the last day. The drivers were also really helpful and kind.\r\nEverything we asked for was given to us. I highly recommend it. \"<\/span><\/p>\r\n                      <span class=\"review-username\">Meirav O<\/span>\r\n                      <span class=\"review-date\">December 2022<\/span>\r\n                      <span class=\"review-source\">TRIPADVISOR<\/span>\r\n                    <\/div>\r\n                                        <div>\r\n                      <h4 class=\"normal-font-removed\">Central location, professional and friendly staff<\/h4>\r\n                      <p class=\"review-text\">\"Excellent location in the center, a few minutes from supermarket, shops,restaurants,main metro station. Big and very clean apartment, with housekeeping service every other day. Very comfortable beds and great shower. The apartment was even nicer than it looks like in the pictures. Excellent for families. 24 hour reception with professional and friendly staff. We also used their transfer service from the airport and back to the airport and it was great. I would stay there again.\"<\/p>\r\n                      <span class=\"review-username\">Sharon<\/span>\r\n                      <span class=\"review-date\">August 2019<\/span>\r\n                      <span class=\"review-source\">BOOKING<\/span>\r\n                    <\/div>\r\n                        <\/div>\r\n      <\/section>\r\n<\/div>\r\n\r\n<\/section>\n","protected":false},"excerpt":{"rendered":"<p>Private Airport Transfer &nbsp; \u2022\u00a0 FESTE PREISE, KEINE WARTEZEIT &#8211; KEINE \u00dcBERRASCHUNG \u2022\u00a0 KLIMATISIERTEIN DEN FAHRZEUGEN \u2022\u00a0 PERS\u00d6NLICHE BEGR\u00dcSSUNG AM ANKUNFTSGATE \u2022\u00a0 ERFAHRENE ENGLISCHSPRACHIGE FAHRER \u2022\u00a0 FAHRER MIT FUNDIERTEN KENNTNISSEN \u00dcBER BUDAPEST \u2022\u00a0 SICHERHEITSSITZE F\u00dcR KINDER \u2022\u00a0 KUNDENSERVICE RUND UM DIE UHR \u2022\u00a0 DU WIRST DIREKT VOR DIE T\u00dcR UNSERER REZEPTION GEBRACHT &nbsp; &nbsp; Wenn [&hellip;]<\/p>\n","protected":false},"author":4,"featured_media":10096,"parent":7267,"menu_order":0,"comment_status":"closed","ping_status":"closed","template":"template_single_who_container.php","meta":{"_acf_changed":false,"footnotes":""},"class_list":["post-7341","page","type-page","status-publish","has-post-thumbnail","hentry"],"acf":[],"yoast_head":"<!-- This site is optimized with the Yoast SEO plugin v27.4 - https:\/\/yoast.com\/product\/yoast-seo-wordpress\/ -->\n<title>Budapest Flughafen Shuttle Service | Feste Preise keine Wartezeit<\/title>\n<meta name=\"description\" content=\"T\u00fcr-zu-T\u00fcr-Transferservice mit englischsprachigen Fahrern und klimatisierten Fahrzeugen mit 24\/7-Unterst\u00fctzung f\u00fcr Ihren Komfort.\" \/>\n<meta name=\"robots\" content=\"index, follow, max-snippet:-1, max-image-preview:large, max-video-preview:-1\" \/>\n<link rel=\"canonical\" href=\"https:\/\/www.7seasonsapartments.com\/de\/services\/flughafen-transfer\" \/>\n<meta property=\"og:locale\" content=\"de_DE\" \/>\n<meta property=\"og:type\" content=\"article\" \/>\n<meta property=\"og:title\" content=\"Budapest Flughafen Shuttle Service | Feste Preise keine Wartezeit\" \/>\n<meta property=\"og:description\" content=\"T\u00fcr-zu-T\u00fcr-Transferservice mit englischsprachigen Fahrern und klimatisierten Fahrzeugen mit 24\/7-Unterst\u00fctzung f\u00fcr Ihren Komfort.\" \/>\n<meta property=\"og:url\" content=\"https:\/\/www.7seasonsapartments.com\/de\/services\/flughafen-transfer\" \/>\n<meta property=\"og:site_name\" content=\"7Seasons Apartments\" \/>\n<meta property=\"article:modified_time\" content=\"2024-10-28T07:52:45+00:00\" \/>\n<meta property=\"og:image\" content=\"https:\/\/www.7seasonsapartments.com\/wp-content\/uploads\/2024\/10\/7sa_w_top_1980x850_transfer_wp.jpg\" \/>\n\t<meta property=\"og:image:width\" content=\"1980\" \/>\n\t<meta property=\"og:image:height\" content=\"850\" \/>\n\t<meta property=\"og:image:type\" content=\"image\/jpeg\" \/>\n<meta name=\"twitter:card\" content=\"summary_large_image\" \/>\n<meta name=\"twitter:label1\" content=\"Est. reading time\" \/>\n\t<meta name=\"twitter:data1\" content=\"1 minute\" \/>\n<script type=\"application\/ld+json\" class=\"yoast-schema-graph\">{\"@context\":\"https:\\\/\\\/schema.org\",\"@graph\":[{\"@type\":\"WebPage\",\"@id\":\"https:\\\/\\\/www.7seasonsapartments.com\\\/de\\\/services\\\/flughafen-transfer\",\"url\":\"https:\\\/\\\/www.7seasonsapartments.com\\\/de\\\/services\\\/flughafen-transfer\",\"name\":\"Budapest Flughafen Shuttle Service | Feste Preise keine Wartezeit\",\"isPartOf\":{\"@id\":\"https:\\\/\\\/www.7seasonsapartments.com\\\/de#website\"},\"primaryImageOfPage\":{\"@id\":\"https:\\\/\\\/www.7seasonsapartments.com\\\/de\\\/services\\\/flughafen-transfer#primaryimage\"},\"image\":{\"@id\":\"https:\\\/\\\/www.7seasonsapartments.com\\\/de\\\/services\\\/flughafen-transfer#primaryimage\"},\"thumbnailUrl\":\"https:\\\/\\\/www.7seasonsapartments.com\\\/wp-content\\\/uploads\\\/2024\\\/10\\\/7sa_w_top_1980x850_transfer_wp.jpg\",\"datePublished\":\"2020-05-05T16:14:51+00:00\",\"dateModified\":\"2024-10-28T07:52:45+00:00\",\"description\":\"T\u00fcr-zu-T\u00fcr-Transferservice mit englischsprachigen Fahrern und klimatisierten Fahrzeugen mit 24\\\/7-Unterst\u00fctzung f\u00fcr Ihren Komfort.\",\"breadcrumb\":{\"@id\":\"https:\\\/\\\/www.7seasonsapartments.com\\\/de\\\/services\\\/flughafen-transfer#breadcrumb\"},\"inLanguage\":\"de-DE\",\"potentialAction\":[{\"@type\":\"ReadAction\",\"target\":[\"https:\\\/\\\/www.7seasonsapartments.com\\\/de\\\/services\\\/flughafen-transfer\"]}]},{\"@type\":\"ImageObject\",\"inLanguage\":\"de-DE\",\"@id\":\"https:\\\/\\\/www.7seasonsapartments.com\\\/de\\\/services\\\/flughafen-transfer#primaryimage\",\"url\":\"https:\\\/\\\/www.7seasonsapartments.com\\\/wp-content\\\/uploads\\\/2024\\\/10\\\/7sa_w_top_1980x850_transfer_wp.jpg\",\"contentUrl\":\"https:\\\/\\\/www.7seasonsapartments.com\\\/wp-content\\\/uploads\\\/2024\\\/10\\\/7sa_w_top_1980x850_transfer_wp.jpg\",\"width\":1980,\"height\":850},{\"@type\":\"BreadcrumbList\",\"@id\":\"https:\\\/\\\/www.7seasonsapartments.com\\\/de\\\/services\\\/flughafen-transfer#breadcrumb\",\"itemListElement\":[{\"@type\":\"ListItem\",\"position\":1,\"name\":\"Home\",\"item\":\"https:\\\/\\\/www.7seasonsapartments.com\\\/de\\\/startseite\"},{\"@type\":\"ListItem\",\"position\":2,\"name\":\"Unser Service\",\"item\":\"https:\\\/\\\/www.7seasonsapartments.com\\\/de\\\/services\"},{\"@type\":\"ListItem\",\"position\":3,\"name\":\"Transfer Service\"}]},{\"@type\":\"WebSite\",\"@id\":\"https:\\\/\\\/www.7seasonsapartments.com\\\/de#website\",\"url\":\"https:\\\/\\\/www.7seasonsapartments.com\\\/de\",\"name\":\"7Seasons Apartments\",\"description\":\"...egy \u00fajabb WordPress honlap...\",\"potentialAction\":[{\"@type\":\"SearchAction\",\"target\":{\"@type\":\"EntryPoint\",\"urlTemplate\":\"https:\\\/\\\/www.7seasonsapartments.com\\\/de?s={search_term_string}\"},\"query-input\":{\"@type\":\"PropertyValueSpecification\",\"valueRequired\":true,\"valueName\":\"search_term_string\"}}],\"inLanguage\":\"de-DE\"}]}<\/script>\n<!-- \/ Yoast SEO plugin. -->","yoast_head_json":{"title":"Budapest Flughafen Shuttle Service | Feste Preise keine Wartezeit","description":"T\u00fcr-zu-T\u00fcr-Transferservice mit englischsprachigen Fahrern und klimatisierten Fahrzeugen mit 24\/7-Unterst\u00fctzung f\u00fcr Ihren Komfort.","robots":{"index":"index","follow":"follow","max-snippet":"max-snippet:-1","max-image-preview":"max-image-preview:large","max-video-preview":"max-video-preview:-1"},"canonical":"https:\/\/www.7seasonsapartments.com\/de\/services\/flughafen-transfer","og_locale":"de_DE","og_type":"article","og_title":"Budapest Flughafen Shuttle Service | Feste Preise keine Wartezeit","og_description":"T\u00fcr-zu-T\u00fcr-Transferservice mit englischsprachigen Fahrern und klimatisierten Fahrzeugen mit 24\/7-Unterst\u00fctzung f\u00fcr Ihren Komfort.","og_url":"https:\/\/www.7seasonsapartments.com\/de\/services\/flughafen-transfer","og_site_name":"7Seasons Apartments","article_modified_time":"2024-10-28T07:52:45+00:00","og_image":[{"width":1980,"height":850,"url":"https:\/\/www.7seasonsapartments.com\/wp-content\/uploads\/2024\/10\/7sa_w_top_1980x850_transfer_wp.jpg","type":"image\/jpeg"}],"twitter_card":"summary_large_image","twitter_misc":{"Est. reading time":"1 minute"},"schema":{"@context":"https:\/\/schema.org","@graph":[{"@type":"WebPage","@id":"https:\/\/www.7seasonsapartments.com\/de\/services\/flughafen-transfer","url":"https:\/\/www.7seasonsapartments.com\/de\/services\/flughafen-transfer","name":"Budapest Flughafen Shuttle Service | Feste Preise keine Wartezeit","isPartOf":{"@id":"https:\/\/www.7seasonsapartments.com\/de#website"},"primaryImageOfPage":{"@id":"https:\/\/www.7seasonsapartments.com\/de\/services\/flughafen-transfer#primaryimage"},"image":{"@id":"https:\/\/www.7seasonsapartments.com\/de\/services\/flughafen-transfer#primaryimage"},"thumbnailUrl":"https:\/\/www.7seasonsapartments.com\/wp-content\/uploads\/2024\/10\/7sa_w_top_1980x850_transfer_wp.jpg","datePublished":"2020-05-05T16:14:51+00:00","dateModified":"2024-10-28T07:52:45+00:00","description":"T\u00fcr-zu-T\u00fcr-Transferservice mit englischsprachigen Fahrern und klimatisierten Fahrzeugen mit 24\/7-Unterst\u00fctzung f\u00fcr Ihren Komfort.","breadcrumb":{"@id":"https:\/\/www.7seasonsapartments.com\/de\/services\/flughafen-transfer#breadcrumb"},"inLanguage":"de-DE","potentialAction":[{"@type":"ReadAction","target":["https:\/\/www.7seasonsapartments.com\/de\/services\/flughafen-transfer"]}]},{"@type":"ImageObject","inLanguage":"de-DE","@id":"https:\/\/www.7seasonsapartments.com\/de\/services\/flughafen-transfer#primaryimage","url":"https:\/\/www.7seasonsapartments.com\/wp-content\/uploads\/2024\/10\/7sa_w_top_1980x850_transfer_wp.jpg","contentUrl":"https:\/\/www.7seasonsapartments.com\/wp-content\/uploads\/2024\/10\/7sa_w_top_1980x850_transfer_wp.jpg","width":1980,"height":850},{"@type":"BreadcrumbList","@id":"https:\/\/www.7seasonsapartments.com\/de\/services\/flughafen-transfer#breadcrumb","itemListElement":[{"@type":"ListItem","position":1,"name":"Home","item":"https:\/\/www.7seasonsapartments.com\/de\/startseite"},{"@type":"ListItem","position":2,"name":"Unser Service","item":"https:\/\/www.7seasonsapartments.com\/de\/services"},{"@type":"ListItem","position":3,"name":"Transfer Service"}]},{"@type":"WebSite","@id":"https:\/\/www.7seasonsapartments.com\/de#website","url":"https:\/\/www.7seasonsapartments.com\/de","name":"7Seasons Apartments","description":"...egy \u00fajabb WordPress honlap...","potentialAction":[{"@type":"SearchAction","target":{"@type":"EntryPoint","urlTemplate":"https:\/\/www.7seasonsapartments.com\/de?s={search_term_string}"},"query-input":{"@type":"PropertyValueSpecification","valueRequired":true,"valueName":"search_term_string"}}],"inLanguage":"de-DE"}]}},"_links":{"self":[{"href":"https:\/\/www.7seasonsapartments.com\/de\/wp-json\/wp\/v2\/pages\/7341","targetHints":{"allow":["GET"]}}],"collection":[{"href":"https:\/\/www.7seasonsapartments.com\/de\/wp-json\/wp\/v2\/pages"}],"about":[{"href":"https:\/\/www.7seasonsapartments.com\/de\/wp-json\/wp\/v2\/types\/page"}],"author":[{"embeddable":true,"href":"https:\/\/www.7seasonsapartments.com\/de\/wp-json\/wp\/v2\/users\/4"}],"replies":[{"embeddable":true,"href":"https:\/\/www.7seasonsapartments.com\/de\/wp-json\/wp\/v2\/comments?post=7341"}],"version-history":[{"count":33,"href":"https:\/\/www.7seasonsapartments.com\/de\/wp-json\/wp\/v2\/pages\/7341\/revisions"}],"predecessor-version":[{"id":10112,"href":"https:\/\/www.7seasonsapartments.com\/de\/wp-json\/wp\/v2\/pages\/7341\/revisions\/10112"}],"up":[{"embeddable":true,"href":"https:\/\/www.7seasonsapartments.com\/de\/wp-json\/wp\/v2\/pages\/7267"}],"wp:featuredmedia":[{"embeddable":true,"href":"https:\/\/www.7seasonsapartments.com\/de\/wp-json\/wp\/v2\/media\/10096"}],"wp:attachment":[{"href":"https:\/\/www.7seasonsapartments.com\/de\/wp-json\/wp\/v2\/media?parent=7341"}],"curies":[{"name":"wp","href":"https:\/\/api.w.org\/{rel}","templated":true}]}}