{"id":7365,"date":"2020-05-07T06:52:42","date_gmt":"2020-05-07T06:52:42","guid":{"rendered":"https:\/\/www.7seasonsapartments.com\/terms_and_conditions"},"modified":"2024-10-03T07:52:41","modified_gmt":"2024-10-03T07:52:41","slug":"geschaftsbedingungen","status":"publish","type":"page","link":"https:\/\/www.7seasonsapartments.com\/de\/geschaftsbedingungen","title":{"rendered":"Bedingungen &#038; Konditionen"},"content":{"rendered":"<div class=\"terms-conditions\">\r\n  <section class=\"container\">\r\n    <h2 class=\"mini-underline narrow-title\">Bedingungen &amp; Konditionen<\/h2>\r\n          <div class=\"terms-conditions-list\">\r\n                  <div>\r\n                          <div>\r\n                <b class=\"uppercase-text\">Zahlungsbedingungen<\/b>\r\n                <p><span data-sheets-root=\"1\">Der Unterkunftspreis wird in EUR best\u00e4tigt, inklusive Mehrwertsteuer, jedoch zuz\u00fcglich 4% City Tax. Die Zahlungsbedingungen variieren je nach Tariftyp.<\/span><\/p>\n<p><span data-sheets-root=\"1\">Barzahlungen sind in EUR oder HUF (lokale W\u00e4hrung) m\u00f6glich, Kreditkarten k\u00f6nnen nur in HUF (lokale W\u00e4hrung) belastet werden. Akzeptierte Kredit- und Debitkarten: Visa, Mastercard, Unionpay. EUR-Preise werden in HUF umgerechnet, die Umrechnung erfolgt zum Verkaufskurs der Bank, bei der das Konto von 7Seasons Apartments gef\u00fchrt wird. Beachte, dass du den W\u00e4hrungswechsel auf unserer Buchungsplattform sehen kannst, aber diese Raten dienen nur zu Informationszwecken.<\/span><\/p>\n<p><span data-sheets-root=\"1\">Bei Reservierungen, die eine Vorauszahlung erfordern, bitten wir dich, beim Check-in die f\u00fcr die Zahlung verwendete Bank-\/Kreditkarte vorzulegen. Diese Karte sollte auf den Namen des Hauptgasts oder eines der Begleitg\u00e4ste ausgestellt sein. Solltest du die verwendete Karte nicht vorlegen k\u00f6nnen, wird eine alternative Zahlungsmethode beim Check-in erforderlich sein.<\/span><\/p>\n              <\/div>\r\n                          <div>\r\n                <b class=\"uppercase-text\">Buchung<\/b>\r\n                <p><span data-sheets-root=\"1\">Buche deine Wohnung einfach online \u00fcber unser sicheres Buchungssystem mit sofortiger Best\u00e4tigung. Eine Reservierung ist nur mit Kreditkartengarantie oder vollst\u00e4ndiger Vorauszahlung m\u00f6glich. Die Stornierungs- und Vorauszahlungsbedingungen variieren je nach Tariftyp. \u00dcberpr\u00fcfe bitte die Tarifbedingungen, wenn du buchst.<\/span><\/p>\n              <\/div>\r\n                          <div>\r\n                <b class=\"uppercase-text\">Garantie<\/b>\r\n                <p><span data-sheets-root=\"1\">Wir behalten uns das Recht vor, die angegebene Kreditkarte vor der Ankunft als Garantie f\u00fcr deine Buchung vorzubuchen. Sollte die Kreditkarte ung\u00fcltig sein, hast du 24 Stunden Zeit, eine neue g\u00fcltige Kreditkarte bereitzustellen. Andernfalls wird die Buchung storniert.<\/span><\/p>\n<p><span data-sheets-root=\"1\">Es ist auch eine Kaution von 150 EUR erforderlich, die nach dem Check-out zur\u00fcckerstattet wird, wenn die Hausregeln eingehalten wurden und die Zimmerinspektion abgeschlossen ist.<\/span><\/p>\n              <\/div>\r\n                          <div>\r\n                <b class=\"uppercase-text\">Stornierungsbedingungen<\/b>\r\n                <p><span data-sheets-root=\"1\">Die Stornierungs- und Zahlungsbedingungen variieren je nach Tariftype. Bitte \u00fcberpr\u00fcfe die genaue Stornierungsrichtlinie unter dem Tarifnamen.<\/span><\/p>\n              <\/div>\r\n                          <div>\r\n                <b class=\"uppercase-text\">No-Show-Richtlinie<\/b>\r\n                <p><span data-sheets-root=\"1\">Falls du nicht ankommst (vers\u00e4umte Anreise), halten wir das Apartment bis 5:00 Uhr am n\u00e4chsten Morgen f\u00fcr dich frei. Sollten wir keine Benachrichtigung \u00fcber eine sp\u00e4tere Ankunft erhalten, stornieren wir die Reservierung und berechnen den vollen Betrag als Stornogeb\u00fchr. Wenn du ohne vorherige Benachrichtigung erscheinst, versuchen wir dir je nach Verf\u00fcgbarkeit eine Unterkunft zu bieten, aber da die Reservierung storniert wurde, k\u00f6nnen wir nichts garantieren.<\/span><\/p>\n              <\/div>\r\n                          <div>\r\n                <b class=\"uppercase-text\">\u00d6ffnungszeiten der Rezeption<\/b>\r\n                <p><span data-sheets-root=\"1\">Unsere Rezeption ist das ganze Jahr \u00fcber, 24 Stunden t\u00e4glich ge\u00f6ffnet, also brauchst du dir keine Sorgen \u00fcber eine sp\u00e4te Anreise machen. Wir bitten dich im Allgemeinen um Ankunftsinformationen f\u00fcr einen reibungslosen Check-in.<\/span><\/p>\n              <\/div>\r\n                      <\/div>\r\n                  <div>\r\n                          <div>\r\n                <b class=\"uppercase-text\">Einchecken \/ Auschecken<\/b>\r\n                <p><span data-sheets-root=\"1\">Check-in ist ab 15:00 Uhr m\u00f6glich, Check-out bis 11:00 Uhr.<\/span><\/p>\n<p><span data-sheets-root=\"1\">Bei fr\u00fcher Ankunft oder sp\u00e4ter Abreise kannst du unser Gep\u00e4ckzimmer kostenlos nutzen. Fr\u00fcher Check-in oder sp\u00e4ter Check-out sind gegen Aufpreis auf Anfrage und je nach Verf\u00fcgbarkeit m\u00f6glich.<\/span><\/p>\n<p>&nbsp;<\/p>\n              <\/div>\r\n                          <div>\r\n                <b class=\"uppercase-text\">Fr\u00fchst\u00fcckszeiten<\/b>\r\n                <p><span data-sheets-root=\"1\">Das Fr\u00fchst\u00fcck wird t\u00e4glich von 7:30 bis 12:00 Uhr im Antr\u00e9 serviert, einem authentischen und ger\u00e4umigen Restaurant direkt neben unserer Rezeption. Wir bieten ein komplettes warmes und kaltes Buffet-Fr\u00fchst\u00fcck f\u00fcr 18,00 EUR \/ Person an.<\/span><\/p>\n              <\/div>\r\n                          <div>\r\n                <b class=\"uppercase-text\">Kinder- und Extrabettpolitik<\/b>\r\n                <p><span data-sheets-root=\"1\">Nur registrierte G\u00e4ste sind willkommen, und unsere Belegungsgrenzen m\u00fcssen strikt eingehalten werden. Kinder unter 18 Jahren m\u00fcssen w\u00e4hrend des Aufenthalts von einem Erwachsenen begleitet werden. Die maximale Anzahl an G\u00e4sten pro Apartment variiert je nach Zimmertyp.<\/span><br \/>\n<span data-sheets-root=\"1\">Zus\u00e4tzliche G\u00e4ste k\u00f6nnen bis zur maximalen Kapazit\u00e4t untergebracht werden und m\u00fcssen vom Hotel best\u00e4tigt werden, es k\u00f6nnen zus\u00e4tzliche Geb\u00fchren anfallen:<\/span><\/p>\n<p><span data-sheets-root=\"1\">Kinder unter 2 Jahren \u00fcbernachten kostenlos, wenn sie vorhandene Betten oder ein Babybett nutzen.<\/span><br \/>\n<span data-sheets-root=\"1\">Kinder von 3 bis 12 Jahren zahlen 8,00 EUR \/ Nacht, wenn sie vorhandene Betten nutzen.<\/span><br \/>\n<span data-sheets-root=\"1\">Kinder ab 13 Jahren und Erwachsene zahlen 15,00 EUR \/ Nacht, wenn sie vorhandene Betten nutzen.<\/span><br \/>\n<span data-sheets-root=\"1\">Es gibt keine M\u00f6glichkeit f\u00fcr ein Extrabett.<\/span><\/p>\n<p>&nbsp;<\/p>\n              <\/div>\r\n                          <div>\r\n                <b class=\"uppercase-text\">Klimatisierung<\/b>\r\n                <p><span data-sheets-root=\"1\">Unsere Apartments sind mit individuell einstellbarer Klimaanlage ausgestattet. Bitte beachte, dass der Betrieb der Klimaanlage durch die Hausgemeinschaft geregelt wird und von der Au\u00dfentemperatur abh\u00e4ngt. Die Klimaanlage ist in der Regel von Juni bis Oktober verf\u00fcgbar, au\u00dferhalb der Heizperiode.<\/span><\/p>\n              <\/div>\r\n                          <div>\r\n                <b class=\"uppercase-text\">Besondere W\u00fcnsche<\/b>\r\n                <p><span data-sheets-root=\"1\">Alle Sonderw\u00fcnsche sind abh\u00e4ngig von der Verf\u00fcgbarkeit beim Check-in. Sonderw\u00fcnsche k\u00f6nnen nicht garantiert werden und k\u00f6nnen mit zus\u00e4tzlichen Kosten verbunden sein.<\/span><\/p>\n              <\/div>\r\n                          <div>\r\n                <b class=\"uppercase-text\">Parkm\u00f6glichkeiten<\/b>\r\n                <p><span data-sheets-root=\"1\">Parken ist in unserer bewachten Tiefgarage gegen Aufpreis verf\u00fcgbar (28,00 EUR \/ Nacht \/ Auto). Wenn du einen Parkplatz reservieren m\u00f6chtest, kannst du diesen Service w\u00e4hrend des Buchungsvorgangs hinzuf\u00fcgen. H\u00f6henbeschr\u00e4nkung: 2,10 Meter. Bitte beachte, dass eine Kaution von 20,00 EUR f\u00fcr die Zugangskarte erforderlich ist. Mit dieser Karte kannst du beliebig oft ein- und ausfahren. Die Kaution wird bei R\u00fcckgabe der Parkkarte erstattet.<\/span><\/p>\n              <\/div>\r\n                          <div>\r\n                <b class=\"uppercase-text\">Haustierregelung<\/b>\r\n                <p><span data-sheets-root=\"1\">Leider k\u00f6nnen wir in unseren Apartments keine Haustiere unterbringen, au\u00dfer Assistenzhunde.<\/span><\/p>\n              <\/div>\r\n                      <\/div>\r\n                  <div>\r\n                          <div>\r\n                <b class=\"uppercase-text\">Gruppenbuchung<\/b>\r\n                <p><span data-sheets-root=\"1\">Bei einer Buchung f\u00fcr 10 oder mehr Personen oder 3 oder mehr Apartments k\u00f6nnen abweichende Richtlinien und zus\u00e4tzliche Geb\u00fchren gelten. Wir k\u00f6nnen eine Anzahlung bis zum Gesamtwert deiner Buchung verlangen, um deine Reservierung zu garantieren.<\/span><\/p>\n              <\/div>\r\n                          <div>\r\n                <b class=\"uppercase-text\">Raucherbestimmungen<\/b>\r\n                <p><span data-sheets-root=\"1\">Das Rauchen ist in den Apartments und den Gemeinschaftsbereichen des Geb\u00e4udes strengstens untersagt. Unsere G\u00e4ste d\u00fcrfen auf dem Balkon des Apartments und an den ausgewiesenen Raucherbereichen rauchen. Ein Versto\u00df gegen diese Regel (Zigarettenstummel, Geruch) f\u00fchrt zu einer Strafgeb\u00fchr von 150,00 EUR und der Gast kann gebeten werden, auszuziehen. <strong>Au\u00dferdem ist die Verwendung von offenen Flammen in den Apartments streng verboten, und jedes Apartment ist mit einem Rauchmeldesystem ausgestattet.<\/strong><\/span><\/p>\n<p>&nbsp;<\/p>\n              <\/div>\r\n                          <div>\r\n                <b class=\"uppercase-text\">Langzeit-Buchungsrichtlinie<\/b>\r\n                <p><span data-sheets-root=\"1\">Bei Buchungen von mehr als 14 Tagen gelten andere Richtlinien und zus\u00e4tzliche Bedingungen. M\u00f6glicherweise ist eine Anzahlung erforderlich, um deine Buchung zu garantieren. Der Best\u00e4tigungsbrief enth\u00e4lt die g\u00fcltigen Stornierungs- und Vorauszahlungsrichtlinien.<\/span><\/p>\n              <\/div>\r\n                          <div>\r\n                <b class=\"uppercase-text\">Gruppenrichtlinie<\/b>\r\n                <p><span data-sheets-root=\"1\">Bitte beachte, dass laute Partys oder Aktivit\u00e4ten, die andere G\u00e4ste st\u00f6ren k\u00f6nnten, strengstens verboten sind. Wir behalten uns das Recht vor, eine Kaution von 100,00 EUR \/ Person zu verlangen, die bei der Abreise zur\u00fcckerstattet wird, wenn die Hausregeln eingehalten wurden und nach der Zimmerkontrolle alles in Ordnung ist.<\/span><\/p>\n              <\/div>\r\n                          <div>\r\n                <b class=\"uppercase-text\">Verlorene & Gefundene<\/b>\r\n                <p><span data-sheets-root=\"1\">7Seasons Apartments \u00fcbernimmt keine Verantwortung f\u00fcr verlorene, besch\u00e4digte oder gestohlene pers\u00f6nliche Gegenst\u00e4nde. Alle Apartments sind mit Zimmersafes ausgestattet. G\u00e4ste sollten sicherstellen, dass ihre Reiseversicherung solche Risiken abdeckt. Sollte ein Gast w\u00e4hrend seines Aufenthalts bei 7Seasons Apartments pers\u00f6nliche Gegenst\u00e4nde verlieren und diese wiedergefunden werden, wird der Gegenstand als \u201egefunden\u201c registriert. Wenn ein wertvoller Gegenstand nach dem Check-out in den Apartments zur\u00fcckbleibt, wird er in unserem Fundb\u00fcro aufbewahrt, wo wir ihn bis zur Abholung durch den Gast oder maximal 30 Tage nach der Abreise des Gastes lagern k\u00f6nnen. Alle nicht innerhalb von 30 Tagen abgeholten Gegenst\u00e4nde im Fundb\u00fcro werden an eine \u00f6rtliche Wohlt\u00e4tigkeitsorganisation gespendet oder entsorgt.<\/span><\/p>\n              <\/div>\r\n                          <div>\r\n                <b class=\"uppercase-text\">Schaden<\/b>\r\n                <p><span data-sheets-root=\"1\">Bitte informiere uns \u00fcber jegliche Sch\u00e4den, Verluste, kaputte Gegenst\u00e4nde oder Probleme, die eine allgemeine Wartung erfordern. F\u00fcr jegliche Sch\u00e4den im Zimmer wird der volle Betrag in Rechnung gestellt.<\/span><\/p>\n<p><span data-sheets-root=\"1\">Die Vorautorisierung und die Kaution k\u00f6nnen f\u00fcr Nebenkosten verwendet werden, einschlie\u00dflich einer Sicherheitsleistung oder Kaution f\u00fcr Br\u00fcche oder Sch\u00e4den, die w\u00e4hrend deines Aufenthalts entstehen, oder f\u00fcr Reinigungskosten, die das normale Ma\u00df \u00fcbersteigen.<\/span><\/p>\n<p><span data-sheets-root=\"1\">Bei Verst\u00f6\u00dfen gegen diese Bedingungen oder Vorschriften behalten wir uns das Recht vor, dich ohne R\u00fcckerstattung umgehend aufzufordern, das Zimmer zu r\u00e4umen. Diebstahl oder Besch\u00e4digung von Firmeneigentum f\u00fchrt zu formellen Ma\u00dfnahmen.<\/span><\/p>\n              <\/div>\r\n                      <\/div>\r\n              <\/div>\r\n    \r\n  <\/section>\r\n<\/div>\r\n\n","protected":false},"excerpt":{"rendered":"","protected":false},"author":4,"featured_media":0,"parent":0,"menu_order":0,"comment_status":"closed","ping_status":"closed","template":"","meta":{"_acf_changed":false,"footnotes":""},"class_list":["post-7365","page","type-page","status-publish","hentry"],"acf":[],"yoast_head":"<!-- This site is optimized with the Yoast SEO plugin v27.4 - https:\/\/yoast.com\/product\/yoast-seo-wordpress\/ -->\n<title>Zentrale Unterkunft f\u00fcr Veranstaltungen in Budapest | 7 Seasons Apartments<\/title>\n<meta name=\"description\" content=\"Entdecke die besten Veranstaltungen in Budapest das ganze Jahr \u00fcber mit unserem Veranstaltungskalender. Unsere zentral gelegenen Apartments im Herzen von Budapest.\" \/>\n<meta name=\"robots\" content=\"index, follow, max-snippet:-1, max-image-preview:large, max-video-preview:-1\" \/>\n<link rel=\"canonical\" href=\"https:\/\/www.7seasonsapartments.com\/de\/geschaftsbedingungen\" \/>\n<meta property=\"og:locale\" content=\"de_DE\" \/>\n<meta property=\"og:type\" content=\"article\" \/>\n<meta property=\"og:title\" content=\"Zentrale Unterkunft f\u00fcr Veranstaltungen in Budapest | 7 Seasons Apartments\" \/>\n<meta property=\"og:description\" content=\"Entdecke die besten Veranstaltungen in Budapest das ganze Jahr \u00fcber mit unserem Veranstaltungskalender. Unsere zentral gelegenen Apartments im Herzen von Budapest.\" \/>\n<meta property=\"og:url\" content=\"https:\/\/www.7seasonsapartments.com\/de\/geschaftsbedingungen\" \/>\n<meta property=\"og:site_name\" content=\"7Seasons Apartments\" \/>\n<meta property=\"article:modified_time\" content=\"2024-10-03T07:52:41+00:00\" \/>\n<meta name=\"twitter:card\" content=\"summary_large_image\" \/>\n<meta name=\"twitter:label1\" content=\"Est. reading time\" \/>\n\t<meta name=\"twitter:data1\" content=\"1 minute\" \/>\n<script type=\"application\/ld+json\" class=\"yoast-schema-graph\">{\"@context\":\"https:\\\/\\\/schema.org\",\"@graph\":[{\"@type\":\"WebPage\",\"@id\":\"https:\\\/\\\/www.7seasonsapartments.com\\\/de\\\/geschaftsbedingungen\",\"url\":\"https:\\\/\\\/www.7seasonsapartments.com\\\/de\\\/geschaftsbedingungen\",\"name\":\"Zentrale Unterkunft f\u00fcr Veranstaltungen in Budapest | 7 Seasons Apartments\",\"isPartOf\":{\"@id\":\"https:\\\/\\\/www.7seasonsapartments.com\\\/de#website\"},\"datePublished\":\"2020-05-07T06:52:42+00:00\",\"dateModified\":\"2024-10-03T07:52:41+00:00\",\"description\":\"Entdecke die besten Veranstaltungen in Budapest das ganze Jahr \u00fcber mit unserem Veranstaltungskalender. Unsere zentral gelegenen Apartments im Herzen von Budapest.\",\"breadcrumb\":{\"@id\":\"https:\\\/\\\/www.7seasonsapartments.com\\\/de\\\/geschaftsbedingungen#breadcrumb\"},\"inLanguage\":\"de-DE\",\"potentialAction\":[{\"@type\":\"ReadAction\",\"target\":[\"https:\\\/\\\/www.7seasonsapartments.com\\\/de\\\/geschaftsbedingungen\"]}]},{\"@type\":\"BreadcrumbList\",\"@id\":\"https:\\\/\\\/www.7seasonsapartments.com\\\/de\\\/geschaftsbedingungen#breadcrumb\",\"itemListElement\":[{\"@type\":\"ListItem\",\"position\":1,\"name\":\"Home\",\"item\":\"https:\\\/\\\/www.7seasonsapartments.com\\\/de\\\/startseite\"},{\"@type\":\"ListItem\",\"position\":2,\"name\":\"Bedingungen &#038; Konditionen\"}]},{\"@type\":\"WebSite\",\"@id\":\"https:\\\/\\\/www.7seasonsapartments.com\\\/de#website\",\"url\":\"https:\\\/\\\/www.7seasonsapartments.com\\\/de\",\"name\":\"7Seasons Apartments\",\"description\":\"...egy \u00fajabb WordPress honlap...\",\"potentialAction\":[{\"@type\":\"SearchAction\",\"target\":{\"@type\":\"EntryPoint\",\"urlTemplate\":\"https:\\\/\\\/www.7seasonsapartments.com\\\/de?s={search_term_string}\"},\"query-input\":{\"@type\":\"PropertyValueSpecification\",\"valueRequired\":true,\"valueName\":\"search_term_string\"}}],\"inLanguage\":\"de-DE\"}]}<\/script>\n<!-- \/ Yoast SEO plugin. -->","yoast_head_json":{"title":"Zentrale Unterkunft f\u00fcr Veranstaltungen in Budapest | 7 Seasons Apartments","description":"Entdecke die besten Veranstaltungen in Budapest das ganze Jahr \u00fcber mit unserem Veranstaltungskalender. Unsere zentral gelegenen Apartments im Herzen von Budapest.","robots":{"index":"index","follow":"follow","max-snippet":"max-snippet:-1","max-image-preview":"max-image-preview:large","max-video-preview":"max-video-preview:-1"},"canonical":"https:\/\/www.7seasonsapartments.com\/de\/geschaftsbedingungen","og_locale":"de_DE","og_type":"article","og_title":"Zentrale Unterkunft f\u00fcr Veranstaltungen in Budapest | 7 Seasons Apartments","og_description":"Entdecke die besten Veranstaltungen in Budapest das ganze Jahr \u00fcber mit unserem Veranstaltungskalender. Unsere zentral gelegenen Apartments im Herzen von Budapest.","og_url":"https:\/\/www.7seasonsapartments.com\/de\/geschaftsbedingungen","og_site_name":"7Seasons Apartments","article_modified_time":"2024-10-03T07:52:41+00:00","twitter_card":"summary_large_image","twitter_misc":{"Est. reading time":"1 minute"},"schema":{"@context":"https:\/\/schema.org","@graph":[{"@type":"WebPage","@id":"https:\/\/www.7seasonsapartments.com\/de\/geschaftsbedingungen","url":"https:\/\/www.7seasonsapartments.com\/de\/geschaftsbedingungen","name":"Zentrale Unterkunft f\u00fcr Veranstaltungen in Budapest | 7 Seasons Apartments","isPartOf":{"@id":"https:\/\/www.7seasonsapartments.com\/de#website"},"datePublished":"2020-05-07T06:52:42+00:00","dateModified":"2024-10-03T07:52:41+00:00","description":"Entdecke die besten Veranstaltungen in Budapest das ganze Jahr \u00fcber mit unserem Veranstaltungskalender. Unsere zentral gelegenen Apartments im Herzen von Budapest.","breadcrumb":{"@id":"https:\/\/www.7seasonsapartments.com\/de\/geschaftsbedingungen#breadcrumb"},"inLanguage":"de-DE","potentialAction":[{"@type":"ReadAction","target":["https:\/\/www.7seasonsapartments.com\/de\/geschaftsbedingungen"]}]},{"@type":"BreadcrumbList","@id":"https:\/\/www.7seasonsapartments.com\/de\/geschaftsbedingungen#breadcrumb","itemListElement":[{"@type":"ListItem","position":1,"name":"Home","item":"https:\/\/www.7seasonsapartments.com\/de\/startseite"},{"@type":"ListItem","position":2,"name":"Bedingungen &#038; Konditionen"}]},{"@type":"WebSite","@id":"https:\/\/www.7seasonsapartments.com\/de#website","url":"https:\/\/www.7seasonsapartments.com\/de","name":"7Seasons Apartments","description":"...egy \u00fajabb WordPress honlap...","potentialAction":[{"@type":"SearchAction","target":{"@type":"EntryPoint","urlTemplate":"https:\/\/www.7seasonsapartments.com\/de?s={search_term_string}"},"query-input":{"@type":"PropertyValueSpecification","valueRequired":true,"valueName":"search_term_string"}}],"inLanguage":"de-DE"}]}},"_links":{"self":[{"href":"https:\/\/www.7seasonsapartments.com\/de\/wp-json\/wp\/v2\/pages\/7365","targetHints":{"allow":["GET"]}}],"collection":[{"href":"https:\/\/www.7seasonsapartments.com\/de\/wp-json\/wp\/v2\/pages"}],"about":[{"href":"https:\/\/www.7seasonsapartments.com\/de\/wp-json\/wp\/v2\/types\/page"}],"author":[{"embeddable":true,"href":"https:\/\/www.7seasonsapartments.com\/de\/wp-json\/wp\/v2\/users\/4"}],"replies":[{"embeddable":true,"href":"https:\/\/www.7seasonsapartments.com\/de\/wp-json\/wp\/v2\/comments?post=7365"}],"version-history":[{"count":4,"href":"https:\/\/www.7seasonsapartments.com\/de\/wp-json\/wp\/v2\/pages\/7365\/revisions"}],"predecessor-version":[{"id":7539,"href":"https:\/\/www.7seasonsapartments.com\/de\/wp-json\/wp\/v2\/pages\/7365\/revisions\/7539"}],"wp:attachment":[{"href":"https:\/\/www.7seasonsapartments.com\/de\/wp-json\/wp\/v2\/media?parent=7365"}],"curies":[{"name":"wp","href":"https:\/\/api.w.org\/{rel}","templated":true}]}}