{"id":2443,"date":"2022-02-01T10:46:06","date_gmt":"2022-02-01T10:46:06","guid":{"rendered":"https:\/\/www.7seasonsapartments.com\/?p=2443"},"modified":"2023-08-15T13:24:06","modified_gmt":"2023-08-15T13:24:06","slug":"history-of-hungary","status":"publish","type":"page","link":"https:\/\/www.7seasonsapartments.com\/en\/discover_budapest\/history-of-hungary","title":{"rendered":"History of Hungary"},"content":{"rendered":"<p>Magyar people are thought to be originated from distant Siberia and have migrated to find their homeland to arrive in the region of the Carpathian Basin. The history of Hungary as we know it began in 1000, after uniting all Hungarian tribes, the first Christian king of Hungary, Istv\u00e1n I. was crowned. Throughout the following 1000 years of history, Hungary concurred and lost territories over half of Europe, big emperors like K\u00e1lm\u00e1n K\u00f6nyves, B\u00e9la III., B\u00e9la IV., Nagy Lajos, M\u00e1ty\u00e1s Hunyadi, constructed and improved the country despite the sometimes difficult times, for example, the invasions of the Mongols and Ottomans.<\/p>\n<p>&nbsp;<\/p>\n<p>With the invasion of Ottomans and the formation of the Ottoman Empire, a long period of foreign and then shared ruling of the country began, Austria and Russia gained political power over the country, and then in 1867, Austrian-Hungarian Monarchy was established. The country flourished, the co-capital along Vienna, Budapest was established by uniting the 3 cities, Buda, \u00d3buda, and Pest, construction of the Parliament began, Metro line 1, one of the world\u2019s first underground metro systems was built, an era of improvement and industrial bloom was in progress. Until\u2026<\/p>\n<p>&nbsp;<\/p>\n<p>In 1914 Worl War I. started in which Hungary allied with Germany. After the defeat, the Austrian Hungarian partnership split, and Hungary lost over 70% of its territory at the Treaty of Trianon in 1920.<\/p>\n<p>&nbsp;<\/p>\n<p>In 1939 The World War II. Hungary allied with Germany again and lost again, lost a terrible number of its Jewish population, and got a huge hit in its economy. In 1949 the Hungarian People\u2019s Republic was established as a part of the Soviet Union in which it stayed until the fall of communism and the return of democracy in 1989. Hungary became a democratic republic and later joined Nato and the European Union and improved incredibly fast over the past 20 years.<\/p>\n<p>&nbsp;<\/p>\n","protected":false},"excerpt":{"rendered":"<p>Magyar people are thought to be originated from distant Siberia and have migrated to find their homeland to arrive in the region of the Carpathian Basin. The history of Hungary as we know it began in 1000, after uniting all Hungarian tribes, the first Christian king of Hungary, Istv\u00e1n I. was crowned. Throughout the following [&hellip;]<\/p>\n","protected":false},"author":10,"featured_media":6217,"parent":350,"menu_order":0,"comment_status":"open","ping_status":"open","template":"","meta":{"_acf_changed":false,"footnotes":""},"class_list":["post-2443","page","type-page","status-publish","has-post-thumbnail","hentry"],"acf":[],"yoast_head":"<!-- This site is optimized with the Yoast SEO plugin v27.4 - https:\/\/yoast.com\/product\/yoast-seo-wordpress\/ -->\n<title>History of Hungary - 7Seasons Apartments<\/title>\n<meta name=\"robots\" content=\"index, follow, max-snippet:-1, max-image-preview:large, max-video-preview:-1\" \/>\n<link rel=\"canonical\" href=\"https:\/\/www.7seasonsapartments.com\/en\/discover_budapest\/history-of-hungary\" \/>\n<meta property=\"og:locale\" content=\"en_US\" \/>\n<meta property=\"og:type\" content=\"article\" \/>\n<meta property=\"og:title\" content=\"History of Hungary - 7Seasons Apartments\" \/>\n<meta property=\"og:description\" content=\"Magyar people are thought to be originated from distant Siberia and have migrated to find their homeland to arrive in the region of the Carpathian Basin. The history of Hungary as we know it began in 1000, after uniting all Hungarian tribes, the first Christian king of Hungary, Istv\u00e1n I. was crowned. Throughout the following [&hellip;]\" \/>\n<meta property=\"og:url\" content=\"https:\/\/www.7seasonsapartments.com\/en\/discover_budapest\/history-of-hungary\" \/>\n<meta property=\"og:site_name\" content=\"7Seasons Apartments\" \/>\n<meta property=\"article:modified_time\" content=\"2023-08-15T13:24:06+00:00\" \/>\n<meta property=\"og:image\" content=\"https:\/\/www.7seasonsapartments.com\/wp-content\/uploads\/2023\/06\/7sa_top_1920_discover_history.jpg\" \/>\n\t<meta property=\"og:image:width\" content=\"1920\" \/>\n\t<meta property=\"og:image:height\" content=\"824\" \/>\n\t<meta property=\"og:image:type\" content=\"image\/jpeg\" \/>\n<meta name=\"twitter:card\" content=\"summary_large_image\" \/>\n<meta name=\"twitter:label1\" content=\"Est. reading time\" \/>\n\t<meta name=\"twitter:data1\" content=\"2 minutes\" \/>\n<script type=\"application\/ld+json\" class=\"yoast-schema-graph\">{\"@context\":\"https:\\\/\\\/schema.org\",\"@graph\":[{\"@type\":\"WebPage\",\"@id\":\"https:\\\/\\\/www.7seasonsapartments.com\\\/en\\\/discover_budapest\\\/history-of-hungary\",\"url\":\"https:\\\/\\\/www.7seasonsapartments.com\\\/en\\\/discover_budapest\\\/history-of-hungary\",\"name\":\"History of Hungary - 7Seasons Apartments\",\"isPartOf\":{\"@id\":\"https:\\\/\\\/www.7seasonsapartments.com\\\/en\\\/#website\"},\"primaryImageOfPage\":{\"@id\":\"https:\\\/\\\/www.7seasonsapartments.com\\\/en\\\/discover_budapest\\\/history-of-hungary#primaryimage\"},\"image\":{\"@id\":\"https:\\\/\\\/www.7seasonsapartments.com\\\/en\\\/discover_budapest\\\/history-of-hungary#primaryimage\"},\"thumbnailUrl\":\"https:\\\/\\\/www.7seasonsapartments.com\\\/wp-content\\\/uploads\\\/2023\\\/06\\\/7sa_top_1920_discover_history.jpg\",\"datePublished\":\"2022-02-01T10:46:06+00:00\",\"dateModified\":\"2023-08-15T13:24:06+00:00\",\"breadcrumb\":{\"@id\":\"https:\\\/\\\/www.7seasonsapartments.com\\\/en\\\/discover_budapest\\\/history-of-hungary#breadcrumb\"},\"inLanguage\":\"en-US\",\"potentialAction\":[{\"@type\":\"ReadAction\",\"target\":[\"https:\\\/\\\/www.7seasonsapartments.com\\\/en\\\/discover_budapest\\\/history-of-hungary\"]}]},{\"@type\":\"ImageObject\",\"inLanguage\":\"en-US\",\"@id\":\"https:\\\/\\\/www.7seasonsapartments.com\\\/en\\\/discover_budapest\\\/history-of-hungary#primaryimage\",\"url\":\"https:\\\/\\\/www.7seasonsapartments.com\\\/wp-content\\\/uploads\\\/2023\\\/06\\\/7sa_top_1920_discover_history.jpg\",\"contentUrl\":\"https:\\\/\\\/www.7seasonsapartments.com\\\/wp-content\\\/uploads\\\/2023\\\/06\\\/7sa_top_1920_discover_history.jpg\",\"width\":1920,\"height\":824},{\"@type\":\"BreadcrumbList\",\"@id\":\"https:\\\/\\\/www.7seasonsapartments.com\\\/en\\\/discover_budapest\\\/history-of-hungary#breadcrumb\",\"itemListElement\":[{\"@type\":\"ListItem\",\"position\":1,\"name\":\"Home\",\"item\":\"https:\\\/\\\/www.7seasonsapartments.com\\\/en\\\/home\"},{\"@type\":\"ListItem\",\"position\":2,\"name\":\"Discover Budapest\",\"item\":\"https:\\\/\\\/www.7seasonsapartments.com\\\/en\\\/discover_budapest\"},{\"@type\":\"ListItem\",\"position\":3,\"name\":\"History of Hungary\"}]},{\"@type\":\"WebSite\",\"@id\":\"https:\\\/\\\/www.7seasonsapartments.com\\\/en\\\/#website\",\"url\":\"https:\\\/\\\/www.7seasonsapartments.com\\\/en\\\/\",\"name\":\"7Seasons Apartments\",\"description\":\"...egy \u00fajabb WordPress honlap...\",\"potentialAction\":[{\"@type\":\"SearchAction\",\"target\":{\"@type\":\"EntryPoint\",\"urlTemplate\":\"https:\\\/\\\/www.7seasonsapartments.com\\\/en\\\/?s={search_term_string}\"},\"query-input\":{\"@type\":\"PropertyValueSpecification\",\"valueRequired\":true,\"valueName\":\"search_term_string\"}}],\"inLanguage\":\"en-US\"}]}<\/script>\n<!-- \/ Yoast SEO plugin. -->","yoast_head_json":{"title":"History of Hungary - 7Seasons Apartments","robots":{"index":"index","follow":"follow","max-snippet":"max-snippet:-1","max-image-preview":"max-image-preview:large","max-video-preview":"max-video-preview:-1"},"canonical":"https:\/\/www.7seasonsapartments.com\/en\/discover_budapest\/history-of-hungary","og_locale":"en_US","og_type":"article","og_title":"History of Hungary - 7Seasons Apartments","og_description":"Magyar people are thought to be originated from distant Siberia and have migrated to find their homeland to arrive in the region of the Carpathian Basin. The history of Hungary as we know it began in 1000, after uniting all Hungarian tribes, the first Christian king of Hungary, Istv\u00e1n I. was crowned. Throughout the following [&hellip;]","og_url":"https:\/\/www.7seasonsapartments.com\/en\/discover_budapest\/history-of-hungary","og_site_name":"7Seasons Apartments","article_modified_time":"2023-08-15T13:24:06+00:00","og_image":[{"width":1920,"height":824,"url":"https:\/\/www.7seasonsapartments.com\/wp-content\/uploads\/2023\/06\/7sa_top_1920_discover_history.jpg","type":"image\/jpeg"}],"twitter_card":"summary_large_image","twitter_misc":{"Est. reading time":"2 minutes"},"schema":{"@context":"https:\/\/schema.org","@graph":[{"@type":"WebPage","@id":"https:\/\/www.7seasonsapartments.com\/en\/discover_budapest\/history-of-hungary","url":"https:\/\/www.7seasonsapartments.com\/en\/discover_budapest\/history-of-hungary","name":"History of Hungary - 7Seasons Apartments","isPartOf":{"@id":"https:\/\/www.7seasonsapartments.com\/en\/#website"},"primaryImageOfPage":{"@id":"https:\/\/www.7seasonsapartments.com\/en\/discover_budapest\/history-of-hungary#primaryimage"},"image":{"@id":"https:\/\/www.7seasonsapartments.com\/en\/discover_budapest\/history-of-hungary#primaryimage"},"thumbnailUrl":"https:\/\/www.7seasonsapartments.com\/wp-content\/uploads\/2023\/06\/7sa_top_1920_discover_history.jpg","datePublished":"2022-02-01T10:46:06+00:00","dateModified":"2023-08-15T13:24:06+00:00","breadcrumb":{"@id":"https:\/\/www.7seasonsapartments.com\/en\/discover_budapest\/history-of-hungary#breadcrumb"},"inLanguage":"en-US","potentialAction":[{"@type":"ReadAction","target":["https:\/\/www.7seasonsapartments.com\/en\/discover_budapest\/history-of-hungary"]}]},{"@type":"ImageObject","inLanguage":"en-US","@id":"https:\/\/www.7seasonsapartments.com\/en\/discover_budapest\/history-of-hungary#primaryimage","url":"https:\/\/www.7seasonsapartments.com\/wp-content\/uploads\/2023\/06\/7sa_top_1920_discover_history.jpg","contentUrl":"https:\/\/www.7seasonsapartments.com\/wp-content\/uploads\/2023\/06\/7sa_top_1920_discover_history.jpg","width":1920,"height":824},{"@type":"BreadcrumbList","@id":"https:\/\/www.7seasonsapartments.com\/en\/discover_budapest\/history-of-hungary#breadcrumb","itemListElement":[{"@type":"ListItem","position":1,"name":"Home","item":"https:\/\/www.7seasonsapartments.com\/en\/home"},{"@type":"ListItem","position":2,"name":"Discover Budapest","item":"https:\/\/www.7seasonsapartments.com\/en\/discover_budapest"},{"@type":"ListItem","position":3,"name":"History of Hungary"}]},{"@type":"WebSite","@id":"https:\/\/www.7seasonsapartments.com\/en\/#website","url":"https:\/\/www.7seasonsapartments.com\/en\/","name":"7Seasons Apartments","description":"...egy \u00fajabb WordPress honlap...","potentialAction":[{"@type":"SearchAction","target":{"@type":"EntryPoint","urlTemplate":"https:\/\/www.7seasonsapartments.com\/en\/?s={search_term_string}"},"query-input":{"@type":"PropertyValueSpecification","valueRequired":true,"valueName":"search_term_string"}}],"inLanguage":"en-US"}]}},"_links":{"self":[{"href":"https:\/\/www.7seasonsapartments.com\/en\/wp-json\/wp\/v2\/pages\/2443","targetHints":{"allow":["GET"]}}],"collection":[{"href":"https:\/\/www.7seasonsapartments.com\/en\/wp-json\/wp\/v2\/pages"}],"about":[{"href":"https:\/\/www.7seasonsapartments.com\/en\/wp-json\/wp\/v2\/types\/page"}],"author":[{"embeddable":true,"href":"https:\/\/www.7seasonsapartments.com\/en\/wp-json\/wp\/v2\/users\/10"}],"replies":[{"embeddable":true,"href":"https:\/\/www.7seasonsapartments.com\/en\/wp-json\/wp\/v2\/comments?post=2443"}],"version-history":[{"count":21,"href":"https:\/\/www.7seasonsapartments.com\/en\/wp-json\/wp\/v2\/pages\/2443\/revisions"}],"predecessor-version":[{"id":7234,"href":"https:\/\/www.7seasonsapartments.com\/en\/wp-json\/wp\/v2\/pages\/2443\/revisions\/7234"}],"up":[{"embeddable":true,"href":"https:\/\/www.7seasonsapartments.com\/en\/wp-json\/wp\/v2\/pages\/350"}],"wp:featuredmedia":[{"embeddable":true,"href":"https:\/\/www.7seasonsapartments.com\/en\/wp-json\/wp\/v2\/media\/6217"}],"wp:attachment":[{"href":"https:\/\/www.7seasonsapartments.com\/en\/wp-json\/wp\/v2\/media?parent=2443"}],"curies":[{"name":"wp","href":"https:\/\/api.w.org\/{rel}","templated":true}]}}